{"id":5142,"date":"2022-06-28T01:12:28","date_gmt":"2022-06-28T01:12:28","guid":{"rendered":"https:\/\/miahaircare.com\/product\/shampoing-violet-mia-haircare-dites-adieu-aux-tons-cuivres-et-embrassez-la-brillance-pour-les-cheveux-blonds-et-argentes\/"},"modified":"2024-01-11T10:35:01","modified_gmt":"2024-01-11T10:35:01","slug":"shampoing-violet-mia-haircare-dites-adieu-aux-tons-cuivres-et-embrassez-la-brillance-pour-les-cheveux-blonds-et-argentes","status":"publish","type":"product","link":"https:\/\/www.miahaircare.com\/fr\/produit\/shampoing-violet-mia-haircare-dites-adieu-aux-tons-cuivres-et-embrassez-la-brillance-pour-les-cheveux-blonds-et-argentes\/","title":{"rendered":"Shampoing violet naturel Mia Haircare &#8211; \u00c9liminez le laiton et embrassez la brillance pour les cheveux blonds et argent\u00e9s."},"content":{"rendered":"<div class=\"wpb-content-wrapper\"><p>[vc_row][vc_column][vc_column_text]<\/p>\n<div class=\"markdown markdown-main-panel\" dir=\"ltr\">\n<p data-sourcepos=\"7:1-7:234\"><strong>Abandonnez le salon et \u00e9liminez les reflets cuivr\u00e9s chez vous avec le Shampoing Violet Mia Haircare. Cette formule puissamment douce tonifie, nettoie et ravive efficacement les cheveux blonds et argent\u00e9s, les laissant \u00e9clatants et d\u00e9barrass\u00e9s des ind\u00e9sirables tons jaunes.<\/strong><\/p>\n<p data-sourcepos=\"9:1-9:197\"><strong>Enrichi en un colorant sp\u00e9cial et des ingr\u00e9dients nourrissants tels que l&rsquo;huile d&rsquo;argan, la vitamine B5 (panth\u00e9nol) et le quinoa, notre shampooing violet cible les reflets cuivr\u00e9s tout en laissant les cheveux doux, hydrat\u00e9s et lumineux.<\/strong><\/p>\n<h3 data-sourcepos=\"11:1-11:17\"><strong>Avantages cl\u00e9s :<\/strong><\/h3>\n<ul data-sourcepos=\"13:1-20:0\">\n<li data-sourcepos=\"13:1-13:46\"><strong>Neutralise les reflets cuivr\u00e9s et les tons jaunes<\/strong><\/li>\n<li data-sourcepos=\"14:1-14:44\"><strong>Tonifie et \u00e9claircit les cheveux blonds et argent\u00e9s<\/strong><\/li>\n<li data-sourcepos=\"15:1-15:29\"><strong>Am\u00e9liore la brillance et la douceur<\/strong><\/li>\n<li data-sourcepos=\"16:1-16:30\"><strong>Formule douce sans sulfate<\/strong><\/li>\n<li data-sourcepos=\"17:1-17:29\"><strong>Nourrit et hydrate les cheveux<\/strong><\/li>\n<li data-sourcepos=\"18:1-18:24\"><strong>V\u00e9gane et non test\u00e9 sur les animaux<\/strong><\/li>\n<li data-sourcepos=\"19:1-20:0\"><strong>Fabriqu\u00e9 avec des ingr\u00e9dients biologiques certifi\u00e9s<\/strong><\/li>\n<\/ul>\n<h3 data-sourcepos=\"21:1-21:27\"><strong>Informations suppl\u00e9mentaires :<\/strong><\/h3>\n<ul data-sourcepos=\"23:1-27:0\">\n<li data-sourcepos=\"23:1-23:13\"><strong>Taille : 250ml<\/strong><\/li>\n<li data-sourcepos=\"24:1-24:103\"><strong>Ingr\u00e9dients cl\u00e9s : Huile d&rsquo;argan, Vitamine B5 (Panthenol), quinoa, huile de graines de tournesol, extrait de feuille de romarin<\/strong><\/li>\n<li data-sourcepos=\"25:1-25:350\"><strong>Fi\u00e8rement fabriqu\u00e9s en Australie, les produits MIA HAIRCARE t\u00e9moignent de notre engagement envers la qualit\u00e9 et le soin. Nous avons soigneusement s\u00e9lectionn\u00e9 des ingr\u00e9dients biologiques v\u00e9ganes qui excluent les sulfates, les parab\u00e8nes, les \u00e9thoxylates, le propyl\u00e8ne glycol, les nettoyants p\u00e9trochimiques, les phtalates et le DEA. Soyez assur\u00e9, nos produits ne sont jamais test\u00e9s sur les animaux, incarnant nos valeurs de non-cruaut\u00e9.<\/strong><\/li>\n<li data-sourcepos=\"26:1-27:0\"><strong>Fabriqu\u00e9 avec des ingr\u00e9dients biologiques certifi\u00e9s<\/strong><\/li>\n<\/ul>\n<h3 data-sourcepos=\"28:1-28:19\"><strong>Commandez le v\u00f4tre d\u00e8s aujourd&rsquo;hui :<\/strong><\/h3>\n<p data-sourcepos=\"30:1-30:176\"><strong>Rehaussez votre routine capillaire et red\u00e9couvrez la brillance de vos cheveux blonds ou argent\u00e9s avec le Shampoing Violet Mia Haircare. Commandez le v\u00f4tre d\u00e8s aujourd&rsquo;hui et lib\u00e9rez l&rsquo;\u00e9clat int\u00e9rieur de vos cheveux !<\/strong><\/p>\n<\/div>\n<p>[\/vc_column_text][\/vc_column][\/vc_row]<\/p>\n<\/div>","protected":false},"excerpt":{"rendered":"<p>[vc_row][vc_column][vc_column_text] Abandonnez le salon et \u00e9liminez les reflets cuivr\u00e9s chez vous avec le Shampoing Violet Mia Haircare. Cette formule puissamment douce tonifie, nettoie et ravive efficacement les cheveux blonds et argent\u00e9s, les laissant \u00e9clatants et d\u00e9barrass\u00e9s des ind\u00e9sirables tons jaunes. Enrichi en un colorant sp\u00e9cial et des ingr\u00e9dients nourrissants tels que l&rsquo;huile d&rsquo;argan, la vitamine [&hellip;]<\/p>\n","protected":false},"featured_media":5966,"comment_status":"open","ping_status":"closed","template":"","meta":[],"product_brand":[],"product_cat":[217],"product_tag":[],"class_list":{"0":"post-5142","1":"product","2":"type-product","3":"status-publish","4":"has-post-thumbnail","6":"product_cat-soins-capillaires","8":"first","9":"instock","10":"sale","11":"featured","12":"shipping-taxable","13":"purchasable","14":"product-type-simple"},"yoast_head":"<!-- This site is optimized with the Yoast SEO plugin v27.5 - https:\/\/yoast.com\/product\/yoast-seo-wordpress\/ -->\n<title>Shampoing violet naturel v\u00e9g\u00e9talien : Ravivez et tonifiez les cheveux blonds. - Mia Haircare<\/title>\n<meta name=\"description\" content=\"Salon-worthy blonde at home. Le shampoing violet naturel v\u00e9g\u00e9talien de Mia Haircare vous offre des tons \u00e9clatants sans l&#039;\u00e9tiquette de prix d&#039;un salon. Achetez maintenant !\" \/>\n<meta name=\"robots\" content=\"index, follow, max-snippet:-1, max-image-preview:large, max-video-preview:-1\" \/>\n<link rel=\"canonical\" href=\"https:\/\/www.miahaircare.com\/fr\/produit\/shampoing-violet-mia-haircare-dites-adieu-aux-tons-cuivres-et-embrassez-la-brillance-pour-les-cheveux-blonds-et-argentes\/\" \/>\n<meta property=\"og:locale\" content=\"fr_FR\" \/>\n<meta property=\"og:type\" content=\"article\" \/>\n<meta property=\"og:title\" content=\"Shampoing violet naturel v\u00e9g\u00e9talien : Ravivez et tonifiez les cheveux blonds. - Mia Haircare\" \/>\n<meta property=\"og:description\" content=\"Salon-worthy blonde at home. Le shampoing violet naturel v\u00e9g\u00e9talien de Mia Haircare vous offre des tons \u00e9clatants sans l&#039;\u00e9tiquette de prix d&#039;un salon. Achetez maintenant !\" \/>\n<meta property=\"og:url\" content=\"https:\/\/www.miahaircare.com\/fr\/produit\/shampoing-violet-mia-haircare-dites-adieu-aux-tons-cuivres-et-embrassez-la-brillance-pour-les-cheveux-blonds-et-argentes\/\" \/>\n<meta property=\"og:site_name\" content=\"Mia Haircare\" \/>\n<meta property=\"article:publisher\" content=\"https:\/\/www.facebook.com\/MiaHaircare\" \/>\n<meta property=\"article:modified_time\" content=\"2024-01-11T10:35:01+00:00\" \/>\n<meta property=\"og:image\" content=\"https:\/\/www.miahaircare.com\/wp-content\/uploads\/2022\/06\/mia-haircare-natural-vegan-purple-shampoo.png\" \/>\n\t<meta property=\"og:image:width\" content=\"2000\" \/>\n\t<meta property=\"og:image:height\" content=\"2000\" \/>\n\t<meta property=\"og:image:type\" content=\"image\/png\" \/>\n<meta name=\"twitter:card\" content=\"summary_large_image\" \/>\n<meta name=\"twitter:site\" content=\"@HaircareMia\" \/>\n<meta name=\"twitter:label1\" content=\"Dur\u00e9e de lecture estim\u00e9e\" \/>\n\t<meta name=\"twitter:data1\" content=\"2 minutes\" \/>\n<script type=\"application\/ld+json\" class=\"yoast-schema-graph\">{\"@context\":\"https:\\\/\\\/schema.org\",\"@graph\":[{\"@type\":\"WebPage\",\"@id\":\"https:\\\/\\\/www.miahaircare.com\\\/fr\\\/produit\\\/shampoing-violet-mia-haircare-dites-adieu-aux-tons-cuivres-et-embrassez-la-brillance-pour-les-cheveux-blonds-et-argentes\\\/\",\"url\":\"https:\\\/\\\/www.miahaircare.com\\\/fr\\\/produit\\\/shampoing-violet-mia-haircare-dites-adieu-aux-tons-cuivres-et-embrassez-la-brillance-pour-les-cheveux-blonds-et-argentes\\\/\",\"name\":\"Shampoing violet naturel v\u00e9g\u00e9talien : Ravivez et tonifiez les cheveux blonds. - Mia Haircare\",\"isPartOf\":{\"@id\":\"https:\\\/\\\/www.miahaircare.com\\\/fr\\\/#website\"},\"primaryImageOfPage\":{\"@id\":\"https:\\\/\\\/www.miahaircare.com\\\/fr\\\/produit\\\/shampoing-violet-mia-haircare-dites-adieu-aux-tons-cuivres-et-embrassez-la-brillance-pour-les-cheveux-blonds-et-argentes\\\/#primaryimage\"},\"image\":{\"@id\":\"https:\\\/\\\/www.miahaircare.com\\\/fr\\\/produit\\\/shampoing-violet-mia-haircare-dites-adieu-aux-tons-cuivres-et-embrassez-la-brillance-pour-les-cheveux-blonds-et-argentes\\\/#primaryimage\"},\"thumbnailUrl\":\"https:\\\/\\\/www.miahaircare.com\\\/wp-content\\\/uploads\\\/2022\\\/06\\\/mia-haircare-natural-vegan-purple-shampoo.png\",\"datePublished\":\"2022-06-28T01:12:28+00:00\",\"dateModified\":\"2024-01-11T10:35:01+00:00\",\"description\":\"Salon-worthy blonde at home. Le shampoing violet naturel v\u00e9g\u00e9talien de Mia Haircare vous offre des tons \u00e9clatants sans l'\u00e9tiquette de prix d'un salon. Achetez maintenant !\",\"breadcrumb\":{\"@id\":\"https:\\\/\\\/www.miahaircare.com\\\/fr\\\/produit\\\/shampoing-violet-mia-haircare-dites-adieu-aux-tons-cuivres-et-embrassez-la-brillance-pour-les-cheveux-blonds-et-argentes\\\/#breadcrumb\"},\"inLanguage\":\"fr-FR\",\"potentialAction\":[{\"@type\":\"ReadAction\",\"target\":[\"https:\\\/\\\/www.miahaircare.com\\\/fr\\\/produit\\\/shampoing-violet-mia-haircare-dites-adieu-aux-tons-cuivres-et-embrassez-la-brillance-pour-les-cheveux-blonds-et-argentes\\\/\"]}]},{\"@type\":\"ImageObject\",\"inLanguage\":\"fr-FR\",\"@id\":\"https:\\\/\\\/www.miahaircare.com\\\/fr\\\/produit\\\/shampoing-violet-mia-haircare-dites-adieu-aux-tons-cuivres-et-embrassez-la-brillance-pour-les-cheveux-blonds-et-argentes\\\/#primaryimage\",\"url\":\"https:\\\/\\\/www.miahaircare.com\\\/wp-content\\\/uploads\\\/2022\\\/06\\\/mia-haircare-natural-vegan-purple-shampoo.png\",\"contentUrl\":\"https:\\\/\\\/www.miahaircare.com\\\/wp-content\\\/uploads\\\/2022\\\/06\\\/mia-haircare-natural-vegan-purple-shampoo.png\",\"width\":2000,\"height\":2000,\"caption\":\"Mia Haircare Natural Vegan Purple Shampoo - Banish Brass & Embrace Brilliance for Blonde and Silver Hair\"},{\"@type\":\"BreadcrumbList\",\"@id\":\"https:\\\/\\\/www.miahaircare.com\\\/fr\\\/produit\\\/shampoing-violet-mia-haircare-dites-adieu-aux-tons-cuivres-et-embrassez-la-brillance-pour-les-cheveux-blonds-et-argentes\\\/#breadcrumb\",\"itemListElement\":[{\"@type\":\"ListItem\",\"position\":1,\"name\":\"Home\",\"item\":\"https:\\\/\\\/www.miahaircare.com\\\/fr\\\/\"},{\"@type\":\"ListItem\",\"position\":2,\"name\":\"Boutique\",\"item\":\"https:\\\/\\\/www.miahaircare.com\\\/fr\\\/boutique\\\/\"},{\"@type\":\"ListItem\",\"position\":3,\"name\":\"Shampoing violet naturel Mia Haircare &#8211; \u00c9liminez le laiton et embrassez la brillance pour les cheveux blonds et argent\u00e9s.\"}]},{\"@type\":\"WebSite\",\"@id\":\"https:\\\/\\\/www.miahaircare.com\\\/fr\\\/#website\",\"url\":\"https:\\\/\\\/www.miahaircare.com\\\/fr\\\/\",\"name\":\"Mia Haircare\",\"description\":\"Unleash your natural radiance. Discover confidence, power, with Mia\",\"publisher\":{\"@id\":\"https:\\\/\\\/www.miahaircare.com\\\/fr\\\/#organization\"},\"potentialAction\":[{\"@type\":\"SearchAction\",\"target\":{\"@type\":\"EntryPoint\",\"urlTemplate\":\"https:\\\/\\\/www.miahaircare.com\\\/fr\\\/?s={search_term_string}\"},\"query-input\":{\"@type\":\"PropertyValueSpecification\",\"valueRequired\":true,\"valueName\":\"search_term_string\"}}],\"inLanguage\":\"fr-FR\"},{\"@type\":\"Organization\",\"@id\":\"https:\\\/\\\/www.miahaircare.com\\\/fr\\\/#organization\",\"name\":\"Mia Natural Body Care Products\",\"url\":\"https:\\\/\\\/www.miahaircare.com\\\/fr\\\/\",\"logo\":{\"@type\":\"ImageObject\",\"inLanguage\":\"fr-FR\",\"@id\":\"https:\\\/\\\/www.miahaircare.com\\\/fr\\\/#\\\/schema\\\/logo\\\/image\\\/\",\"url\":\"https:\\\/\\\/miahaircare.com\\\/wp-content\\\/uploads\\\/2023\\\/09\\\/mia-haircare-natural-australian-body-care-products-i.png\",\"contentUrl\":\"https:\\\/\\\/miahaircare.com\\\/wp-content\\\/uploads\\\/2023\\\/09\\\/mia-haircare-natural-australian-body-care-products-i.png\",\"width\":500,\"height\":500,\"caption\":\"Mia Natural Body Care Products\"},\"image\":{\"@id\":\"https:\\\/\\\/www.miahaircare.com\\\/fr\\\/#\\\/schema\\\/logo\\\/image\\\/\"},\"sameAs\":[\"https:\\\/\\\/www.facebook.com\\\/MiaHaircare\",\"https:\\\/\\\/x.com\\\/HaircareMia\",\"https:\\\/\\\/www.instagram.com\\\/miahaircare\"]}]}<\/script>\n<!-- \/ Yoast SEO plugin. -->","yoast_head_json":{"title":"Shampoing violet naturel v\u00e9g\u00e9talien : Ravivez et tonifiez les cheveux blonds. - Mia Haircare","description":"Salon-worthy blonde at home. Le shampoing violet naturel v\u00e9g\u00e9talien de Mia Haircare vous offre des tons \u00e9clatants sans l'\u00e9tiquette de prix d'un salon. Achetez maintenant !","robots":{"index":"index","follow":"follow","max-snippet":"max-snippet:-1","max-image-preview":"max-image-preview:large","max-video-preview":"max-video-preview:-1"},"canonical":"https:\/\/www.miahaircare.com\/fr\/produit\/shampoing-violet-mia-haircare-dites-adieu-aux-tons-cuivres-et-embrassez-la-brillance-pour-les-cheveux-blonds-et-argentes\/","og_locale":"fr_FR","og_type":"article","og_title":"Shampoing violet naturel v\u00e9g\u00e9talien : Ravivez et tonifiez les cheveux blonds. - Mia Haircare","og_description":"Salon-worthy blonde at home. Le shampoing violet naturel v\u00e9g\u00e9talien de Mia Haircare vous offre des tons \u00e9clatants sans l'\u00e9tiquette de prix d'un salon. Achetez maintenant !","og_url":"https:\/\/www.miahaircare.com\/fr\/produit\/shampoing-violet-mia-haircare-dites-adieu-aux-tons-cuivres-et-embrassez-la-brillance-pour-les-cheveux-blonds-et-argentes\/","og_site_name":"Mia Haircare","article_publisher":"https:\/\/www.facebook.com\/MiaHaircare","article_modified_time":"2024-01-11T10:35:01+00:00","og_image":[{"width":2000,"height":2000,"url":"https:\/\/www.miahaircare.com\/wp-content\/uploads\/2022\/06\/mia-haircare-natural-vegan-purple-shampoo.png","type":"image\/png"}],"twitter_card":"summary_large_image","twitter_site":"@HaircareMia","twitter_misc":{"Dur\u00e9e de lecture estim\u00e9e":"2 minutes"},"schema":{"@context":"https:\/\/schema.org","@graph":[{"@type":"WebPage","@id":"https:\/\/www.miahaircare.com\/fr\/produit\/shampoing-violet-mia-haircare-dites-adieu-aux-tons-cuivres-et-embrassez-la-brillance-pour-les-cheveux-blonds-et-argentes\/","url":"https:\/\/www.miahaircare.com\/fr\/produit\/shampoing-violet-mia-haircare-dites-adieu-aux-tons-cuivres-et-embrassez-la-brillance-pour-les-cheveux-blonds-et-argentes\/","name":"Shampoing violet naturel v\u00e9g\u00e9talien : Ravivez et tonifiez les cheveux blonds. - Mia Haircare","isPartOf":{"@id":"https:\/\/www.miahaircare.com\/fr\/#website"},"primaryImageOfPage":{"@id":"https:\/\/www.miahaircare.com\/fr\/produit\/shampoing-violet-mia-haircare-dites-adieu-aux-tons-cuivres-et-embrassez-la-brillance-pour-les-cheveux-blonds-et-argentes\/#primaryimage"},"image":{"@id":"https:\/\/www.miahaircare.com\/fr\/produit\/shampoing-violet-mia-haircare-dites-adieu-aux-tons-cuivres-et-embrassez-la-brillance-pour-les-cheveux-blonds-et-argentes\/#primaryimage"},"thumbnailUrl":"https:\/\/www.miahaircare.com\/wp-content\/uploads\/2022\/06\/mia-haircare-natural-vegan-purple-shampoo.png","datePublished":"2022-06-28T01:12:28+00:00","dateModified":"2024-01-11T10:35:01+00:00","description":"Salon-worthy blonde at home. Le shampoing violet naturel v\u00e9g\u00e9talien de Mia Haircare vous offre des tons \u00e9clatants sans l'\u00e9tiquette de prix d'un salon. Achetez maintenant !","breadcrumb":{"@id":"https:\/\/www.miahaircare.com\/fr\/produit\/shampoing-violet-mia-haircare-dites-adieu-aux-tons-cuivres-et-embrassez-la-brillance-pour-les-cheveux-blonds-et-argentes\/#breadcrumb"},"inLanguage":"fr-FR","potentialAction":[{"@type":"ReadAction","target":["https:\/\/www.miahaircare.com\/fr\/produit\/shampoing-violet-mia-haircare-dites-adieu-aux-tons-cuivres-et-embrassez-la-brillance-pour-les-cheveux-blonds-et-argentes\/"]}]},{"@type":"ImageObject","inLanguage":"fr-FR","@id":"https:\/\/www.miahaircare.com\/fr\/produit\/shampoing-violet-mia-haircare-dites-adieu-aux-tons-cuivres-et-embrassez-la-brillance-pour-les-cheveux-blonds-et-argentes\/#primaryimage","url":"https:\/\/www.miahaircare.com\/wp-content\/uploads\/2022\/06\/mia-haircare-natural-vegan-purple-shampoo.png","contentUrl":"https:\/\/www.miahaircare.com\/wp-content\/uploads\/2022\/06\/mia-haircare-natural-vegan-purple-shampoo.png","width":2000,"height":2000,"caption":"Mia Haircare Natural Vegan Purple Shampoo - Banish Brass & Embrace Brilliance for Blonde and Silver Hair"},{"@type":"BreadcrumbList","@id":"https:\/\/www.miahaircare.com\/fr\/produit\/shampoing-violet-mia-haircare-dites-adieu-aux-tons-cuivres-et-embrassez-la-brillance-pour-les-cheveux-blonds-et-argentes\/#breadcrumb","itemListElement":[{"@type":"ListItem","position":1,"name":"Home","item":"https:\/\/www.miahaircare.com\/fr\/"},{"@type":"ListItem","position":2,"name":"Boutique","item":"https:\/\/www.miahaircare.com\/fr\/boutique\/"},{"@type":"ListItem","position":3,"name":"Shampoing violet naturel Mia Haircare &#8211; \u00c9liminez le laiton et embrassez la brillance pour les cheveux blonds et argent\u00e9s."}]},{"@type":"WebSite","@id":"https:\/\/www.miahaircare.com\/fr\/#website","url":"https:\/\/www.miahaircare.com\/fr\/","name":"Mia Haircare","description":"Unleash your natural radiance. Discover confidence, power, with Mia","publisher":{"@id":"https:\/\/www.miahaircare.com\/fr\/#organization"},"potentialAction":[{"@type":"SearchAction","target":{"@type":"EntryPoint","urlTemplate":"https:\/\/www.miahaircare.com\/fr\/?s={search_term_string}"},"query-input":{"@type":"PropertyValueSpecification","valueRequired":true,"valueName":"search_term_string"}}],"inLanguage":"fr-FR"},{"@type":"Organization","@id":"https:\/\/www.miahaircare.com\/fr\/#organization","name":"Mia Natural Body Care Products","url":"https:\/\/www.miahaircare.com\/fr\/","logo":{"@type":"ImageObject","inLanguage":"fr-FR","@id":"https:\/\/www.miahaircare.com\/fr\/#\/schema\/logo\/image\/","url":"https:\/\/miahaircare.com\/wp-content\/uploads\/2023\/09\/mia-haircare-natural-australian-body-care-products-i.png","contentUrl":"https:\/\/miahaircare.com\/wp-content\/uploads\/2023\/09\/mia-haircare-natural-australian-body-care-products-i.png","width":500,"height":500,"caption":"Mia Natural Body Care Products"},"image":{"@id":"https:\/\/www.miahaircare.com\/fr\/#\/schema\/logo\/image\/"},"sameAs":["https:\/\/www.facebook.com\/MiaHaircare","https:\/\/x.com\/HaircareMia","https:\/\/www.instagram.com\/miahaircare"]}]}},"_links":{"self":[{"href":"https:\/\/www.miahaircare.com\/fr\/wp-json\/wp\/v2\/product\/5142","targetHints":{"allow":["GET"]}}],"collection":[{"href":"https:\/\/www.miahaircare.com\/fr\/wp-json\/wp\/v2\/product"}],"about":[{"href":"https:\/\/www.miahaircare.com\/fr\/wp-json\/wp\/v2\/types\/product"}],"replies":[{"embeddable":true,"href":"https:\/\/www.miahaircare.com\/fr\/wp-json\/wp\/v2\/comments?post=5142"}],"wp:featuredmedia":[{"embeddable":true,"href":"https:\/\/www.miahaircare.com\/fr\/wp-json\/wp\/v2\/media\/5966"}],"wp:attachment":[{"href":"https:\/\/www.miahaircare.com\/fr\/wp-json\/wp\/v2\/media?parent=5142"}],"wp:term":[{"taxonomy":"product_brand","embeddable":true,"href":"https:\/\/www.miahaircare.com\/fr\/wp-json\/wp\/v2\/product_brand?post=5142"},{"taxonomy":"product_cat","embeddable":true,"href":"https:\/\/www.miahaircare.com\/fr\/wp-json\/wp\/v2\/product_cat?post=5142"},{"taxonomy":"product_tag","embeddable":true,"href":"https:\/\/www.miahaircare.com\/fr\/wp-json\/wp\/v2\/product_tag?post=5142"}],"curies":[{"name":"wp","href":"https:\/\/api.w.org\/{rel}","templated":true}]}}