{"id":5136,"date":"2022-06-23T01:55:19","date_gmt":"2022-06-23T01:55:19","guid":{"rendered":"https:\/\/miahaircare.com\/product\/apres-shampoing-violet-mia-haircare-demelage-doux-et-hydratation-avec-pouvoir-tonifiant-pour-cheveux-blonds-et-argentes\/"},"modified":"2024-01-15T08:41:14","modified_gmt":"2024-01-15T08:41:14","slug":"apres-shampoing-violet-mia-haircare-demelage-doux-et-hydratation-avec-pouvoir-tonifiant-pour-cheveux-blonds-et-argentes","status":"publish","type":"product","link":"https:\/\/www.miahaircare.com\/fr\/produit\/apres-shampoing-violet-mia-haircare-demelage-doux-et-hydratation-avec-pouvoir-tonifiant-pour-cheveux-blonds-et-argentes\/","title":{"rendered":"Apr\u00e8s-shampoing violet naturel Mia Haircare &#8211; D\u00e9m\u00ealage en douceur et hydratation avec un pouvoir tonifiant pour les cheveux blonds et argent\u00e9s."},"content":{"rendered":"<div class=\"wpb-content-wrapper\"><p>[vc_row][vc_column][vc_column_text]<\/p>\n<div class=\"markdown markdown-main-panel\" dir=\"ltr\">\n<div class=\"markdown markdown-main-panel\" dir=\"ltr\">\n<p data-sourcepos=\"9:1-9:259\"><strong>Dites adieu aux tons cuivr\u00e9s et lib\u00e9rez l&rsquo;\u00e9clat frais et rayonnant de vos cheveux blonds ou gris avec l&rsquo;Apr\u00e8s-shampoing violet Mia Haircare. Cette formule luxueuse et l\u00e9g\u00e8re accomplit deux t\u00e2ches \u00e0 la perfection, en tonifiant efficacement tout en nourrissant et d\u00e9m\u00ealant profond\u00e9ment vos m\u00e8ches.<\/strong><\/p>\n<\/div>\n<\/div>\n<div class=\"markdown markdown-main-panel\" dir=\"ltr\">\n<p data-sourcepos=\"13:1-13:298\"><strong>Infus\u00e9 avec un pigment violet subtil et des ingr\u00e9dients biologiques certifi\u00e9s tels que l&rsquo;huile d&rsquo;argan, le quinoa et l&rsquo;huile de graines de tournesol, notre apr\u00e8s-shampoing neutralise les tons jaunes ind\u00e9sirables et insuffle \u00e0 vos cheveux une vitalit\u00e9 durable. Dites adieu \u00e0 la s\u00e9cheresse et bonjour \u00e0 des m\u00e8ches soyeuses et lisses qui se g\u00e8rent magnifiquement.<\/strong><\/p>\n<h3 data-sourcepos=\"15:1-15:17\"><strong>Avantages cl\u00e9s :<\/strong><\/h3>\n<ul data-sourcepos=\"17:1-17:20\">\n<li data-sourcepos=\"17:1-17:20\"><strong>Neutralise les tons cuivr\u00e9s et jaunes<\/strong><\/li>\n<li data-sourcepos=\"18:1-18:54\"><strong>Am\u00e9liore et maintient les nuances blondes et grises froides<\/strong><\/li>\n<li data-sourcepos=\"19:1-19:31\"><strong>Hydrate et nourrit en profondeur<\/strong><\/li>\n<li data-sourcepos=\"20:1-20:52\"><strong>D\u00e9m\u00eale et lisse pour une gestion facile<\/strong><\/li>\n<li data-sourcepos=\"21:1-21:30\"><strong>Formule douce sans sulfate<\/strong><\/li>\n<li data-sourcepos=\"22:1-22:24\"><strong>Naturel, v\u00e9g\u00e9talien et non test\u00e9 sur les animaux<\/strong><\/li>\n<li data-sourcepos=\"23:1-23:41\"><strong>Fabriqu\u00e9 avec des ingr\u00e9dients biologiques certifi\u00e9s<\/strong><\/li>\n<li data-sourcepos=\"24:1-25:0\"><strong>Fabriqu\u00e9 en Australie<\/strong><\/li>\n<\/ul>\n<h3 data-sourcepos=\"26:1-26:27\"><strong>Informations suppl\u00e9mentaires :<\/strong><\/h3>\n<ul data-sourcepos=\"28:1-31:0\">\n<li data-sourcepos=\"28:1-28:13\"><strong>Taille : 250ml<\/strong><\/li>\n<li data-sourcepos=\"29:1-29:79\"><strong>Ingr\u00e9dients cl\u00e9s : Huile d&rsquo;argan, quinoa, huile de graines de tournesol, extrait de feuille de romarin<\/strong><\/li>\n<li data-sourcepos=\"30:1-31:0\"><strong>Fi\u00e8rement fabriqu\u00e9s en Australie, les produits MIA HAIRCARE t\u00e9moignent de notre engagement envers la qualit\u00e9 et le soin. Nous avons soigneusement s\u00e9lectionn\u00e9 des ingr\u00e9dients biologiques v\u00e9ganes qui excluent les sulfates, les parab\u00e8nes, les \u00e9thoxylates, le propyl\u00e8ne glycol, les nettoyants p\u00e9trochimiques, les phtalates et le DEA. Soyez assur\u00e9, nos produits ne sont jamais test\u00e9s sur les animaux, incarnant nos valeurs de non-cruaut\u00e9.<\/strong><\/li>\n<\/ul>\n<h3><strong>Commandez le v\u00f4tre d\u00e8s aujourd&rsquo;hui :<\/strong><\/h3>\n<p data-sourcepos=\"34:1-34:173\"><strong>Transformez votre routine capillaire et retrouvez l&rsquo;\u00e9clat de vos cheveux blonds ou gris avec l&rsquo;Apr\u00e8s-shampoing Violet Mia Haircare. Commandez le v\u00f4tre d\u00e8s aujourd&rsquo;hui et lib\u00e9rez la superstar capillaire qui est en vous !<\/strong><\/p>\n<\/div>\n<p>[\/vc_column_text][\/vc_column][\/vc_row]<\/p>\n<\/div>","protected":false},"excerpt":{"rendered":"<p>[vc_row][vc_column][vc_column_text] Dites adieu aux tons cuivr\u00e9s et lib\u00e9rez l&rsquo;\u00e9clat frais et rayonnant de vos cheveux blonds ou gris avec l&rsquo;Apr\u00e8s-shampoing violet Mia Haircare. Cette formule luxueuse et l\u00e9g\u00e8re accomplit deux t\u00e2ches \u00e0 la perfection, en tonifiant efficacement tout en nourrissant et d\u00e9m\u00ealant profond\u00e9ment vos m\u00e8ches. Infus\u00e9 avec un pigment violet subtil et des ingr\u00e9dients biologiques [&hellip;]<\/p>\n","protected":false},"featured_media":5849,"comment_status":"open","ping_status":"closed","template":"","meta":[],"product_brand":[],"product_cat":[217],"product_tag":[],"class_list":{"0":"post-5136","1":"product","2":"type-product","3":"status-publish","4":"has-post-thumbnail","6":"product_cat-soins-capillaires","8":"first","9":"instock","10":"sale","11":"featured","12":"shipping-taxable","13":"purchasable","14":"product-type-simple"},"yoast_head":"<!-- This site is optimized with the Yoast SEO plugin v27.5 - https:\/\/yoast.com\/product\/yoast-seo-wordpress\/ -->\n<title>Apr\u00e8s-shampoing violet Mia Haircare : \u00c9limine le laiton, renforce la brillance pour les cheveux blonds et argent\u00e9s. - Mia Haircare<\/title>\n<meta name=\"description\" content=\"Adieu le cuivr\u00e9 ! L&#039;apr\u00e8s-shampoing violet Mia Haircare neutralise les tons jaunes ind\u00e9sirables, nourrit en profondeur et d\u00e9m\u00eale pour des cheveux blonds et argent\u00e9s frais et \u00e9clatants. Naturel, v\u00e9g\u00e9talien et sans cruaut\u00e9 !\" \/>\n<meta name=\"robots\" content=\"index, follow, max-snippet:-1, max-image-preview:large, max-video-preview:-1\" \/>\n<link rel=\"canonical\" href=\"https:\/\/www.miahaircare.com\/fr\/produit\/apres-shampoing-violet-mia-haircare-demelage-doux-et-hydratation-avec-pouvoir-tonifiant-pour-cheveux-blonds-et-argentes\/\" \/>\n<meta property=\"og:locale\" content=\"fr_FR\" \/>\n<meta property=\"og:type\" content=\"article\" \/>\n<meta property=\"og:title\" content=\"Apr\u00e8s-shampoing violet Mia Haircare : \u00c9limine le laiton, renforce la brillance pour les cheveux blonds et argent\u00e9s. - Mia Haircare\" \/>\n<meta property=\"og:description\" content=\"Adieu le cuivr\u00e9 ! L&#039;apr\u00e8s-shampoing violet Mia Haircare neutralise les tons jaunes ind\u00e9sirables, nourrit en profondeur et d\u00e9m\u00eale pour des cheveux blonds et argent\u00e9s frais et \u00e9clatants. Naturel, v\u00e9g\u00e9talien et sans cruaut\u00e9 !\" \/>\n<meta property=\"og:url\" content=\"https:\/\/www.miahaircare.com\/fr\/produit\/apres-shampoing-violet-mia-haircare-demelage-doux-et-hydratation-avec-pouvoir-tonifiant-pour-cheveux-blonds-et-argentes\/\" \/>\n<meta property=\"og:site_name\" content=\"Mia Haircare\" \/>\n<meta property=\"article:publisher\" content=\"https:\/\/www.facebook.com\/MiaHaircare\" \/>\n<meta property=\"article:modified_time\" content=\"2024-01-15T08:41:14+00:00\" \/>\n<meta property=\"og:image\" content=\"https:\/\/www.miahaircare.com\/wp-content\/uploads\/2023\/10\/mia-haircare-natural-vegan-purple-conditioner-595x595.png\" \/>\n\t<meta property=\"og:image:width\" content=\"595\" \/>\n\t<meta property=\"og:image:height\" content=\"595\" \/>\n\t<meta property=\"og:image:type\" content=\"image\/png\" \/>\n<meta name=\"twitter:card\" content=\"summary_large_image\" \/>\n<meta name=\"twitter:site\" content=\"@HaircareMia\" \/>\n<meta name=\"twitter:label1\" content=\"Dur\u00e9e de lecture estim\u00e9e\" \/>\n\t<meta name=\"twitter:data1\" content=\"2 minutes\" \/>\n<script type=\"application\/ld+json\" class=\"yoast-schema-graph\">{\"@context\":\"https:\\\/\\\/schema.org\",\"@graph\":[{\"@type\":\"WebPage\",\"@id\":\"https:\\\/\\\/www.miahaircare.com\\\/fr\\\/produit\\\/apres-shampoing-violet-mia-haircare-demelage-doux-et-hydratation-avec-pouvoir-tonifiant-pour-cheveux-blonds-et-argentes\\\/\",\"url\":\"https:\\\/\\\/www.miahaircare.com\\\/fr\\\/produit\\\/apres-shampoing-violet-mia-haircare-demelage-doux-et-hydratation-avec-pouvoir-tonifiant-pour-cheveux-blonds-et-argentes\\\/\",\"name\":\"Apr\u00e8s-shampoing violet Mia Haircare : \u00c9limine le laiton, renforce la brillance pour les cheveux blonds et argent\u00e9s. - Mia Haircare\",\"isPartOf\":{\"@id\":\"https:\\\/\\\/www.miahaircare.com\\\/fr\\\/#website\"},\"primaryImageOfPage\":{\"@id\":\"https:\\\/\\\/www.miahaircare.com\\\/fr\\\/produit\\\/apres-shampoing-violet-mia-haircare-demelage-doux-et-hydratation-avec-pouvoir-tonifiant-pour-cheveux-blonds-et-argentes\\\/#primaryimage\"},\"image\":{\"@id\":\"https:\\\/\\\/www.miahaircare.com\\\/fr\\\/produit\\\/apres-shampoing-violet-mia-haircare-demelage-doux-et-hydratation-avec-pouvoir-tonifiant-pour-cheveux-blonds-et-argentes\\\/#primaryimage\"},\"thumbnailUrl\":\"https:\\\/\\\/www.miahaircare.com\\\/wp-content\\\/uploads\\\/2023\\\/10\\\/mia-haircare-natural-vegan-purple-conditioner.png\",\"datePublished\":\"2022-06-23T01:55:19+00:00\",\"dateModified\":\"2024-01-15T08:41:14+00:00\",\"description\":\"Adieu le cuivr\u00e9 ! L'apr\u00e8s-shampoing violet Mia Haircare neutralise les tons jaunes ind\u00e9sirables, nourrit en profondeur et d\u00e9m\u00eale pour des cheveux blonds et argent\u00e9s frais et \u00e9clatants. Naturel, v\u00e9g\u00e9talien et sans cruaut\u00e9 !\",\"breadcrumb\":{\"@id\":\"https:\\\/\\\/www.miahaircare.com\\\/fr\\\/produit\\\/apres-shampoing-violet-mia-haircare-demelage-doux-et-hydratation-avec-pouvoir-tonifiant-pour-cheveux-blonds-et-argentes\\\/#breadcrumb\"},\"inLanguage\":\"fr-FR\",\"potentialAction\":[{\"@type\":\"ReadAction\",\"target\":[\"https:\\\/\\\/www.miahaircare.com\\\/fr\\\/produit\\\/apres-shampoing-violet-mia-haircare-demelage-doux-et-hydratation-avec-pouvoir-tonifiant-pour-cheveux-blonds-et-argentes\\\/\"]}]},{\"@type\":\"ImageObject\",\"inLanguage\":\"fr-FR\",\"@id\":\"https:\\\/\\\/www.miahaircare.com\\\/fr\\\/produit\\\/apres-shampoing-violet-mia-haircare-demelage-doux-et-hydratation-avec-pouvoir-tonifiant-pour-cheveux-blonds-et-argentes\\\/#primaryimage\",\"url\":\"https:\\\/\\\/www.miahaircare.com\\\/wp-content\\\/uploads\\\/2023\\\/10\\\/mia-haircare-natural-vegan-purple-conditioner.png\",\"contentUrl\":\"https:\\\/\\\/www.miahaircare.com\\\/wp-content\\\/uploads\\\/2023\\\/10\\\/mia-haircare-natural-vegan-purple-conditioner.png\",\"width\":2000,\"height\":2000,\"caption\":\"Natural, vegan magic for blonde & silver hair! Mia Haircare's Purple Conditioner: sulfate-free, organic, cruelty-free. Neutralizes brass, enhances cool tones, hydrates, & detangles. Made in Australia with love.\"},{\"@type\":\"BreadcrumbList\",\"@id\":\"https:\\\/\\\/www.miahaircare.com\\\/fr\\\/produit\\\/apres-shampoing-violet-mia-haircare-demelage-doux-et-hydratation-avec-pouvoir-tonifiant-pour-cheveux-blonds-et-argentes\\\/#breadcrumb\",\"itemListElement\":[{\"@type\":\"ListItem\",\"position\":1,\"name\":\"Home\",\"item\":\"https:\\\/\\\/www.miahaircare.com\\\/fr\\\/\"},{\"@type\":\"ListItem\",\"position\":2,\"name\":\"Boutique\",\"item\":\"https:\\\/\\\/www.miahaircare.com\\\/fr\\\/boutique\\\/\"},{\"@type\":\"ListItem\",\"position\":3,\"name\":\"Apr\u00e8s-shampoing violet naturel Mia Haircare &#8211; D\u00e9m\u00ealage en douceur et hydratation avec un pouvoir tonifiant pour les cheveux blonds et argent\u00e9s.\"}]},{\"@type\":\"WebSite\",\"@id\":\"https:\\\/\\\/www.miahaircare.com\\\/fr\\\/#website\",\"url\":\"https:\\\/\\\/www.miahaircare.com\\\/fr\\\/\",\"name\":\"Mia Haircare\",\"description\":\"Unleash your natural radiance. Discover confidence, power, with Mia\",\"publisher\":{\"@id\":\"https:\\\/\\\/www.miahaircare.com\\\/fr\\\/#organization\"},\"potentialAction\":[{\"@type\":\"SearchAction\",\"target\":{\"@type\":\"EntryPoint\",\"urlTemplate\":\"https:\\\/\\\/www.miahaircare.com\\\/fr\\\/?s={search_term_string}\"},\"query-input\":{\"@type\":\"PropertyValueSpecification\",\"valueRequired\":true,\"valueName\":\"search_term_string\"}}],\"inLanguage\":\"fr-FR\"},{\"@type\":\"Organization\",\"@id\":\"https:\\\/\\\/www.miahaircare.com\\\/fr\\\/#organization\",\"name\":\"Mia Natural Body Care Products\",\"url\":\"https:\\\/\\\/www.miahaircare.com\\\/fr\\\/\",\"logo\":{\"@type\":\"ImageObject\",\"inLanguage\":\"fr-FR\",\"@id\":\"https:\\\/\\\/www.miahaircare.com\\\/fr\\\/#\\\/schema\\\/logo\\\/image\\\/\",\"url\":\"https:\\\/\\\/miahaircare.com\\\/wp-content\\\/uploads\\\/2023\\\/09\\\/mia-haircare-natural-australian-body-care-products-i.png\",\"contentUrl\":\"https:\\\/\\\/miahaircare.com\\\/wp-content\\\/uploads\\\/2023\\\/09\\\/mia-haircare-natural-australian-body-care-products-i.png\",\"width\":500,\"height\":500,\"caption\":\"Mia Natural Body Care Products\"},\"image\":{\"@id\":\"https:\\\/\\\/www.miahaircare.com\\\/fr\\\/#\\\/schema\\\/logo\\\/image\\\/\"},\"sameAs\":[\"https:\\\/\\\/www.facebook.com\\\/MiaHaircare\",\"https:\\\/\\\/x.com\\\/HaircareMia\",\"https:\\\/\\\/www.instagram.com\\\/miahaircare\"]}]}<\/script>\n<!-- \/ Yoast SEO plugin. -->","yoast_head_json":{"title":"Apr\u00e8s-shampoing violet Mia Haircare : \u00c9limine le laiton, renforce la brillance pour les cheveux blonds et argent\u00e9s. - Mia Haircare","description":"Adieu le cuivr\u00e9 ! L'apr\u00e8s-shampoing violet Mia Haircare neutralise les tons jaunes ind\u00e9sirables, nourrit en profondeur et d\u00e9m\u00eale pour des cheveux blonds et argent\u00e9s frais et \u00e9clatants. Naturel, v\u00e9g\u00e9talien et sans cruaut\u00e9 !","robots":{"index":"index","follow":"follow","max-snippet":"max-snippet:-1","max-image-preview":"max-image-preview:large","max-video-preview":"max-video-preview:-1"},"canonical":"https:\/\/www.miahaircare.com\/fr\/produit\/apres-shampoing-violet-mia-haircare-demelage-doux-et-hydratation-avec-pouvoir-tonifiant-pour-cheveux-blonds-et-argentes\/","og_locale":"fr_FR","og_type":"article","og_title":"Apr\u00e8s-shampoing violet Mia Haircare : \u00c9limine le laiton, renforce la brillance pour les cheveux blonds et argent\u00e9s. - Mia Haircare","og_description":"Adieu le cuivr\u00e9 ! L'apr\u00e8s-shampoing violet Mia Haircare neutralise les tons jaunes ind\u00e9sirables, nourrit en profondeur et d\u00e9m\u00eale pour des cheveux blonds et argent\u00e9s frais et \u00e9clatants. Naturel, v\u00e9g\u00e9talien et sans cruaut\u00e9 !","og_url":"https:\/\/www.miahaircare.com\/fr\/produit\/apres-shampoing-violet-mia-haircare-demelage-doux-et-hydratation-avec-pouvoir-tonifiant-pour-cheveux-blonds-et-argentes\/","og_site_name":"Mia Haircare","article_publisher":"https:\/\/www.facebook.com\/MiaHaircare","article_modified_time":"2024-01-15T08:41:14+00:00","og_image":[{"width":595,"height":595,"url":"https:\/\/www.miahaircare.com\/wp-content\/uploads\/2023\/10\/mia-haircare-natural-vegan-purple-conditioner-595x595.png","type":"image\/png"}],"twitter_card":"summary_large_image","twitter_site":"@HaircareMia","twitter_misc":{"Dur\u00e9e de lecture estim\u00e9e":"2 minutes"},"schema":{"@context":"https:\/\/schema.org","@graph":[{"@type":"WebPage","@id":"https:\/\/www.miahaircare.com\/fr\/produit\/apres-shampoing-violet-mia-haircare-demelage-doux-et-hydratation-avec-pouvoir-tonifiant-pour-cheveux-blonds-et-argentes\/","url":"https:\/\/www.miahaircare.com\/fr\/produit\/apres-shampoing-violet-mia-haircare-demelage-doux-et-hydratation-avec-pouvoir-tonifiant-pour-cheveux-blonds-et-argentes\/","name":"Apr\u00e8s-shampoing violet Mia Haircare : \u00c9limine le laiton, renforce la brillance pour les cheveux blonds et argent\u00e9s. - Mia Haircare","isPartOf":{"@id":"https:\/\/www.miahaircare.com\/fr\/#website"},"primaryImageOfPage":{"@id":"https:\/\/www.miahaircare.com\/fr\/produit\/apres-shampoing-violet-mia-haircare-demelage-doux-et-hydratation-avec-pouvoir-tonifiant-pour-cheveux-blonds-et-argentes\/#primaryimage"},"image":{"@id":"https:\/\/www.miahaircare.com\/fr\/produit\/apres-shampoing-violet-mia-haircare-demelage-doux-et-hydratation-avec-pouvoir-tonifiant-pour-cheveux-blonds-et-argentes\/#primaryimage"},"thumbnailUrl":"https:\/\/www.miahaircare.com\/wp-content\/uploads\/2023\/10\/mia-haircare-natural-vegan-purple-conditioner.png","datePublished":"2022-06-23T01:55:19+00:00","dateModified":"2024-01-15T08:41:14+00:00","description":"Adieu le cuivr\u00e9 ! L'apr\u00e8s-shampoing violet Mia Haircare neutralise les tons jaunes ind\u00e9sirables, nourrit en profondeur et d\u00e9m\u00eale pour des cheveux blonds et argent\u00e9s frais et \u00e9clatants. Naturel, v\u00e9g\u00e9talien et sans cruaut\u00e9 !","breadcrumb":{"@id":"https:\/\/www.miahaircare.com\/fr\/produit\/apres-shampoing-violet-mia-haircare-demelage-doux-et-hydratation-avec-pouvoir-tonifiant-pour-cheveux-blonds-et-argentes\/#breadcrumb"},"inLanguage":"fr-FR","potentialAction":[{"@type":"ReadAction","target":["https:\/\/www.miahaircare.com\/fr\/produit\/apres-shampoing-violet-mia-haircare-demelage-doux-et-hydratation-avec-pouvoir-tonifiant-pour-cheveux-blonds-et-argentes\/"]}]},{"@type":"ImageObject","inLanguage":"fr-FR","@id":"https:\/\/www.miahaircare.com\/fr\/produit\/apres-shampoing-violet-mia-haircare-demelage-doux-et-hydratation-avec-pouvoir-tonifiant-pour-cheveux-blonds-et-argentes\/#primaryimage","url":"https:\/\/www.miahaircare.com\/wp-content\/uploads\/2023\/10\/mia-haircare-natural-vegan-purple-conditioner.png","contentUrl":"https:\/\/www.miahaircare.com\/wp-content\/uploads\/2023\/10\/mia-haircare-natural-vegan-purple-conditioner.png","width":2000,"height":2000,"caption":"Natural, vegan magic for blonde & silver hair! Mia Haircare's Purple Conditioner: sulfate-free, organic, cruelty-free. Neutralizes brass, enhances cool tones, hydrates, & detangles. Made in Australia with love."},{"@type":"BreadcrumbList","@id":"https:\/\/www.miahaircare.com\/fr\/produit\/apres-shampoing-violet-mia-haircare-demelage-doux-et-hydratation-avec-pouvoir-tonifiant-pour-cheveux-blonds-et-argentes\/#breadcrumb","itemListElement":[{"@type":"ListItem","position":1,"name":"Home","item":"https:\/\/www.miahaircare.com\/fr\/"},{"@type":"ListItem","position":2,"name":"Boutique","item":"https:\/\/www.miahaircare.com\/fr\/boutique\/"},{"@type":"ListItem","position":3,"name":"Apr\u00e8s-shampoing violet naturel Mia Haircare &#8211; D\u00e9m\u00ealage en douceur et hydratation avec un pouvoir tonifiant pour les cheveux blonds et argent\u00e9s."}]},{"@type":"WebSite","@id":"https:\/\/www.miahaircare.com\/fr\/#website","url":"https:\/\/www.miahaircare.com\/fr\/","name":"Mia Haircare","description":"Unleash your natural radiance. Discover confidence, power, with Mia","publisher":{"@id":"https:\/\/www.miahaircare.com\/fr\/#organization"},"potentialAction":[{"@type":"SearchAction","target":{"@type":"EntryPoint","urlTemplate":"https:\/\/www.miahaircare.com\/fr\/?s={search_term_string}"},"query-input":{"@type":"PropertyValueSpecification","valueRequired":true,"valueName":"search_term_string"}}],"inLanguage":"fr-FR"},{"@type":"Organization","@id":"https:\/\/www.miahaircare.com\/fr\/#organization","name":"Mia Natural Body Care Products","url":"https:\/\/www.miahaircare.com\/fr\/","logo":{"@type":"ImageObject","inLanguage":"fr-FR","@id":"https:\/\/www.miahaircare.com\/fr\/#\/schema\/logo\/image\/","url":"https:\/\/miahaircare.com\/wp-content\/uploads\/2023\/09\/mia-haircare-natural-australian-body-care-products-i.png","contentUrl":"https:\/\/miahaircare.com\/wp-content\/uploads\/2023\/09\/mia-haircare-natural-australian-body-care-products-i.png","width":500,"height":500,"caption":"Mia Natural Body Care Products"},"image":{"@id":"https:\/\/www.miahaircare.com\/fr\/#\/schema\/logo\/image\/"},"sameAs":["https:\/\/www.facebook.com\/MiaHaircare","https:\/\/x.com\/HaircareMia","https:\/\/www.instagram.com\/miahaircare"]}]}},"_links":{"self":[{"href":"https:\/\/www.miahaircare.com\/fr\/wp-json\/wp\/v2\/product\/5136","targetHints":{"allow":["GET"]}}],"collection":[{"href":"https:\/\/www.miahaircare.com\/fr\/wp-json\/wp\/v2\/product"}],"about":[{"href":"https:\/\/www.miahaircare.com\/fr\/wp-json\/wp\/v2\/types\/product"}],"replies":[{"embeddable":true,"href":"https:\/\/www.miahaircare.com\/fr\/wp-json\/wp\/v2\/comments?post=5136"}],"wp:featuredmedia":[{"embeddable":true,"href":"https:\/\/www.miahaircare.com\/fr\/wp-json\/wp\/v2\/media\/5849"}],"wp:attachment":[{"href":"https:\/\/www.miahaircare.com\/fr\/wp-json\/wp\/v2\/media?parent=5136"}],"wp:term":[{"taxonomy":"product_brand","embeddable":true,"href":"https:\/\/www.miahaircare.com\/fr\/wp-json\/wp\/v2\/product_brand?post=5136"},{"taxonomy":"product_cat","embeddable":true,"href":"https:\/\/www.miahaircare.com\/fr\/wp-json\/wp\/v2\/product_cat?post=5136"},{"taxonomy":"product_tag","embeddable":true,"href":"https:\/\/www.miahaircare.com\/fr\/wp-json\/wp\/v2\/product_tag?post=5136"}],"curies":[{"name":"wp","href":"https:\/\/api.w.org\/{rel}","templated":true}]}}