{"id":5066,"date":"2019-10-21T07:42:41","date_gmt":"2019-10-21T07:42:41","guid":{"rendered":"https:\/\/miahaircare.com\/a-propos-de-nous\/"},"modified":"2024-01-11T08:52:25","modified_gmt":"2024-01-11T08:52:25","slug":"a-propos-de-nous","status":"publish","type":"page","link":"https:\/\/www.miahaircare.com\/fr\/a-propos-de-nous\/","title":{"rendered":"\u00c0 propos de nous"},"content":{"rendered":"<div class=\"wpb-content-wrapper\"><p>[vc_row el_class=\u00a0\u00bbmargin-top-60&Prime;][vc_column]    <div class=\"nasa-sc-carousel-main nasa-bullets-center\">\r\n                <div \r\n            class=\"nasa-slick-slider nasa-not-elementor-style nasa-slick-nav\"\r\n            data-autoplay=\"false\"\r\n            data-loop=\"false\"\r\n            data-speed=\"600\"\r\n            data-dot=\"true\"\r\n            data-columns=\"1\"\r\n            data-columns-small=\"1\"\r\n            data-columns-tablet=\"1\"\r\n            data-switch-tablet=\"767\"\r\n            data-switch-desktop=\"1024\"\r\n            >\r\n            [vc_column_text]<\/p>\n<h1 class=\"text-center\" style=\"font-weight: 800;\">\u00ab\u00a0Bienvenue chez Mia Haircare : Nourrir naturellement la beaut\u00e9.\u00a0\u00bb<\/h1>\n<p>[\/vc_column_text]        <\/div>\r\n    <\/div>\r\n    [\/vc_column][\/vc_row][vc_row el_class=\u00a0\u00bbmargin-top-50 margin-bottom-60 mobile-margin-top-0&Prime;][vc_column width=\u00a0\u00bb1\/2&Prime; el_class=\u00a0\u00bbpadding-right-40 padding-top-50 padding-side-mobile-0 mobile-margin-bottom-50 mobile-padding-top-10&Prime;][vc_row_inner][vc_column_inner el_class=\u00a0\u00bbpadding-right-60 padding-side-mobile-0&Prime;][vc_column_text]<strong>Chez Mia Haircare, nous nous engageons \u00e0 \u00e9tablir une nouvelle norme en mati\u00e8re de produits de soins pour le corps naturels, v\u00e9g\u00e9taliens et biologiques, fabriqu\u00e9s avec fiert\u00e9 au c\u0153ur de l&rsquo;Australie, partageant cette excellence avec le monde entier. Notre parcours a commenc\u00e9 en 2021 avec une vision simple mais puissante : red\u00e9finir la beaut\u00e9 en embrassant la puret\u00e9 de la nature. Nous croyons que la beaut\u00e9 ne se limite pas \u00e0 avoir un bel aspect ; elle concerne aussi le bien-\u00eatre, \u00e0 l&rsquo;int\u00e9rieur comme \u00e0 l&rsquo;ext\u00e9rieur.<\/strong><\/p>\n<h2><strong>Notre histoire<\/strong><\/h2>\n<p><strong>Anim\u00e9 par une passion pour la beaut\u00e9 holistique, notre fondateur s&rsquo;est lanc\u00e9 dans une mission pour cr\u00e9er une gamme de produits capillaires qui honorent le corps et la plan\u00e8te, ici-m\u00eame en Australie. Ce qui a commenc\u00e9 comme une entreprise sinc\u00e8re est devenu Mia Haircare, une marque engag\u00e9e \u00e0 offrir des solutions luxueuses et v\u00e9g\u00e9tales pour votre routine beaut\u00e9.<\/strong><\/p>\n<h2><strong>Notre philosophie<\/strong><\/h2>\n<p><strong>Chez Mia Haircare, nous d\u00e9fendons trois principes fondamentaux :<\/strong><\/p>\n<p><strong>Bont\u00e9 naturelle : Nous nous consacrons \u00e0 exploiter la puissance inh\u00e9rente des \u00e9l\u00e9ments naturels de l&rsquo;Australie. Notre engagement va au-del\u00e0 de la cr\u00e9ation de produits exceptionnels pour les cheveux ; il embrasse une vision d&rsquo;utilisation de la diversit\u00e9 des richesses de la nature australienne pour les soins capillaires et corporels. Nous rassemblons m\u00e9ticuleusement les meilleures ressources naturelles, en tirant leurs propri\u00e9t\u00e9s enrichissantes pour cr\u00e9er des produits qui favorisent des cheveux sains et \u00e9clatants, tout en nourrissant la peau, avec des projets d&rsquo;\u00e9largir notre gamme pour r\u00e9pondre \u00e0 l&rsquo;ensemble de votre routine beaut\u00e9.<\/strong><\/p>\n<p><strong>Engagement v\u00e9gan : Adoptant une approche sans cruaut\u00e9, toutes nos formulations sont fi\u00e8rement v\u00e9ganes, garantissant l&rsquo;absence de tests sur les animaux ou d&rsquo;ingr\u00e9dients d&rsquo;origine animale.<\/strong><\/p>\n<p><strong>Excellence fabriqu\u00e9e en Australie : Notre d\u00e9vouement \u00e0 la qualit\u00e9 se refl\u00e8te dans nos racines. Chaque produit est m\u00e9ticuleusement fabriqu\u00e9 en Australie, respectant les normes les plus \u00e9lev\u00e9es en termes de savoir-faire et de durabilit\u00e9.<\/strong><\/p>\n<h2><strong>Notre promesse<\/strong><\/h2>\n<p><strong>Nous visons l&rsquo;excellence dans chaque flacon que nous cr\u00e9ons, en respectant les normes les plus \u00e9lev\u00e9es en mati\u00e8re de qualit\u00e9, de puret\u00e9 et d&rsquo;efficacit\u00e9. Notre engagement va au-del\u00e0 de la fourniture de produits exceptionnels ; il s&rsquo;agit de favoriser une communaut\u00e9 bas\u00e9e sur la confiance, la transparence et des valeurs partag\u00e9es.<\/strong><\/p>\n<h2><strong>Rejoignez-nous<\/strong><\/h2>\n<p><strong>Que vous soyez nouveau chez Mia Haircare ou que vous nous accompagniez depuis le d\u00e9but, nous vous invitons \u00e0 d\u00e9couvrir la diff\u00e9rence que la bont\u00e9 de la nature, associ\u00e9e \u00e0 l&rsquo;expertise australienne, peut apporter \u00e0 votre routine beaut\u00e9.<\/strong><\/p>\n<p><strong>Merci d&rsquo;avoir fait partie de notre histoire.<\/strong><\/p>\n<p><strong>Chaleureusement,<\/strong><br \/>\n<strong>Mia Haircare.<\/strong>[\/vc_column_text][vc_empty_space height=\u00a0\u00bb60px\u00a0\u00bb][\/vc_column_inner][\/vc_row_inner][\/vc_column][vc_column width=\u00a0\u00bb1\/2&Prime;][vc_row_inner][vc_column_inner]<div class=\"banner nasa-banner\" data-wow-delay=\"0ms\" style=\"height: 655px;\"><div class=\"banner-image nasa-banner-image ns-banner-bg\" style=\"background-image: url(https:\/\/www.miahaircare.com\/wp-content\/uploads\/2023\/12\/Mia-Haircare-About-Us.jpg);background-position: center center;\" data-height=\"655\" data-width=\"480\"><\/div><\/div>[\/vc_column_inner][\/vc_row_inner][vc_row_inner el_class=\u00a0\u00bbmargin-top-30 padding-left-50 mobile-padding-left-0&Prime;][vc_column_inner][vc_column_text]<\/p>\n<h5 style=\"font-weight: 800;\">Adresse<\/h5>\n<p>2310 North Henderson Ave.,<br \/>\nDallas TX 75206, USA[\/vc_column_text][vc_empty_space height=\u00a0\u00bb30px\u00a0\u00bb][\/vc_column_inner][vc_column_inner][vc_column_text]<\/p>\n<h5 style=\"font-weight: 800;\">T\u00e9l\u00e9phone<\/h5>\n<p>T\u00e9l\u00e9phone: (+1)-725-2672-050[\/vc_column_text][vc_empty_space height=\u00a0\u00bb30px\u00a0\u00bb][\/vc_column_inner][vc_column_inner][vc_column_text]<\/p>\n<h5 style=\"font-weight: 800;\">Email<\/h5>\n<p>help@miahaircare.com<\/p>\n<p>[\/vc_column_text][vc_empty_space height=\u00a0\u00bb30px\u00a0\u00bb][\/vc_column_inner][vc_column_inner]<div class=\"ns-social social-icons nasa-follow\"><div class=\"follow-icon nasa-iflex flex-wrap\"><a href=\"https:\/\/twitter.com\/HaircareMia\" target=\"_blank\" class=\"icon icon_twitter nasa-tip\" title=\"Suivez-nous sur X\" rel=\"nofollow\"><svg viewBox=\"0 0 24 24\" with=\"14\" height=\"14\" aria-hidden=\"true\" fill=\"currentColor\"><path d=\"M18.244 2.25h3.308l-7.227 8.26 8.502 11.24H16.17l-5.214-6.817L4.99 21.75H1.68l7.73-8.835L1.254 2.25H8.08l4.713 6.231zm-1.161 17.52h1.833L7.084 4.126H5.117z\"\/><\/svg><\/a><a href=\"https:\/\/www.facebook.com\/MiaHaircare\" target=\"_blank\" class=\"icon icon_facebook nasa-tip\" title=\"Suis nous sur Facebook\" rel=\"nofollow\"><svg viewBox=\"0 0 32 32\" with=\"16\" height=\"16\" fill=\"currentColor\"><path d=\"M 19.253906 2 C 15.311906 2 13 4.0821719 13 8.8261719 L 13 13 L 8 13 L 8 18 L 13 18 L 13 30 L 18 30 L 18 18 L 22 18 L 23 13 L 18 13 L 18 9.671875 C 18 7.884875 18.582766 7 20.259766 7 L 23 7 L 23 2.2050781 C 22.526 2.1410781 21.144906 2 19.253906 2 z\"\/><\/svg><\/a><a href=\"https:\/\/www.pinterest.com\/haircaremia\/\" target=\"_blank\" class=\"icon icon_pintrest nasa-tip\" title=\"Suis nous sur Pinterest\" rel=\"nofollow\"><svg viewBox=\"0 0 16 16\" width=\"16\" height=\"16\" fill=\"currentColor\"><path d=\"M 7.5 1 C 3.910156 1 1 3.910156 1 7.5 C 1 10.253906 2.714844 12.605469 5.132813 13.554688 C 5.074219 13.039063 5.023438 12.25 5.152344 11.6875 C 5.273438 11.183594 5.914063 8.457031 5.914063 8.457031 C 5.914063 8.457031 5.722656 8.066406 5.722656 7.492188 C 5.722656 6.589844 6.246094 5.914063 6.898438 5.914063 C 7.453125 5.914063 7.71875 6.332031 7.71875 6.828125 C 7.71875 7.386719 7.363281 8.222656 7.183594 8.992188 C 7.027344 9.640625 7.507813 10.167969 8.144531 10.167969 C 9.300781 10.167969 10.1875 8.949219 10.1875 7.191406 C 10.1875 5.636719 9.070313 4.546875 7.472656 4.546875 C 5.625 4.546875 4.539063 5.933594 4.539063 7.367188 C 4.539063 7.925781 4.753906 8.527344 5.023438 8.851563 C 5.074219 8.917969 5.082031 8.972656 5.066406 9.039063 C 5.019531 9.242188 4.90625 9.6875 4.886719 9.777344 C 4.859375 9.894531 4.792969 9.921875 4.667969 9.863281 C 3.855469 9.484375 3.347656 8.296875 3.347656 7.34375 C 3.347656 5.292969 4.839844 3.410156 7.644531 3.410156 C 9.898438 3.410156 11.652344 5.015625 11.652344 7.164063 C 11.652344 9.402344 10.238281 11.207031 8.277344 11.207031 C 7.617188 11.207031 7 10.863281 6.789063 10.460938 C 6.789063 10.460938 6.460938 11.703125 6.382813 12.007813 C 6.234375 12.570313 5.839844 13.277344 5.574219 13.710938 C 6.183594 13.898438 6.828125 14 7.5 14 C 11.089844 14 14 11.089844 14 7.5 C 14 3.910156 11.089844 1 7.5 1 Z\"\/><\/svg><\/a><a href=\"https:\/\/www.instagram.com\/miahaircare\/\" target=\"_blank\" class=\"icon icon_instagram nasa-tip\" title=\"Suis nous sur Instagram\" rel=\"nofollow\"><svg viewBox=\"0 0 48 48\" width=\"18\" height=\"18\" fill=\"currentColor\"><path d=\"M 16.5 5 C 10.16639 5 5 10.16639 5 16.5 L 5 31.5 C 5 37.832757 10.166209 43 16.5 43 L 31.5 43 C 37.832938 43 43 37.832938 43 31.5 L 43 16.5 C 43 10.166209 37.832757 5 31.5 5 L 16.5 5 z M 16.5 8 L 31.5 8 C 36.211243 8 40 11.787791 40 16.5 L 40 31.5 C 40 36.211062 36.211062 40 31.5 40 L 16.5 40 C 11.787791 40 8 36.211243 8 31.5 L 8 16.5 C 8 11.78761 11.78761 8 16.5 8 z M 34 12 C 32.895 12 32 12.895 32 14 C 32 15.105 32.895 16 34 16 C 35.105 16 36 15.105 36 14 C 36 12.895 35.105 12 34 12 z M 24 14 C 18.495178 14 14 18.495178 14 24 C 14 29.504822 18.495178 34 24 34 C 29.504822 34 34 29.504822 34 24 C 34 18.495178 29.504822 14 24 14 z M 24 17 C 27.883178 17 31 20.116822 31 24 C 31 27.883178 27.883178 31 24 31 C 20.116822 31 17 27.883178 17 24 C 17 20.116822 20.116822 17 24 17 z\"\/><\/svg><\/a><a href=\"https:\/\/www.tiktok.com\/@mia_haircare\" target=\"_blank\" class=\"icon icon_tiktok nasa-tip\" title=\"Suis nous sur Tiktok\" rel=\"nofollow\"><svg viewBox=\"0 0 2859 3333\" width=\"14\" height=\"14\" fill=\"currentColor\"><path d=\"M2081 0c55 473 319 755 778 785v532c-266 26-499-61-770-225v995c0 1264-1378 1659-1932 753-356-583-138-1606 1004-1647v561c-87 14-180 36-265 65-254 86-398 247-358 531 77 544 1075 705 992-358V1h551z\"\/><\/svg><\/a><\/div><\/div>[\/vc_column_inner][\/vc_row_inner][\/vc_column][\/vc_row]<\/p>\n<\/div>","protected":false},"excerpt":{"rendered":"<p>[vc_row el_class=\u00a0\u00bbmargin-top-60&Prime;][vc_column][\/vc_column][\/vc_row][vc_row el_class=\u00a0\u00bbmargin-top-50 margin-bottom-60 mobile-margin-top-0&Prime;][vc_column width=\u00a0\u00bb1\/2&Prime; el_class=\u00a0\u00bbpadding-right-40 padding-top-50 padding-side-mobile-0 mobile-margin-bottom-50 mobile-padding-top-10&Prime;][vc_row_inner][vc_column_inner el_class=\u00a0\u00bbpadding-right-60 padding-side-mobile-0&Prime;][vc_column_text]Chez Mia Haircare, nous nous engageons \u00e0 \u00e9tablir une nouvelle norme en mati\u00e8re de produits de soins pour le corps naturels, v\u00e9g\u00e9taliens et biologiques, fabriqu\u00e9s avec fiert\u00e9 au c\u0153ur de l&rsquo;Australie, partageant cette excellence avec le monde entier. Notre parcours a commenc\u00e9 en [&hellip;]<\/p>\n","protected":false},"author":1,"featured_media":0,"parent":0,"menu_order":0,"comment_status":"closed","ping_status":"closed","template":"page-visual-composer.php","meta":{"footnotes":""},"class_list":["post-5066","page","type-page","status-publish","hentry"],"yoast_head":"<!-- This site is optimized with the Yoast SEO plugin v27.4 - https:\/\/yoast.com\/product\/yoast-seo-wordpress\/ -->\n<title>\u00c0 propos de nous - Mia Haircare<\/title>\n<meta name=\"description\" content=\"Lib\u00e9rez votre \u00e9clat int\u00e9rieur. Mia Haircare : Des produits luxueux \u00e0 base de plantes pour les blondes, les argent\u00e9es et au-del\u00e0. Nourrissez vos cheveux, renforcez votre beaut\u00e9 et rejoignez la r\u00e9volution naturelle.\" \/>\n<meta name=\"robots\" content=\"index, follow, max-snippet:-1, max-image-preview:large, max-video-preview:-1\" \/>\n<link rel=\"canonical\" href=\"https:\/\/www.miahaircare.com\/fr\/a-propos-de-nous\/\" \/>\n<meta property=\"og:locale\" content=\"fr_FR\" \/>\n<meta property=\"og:type\" content=\"article\" \/>\n<meta property=\"og:title\" content=\"\u00c0 propos de nous - Mia Haircare\" \/>\n<meta property=\"og:description\" content=\"Lib\u00e9rez votre \u00e9clat int\u00e9rieur. Mia Haircare : Des produits luxueux \u00e0 base de plantes pour les blondes, les argent\u00e9es et au-del\u00e0. Nourrissez vos cheveux, renforcez votre beaut\u00e9 et rejoignez la r\u00e9volution naturelle.\" \/>\n<meta property=\"og:url\" content=\"https:\/\/www.miahaircare.com\/fr\/a-propos-de-nous\/\" \/>\n<meta property=\"og:site_name\" content=\"Mia Haircare\" \/>\n<meta property=\"article:publisher\" content=\"https:\/\/www.facebook.com\/MiaHaircare\" \/>\n<meta property=\"article:modified_time\" content=\"2024-01-11T08:52:25+00:00\" \/>\n<meta property=\"og:image\" content=\"https:\/\/www.miahaircare.com\/wp-content\/uploads\/2024\/10\/Mia-Haircare-Natural-Hair-Products-1.png\" \/>\n\t<meta property=\"og:image:width\" content=\"1200\" \/>\n\t<meta property=\"og:image:height\" content=\"675\" \/>\n\t<meta property=\"og:image:type\" content=\"image\/png\" \/>\n<meta name=\"twitter:card\" content=\"summary_large_image\" \/>\n<meta name=\"twitter:site\" content=\"@HaircareMia\" \/>\n<meta name=\"twitter:label1\" content=\"Dur\u00e9e de lecture estim\u00e9e\" \/>\n\t<meta name=\"twitter:data1\" content=\"3 minutes\" \/>\n<script type=\"application\/ld+json\" class=\"yoast-schema-graph\">{\"@context\":\"https:\\\/\\\/schema.org\",\"@graph\":[{\"@type\":\"WebPage\",\"@id\":\"https:\\\/\\\/www.miahaircare.com\\\/fr\\\/a-propos-de-nous\\\/\",\"url\":\"https:\\\/\\\/www.miahaircare.com\\\/fr\\\/a-propos-de-nous\\\/\",\"name\":\"\u00c0 propos de nous - Mia Haircare\",\"isPartOf\":{\"@id\":\"https:\\\/\\\/www.miahaircare.com\\\/fr\\\/#website\"},\"datePublished\":\"2019-10-21T07:42:41+00:00\",\"dateModified\":\"2024-01-11T08:52:25+00:00\",\"description\":\"Lib\u00e9rez votre \u00e9clat int\u00e9rieur. Mia Haircare : Des produits luxueux \u00e0 base de plantes pour les blondes, les argent\u00e9es et au-del\u00e0. Nourrissez vos cheveux, renforcez votre beaut\u00e9 et rejoignez la r\u00e9volution naturelle.\",\"breadcrumb\":{\"@id\":\"https:\\\/\\\/www.miahaircare.com\\\/fr\\\/a-propos-de-nous\\\/#breadcrumb\"},\"inLanguage\":\"fr-FR\",\"potentialAction\":[{\"@type\":\"ReadAction\",\"target\":[\"https:\\\/\\\/www.miahaircare.com\\\/fr\\\/a-propos-de-nous\\\/\"]}]},{\"@type\":\"BreadcrumbList\",\"@id\":\"https:\\\/\\\/www.miahaircare.com\\\/fr\\\/a-propos-de-nous\\\/#breadcrumb\",\"itemListElement\":[{\"@type\":\"ListItem\",\"position\":1,\"name\":\"Home\",\"item\":\"https:\\\/\\\/www.miahaircare.com\\\/fr\\\/\"},{\"@type\":\"ListItem\",\"position\":2,\"name\":\"\u00c0 propos de nous\"}]},{\"@type\":\"WebSite\",\"@id\":\"https:\\\/\\\/www.miahaircare.com\\\/fr\\\/#website\",\"url\":\"https:\\\/\\\/www.miahaircare.com\\\/fr\\\/\",\"name\":\"Mia Haircare\",\"description\":\"Unleash your natural radiance. Discover confidence, power, with Mia\",\"publisher\":{\"@id\":\"https:\\\/\\\/www.miahaircare.com\\\/fr\\\/#organization\"},\"potentialAction\":[{\"@type\":\"SearchAction\",\"target\":{\"@type\":\"EntryPoint\",\"urlTemplate\":\"https:\\\/\\\/www.miahaircare.com\\\/fr\\\/?s={search_term_string}\"},\"query-input\":{\"@type\":\"PropertyValueSpecification\",\"valueRequired\":true,\"valueName\":\"search_term_string\"}}],\"inLanguage\":\"fr-FR\"},{\"@type\":\"Organization\",\"@id\":\"https:\\\/\\\/www.miahaircare.com\\\/fr\\\/#organization\",\"name\":\"Mia Natural Body Care Products\",\"url\":\"https:\\\/\\\/www.miahaircare.com\\\/fr\\\/\",\"logo\":{\"@type\":\"ImageObject\",\"inLanguage\":\"fr-FR\",\"@id\":\"https:\\\/\\\/www.miahaircare.com\\\/fr\\\/#\\\/schema\\\/logo\\\/image\\\/\",\"url\":\"https:\\\/\\\/miahaircare.com\\\/wp-content\\\/uploads\\\/2023\\\/09\\\/mia-haircare-natural-australian-body-care-products-i.png\",\"contentUrl\":\"https:\\\/\\\/miahaircare.com\\\/wp-content\\\/uploads\\\/2023\\\/09\\\/mia-haircare-natural-australian-body-care-products-i.png\",\"width\":500,\"height\":500,\"caption\":\"Mia Natural Body Care Products\"},\"image\":{\"@id\":\"https:\\\/\\\/www.miahaircare.com\\\/fr\\\/#\\\/schema\\\/logo\\\/image\\\/\"},\"sameAs\":[\"https:\\\/\\\/www.facebook.com\\\/MiaHaircare\",\"https:\\\/\\\/x.com\\\/HaircareMia\",\"https:\\\/\\\/www.instagram.com\\\/miahaircare\"]}]}<\/script>\n<!-- \/ Yoast SEO plugin. -->","yoast_head_json":{"title":"\u00c0 propos de nous - Mia Haircare","description":"Lib\u00e9rez votre \u00e9clat int\u00e9rieur. Mia Haircare : Des produits luxueux \u00e0 base de plantes pour les blondes, les argent\u00e9es et au-del\u00e0. Nourrissez vos cheveux, renforcez votre beaut\u00e9 et rejoignez la r\u00e9volution naturelle.","robots":{"index":"index","follow":"follow","max-snippet":"max-snippet:-1","max-image-preview":"max-image-preview:large","max-video-preview":"max-video-preview:-1"},"canonical":"https:\/\/www.miahaircare.com\/fr\/a-propos-de-nous\/","og_locale":"fr_FR","og_type":"article","og_title":"\u00c0 propos de nous - Mia Haircare","og_description":"Lib\u00e9rez votre \u00e9clat int\u00e9rieur. Mia Haircare : Des produits luxueux \u00e0 base de plantes pour les blondes, les argent\u00e9es et au-del\u00e0. Nourrissez vos cheveux, renforcez votre beaut\u00e9 et rejoignez la r\u00e9volution naturelle.","og_url":"https:\/\/www.miahaircare.com\/fr\/a-propos-de-nous\/","og_site_name":"Mia Haircare","article_publisher":"https:\/\/www.facebook.com\/MiaHaircare","article_modified_time":"2024-01-11T08:52:25+00:00","og_image":[{"width":1200,"height":675,"url":"https:\/\/www.miahaircare.com\/wp-content\/uploads\/2024\/10\/Mia-Haircare-Natural-Hair-Products-1.png","type":"image\/png"}],"twitter_card":"summary_large_image","twitter_site":"@HaircareMia","twitter_misc":{"Dur\u00e9e de lecture estim\u00e9e":"3 minutes"},"schema":{"@context":"https:\/\/schema.org","@graph":[{"@type":"WebPage","@id":"https:\/\/www.miahaircare.com\/fr\/a-propos-de-nous\/","url":"https:\/\/www.miahaircare.com\/fr\/a-propos-de-nous\/","name":"\u00c0 propos de nous - Mia Haircare","isPartOf":{"@id":"https:\/\/www.miahaircare.com\/fr\/#website"},"datePublished":"2019-10-21T07:42:41+00:00","dateModified":"2024-01-11T08:52:25+00:00","description":"Lib\u00e9rez votre \u00e9clat int\u00e9rieur. Mia Haircare : Des produits luxueux \u00e0 base de plantes pour les blondes, les argent\u00e9es et au-del\u00e0. Nourrissez vos cheveux, renforcez votre beaut\u00e9 et rejoignez la r\u00e9volution naturelle.","breadcrumb":{"@id":"https:\/\/www.miahaircare.com\/fr\/a-propos-de-nous\/#breadcrumb"},"inLanguage":"fr-FR","potentialAction":[{"@type":"ReadAction","target":["https:\/\/www.miahaircare.com\/fr\/a-propos-de-nous\/"]}]},{"@type":"BreadcrumbList","@id":"https:\/\/www.miahaircare.com\/fr\/a-propos-de-nous\/#breadcrumb","itemListElement":[{"@type":"ListItem","position":1,"name":"Home","item":"https:\/\/www.miahaircare.com\/fr\/"},{"@type":"ListItem","position":2,"name":"\u00c0 propos de nous"}]},{"@type":"WebSite","@id":"https:\/\/www.miahaircare.com\/fr\/#website","url":"https:\/\/www.miahaircare.com\/fr\/","name":"Mia Haircare","description":"Unleash your natural radiance. Discover confidence, power, with Mia","publisher":{"@id":"https:\/\/www.miahaircare.com\/fr\/#organization"},"potentialAction":[{"@type":"SearchAction","target":{"@type":"EntryPoint","urlTemplate":"https:\/\/www.miahaircare.com\/fr\/?s={search_term_string}"},"query-input":{"@type":"PropertyValueSpecification","valueRequired":true,"valueName":"search_term_string"}}],"inLanguage":"fr-FR"},{"@type":"Organization","@id":"https:\/\/www.miahaircare.com\/fr\/#organization","name":"Mia Natural Body Care Products","url":"https:\/\/www.miahaircare.com\/fr\/","logo":{"@type":"ImageObject","inLanguage":"fr-FR","@id":"https:\/\/www.miahaircare.com\/fr\/#\/schema\/logo\/image\/","url":"https:\/\/miahaircare.com\/wp-content\/uploads\/2023\/09\/mia-haircare-natural-australian-body-care-products-i.png","contentUrl":"https:\/\/miahaircare.com\/wp-content\/uploads\/2023\/09\/mia-haircare-natural-australian-body-care-products-i.png","width":500,"height":500,"caption":"Mia Natural Body Care Products"},"image":{"@id":"https:\/\/www.miahaircare.com\/fr\/#\/schema\/logo\/image\/"},"sameAs":["https:\/\/www.facebook.com\/MiaHaircare","https:\/\/x.com\/HaircareMia","https:\/\/www.instagram.com\/miahaircare"]}]}},"_links":{"self":[{"href":"https:\/\/www.miahaircare.com\/fr\/wp-json\/wp\/v2\/pages\/5066","targetHints":{"allow":["GET"]}}],"collection":[{"href":"https:\/\/www.miahaircare.com\/fr\/wp-json\/wp\/v2\/pages"}],"about":[{"href":"https:\/\/www.miahaircare.com\/fr\/wp-json\/wp\/v2\/types\/page"}],"author":[{"embeddable":true,"href":"https:\/\/www.miahaircare.com\/fr\/wp-json\/wp\/v2\/users\/1"}],"replies":[{"embeddable":true,"href":"https:\/\/www.miahaircare.com\/fr\/wp-json\/wp\/v2\/comments?post=5066"}],"version-history":[{"count":6,"href":"https:\/\/www.miahaircare.com\/fr\/wp-json\/wp\/v2\/pages\/5066\/revisions"}],"predecessor-version":[{"id":6064,"href":"https:\/\/www.miahaircare.com\/fr\/wp-json\/wp\/v2\/pages\/5066\/revisions\/6064"}],"wp:attachment":[{"href":"https:\/\/www.miahaircare.com\/fr\/wp-json\/wp\/v2\/media?parent=5066"}],"curies":[{"name":"wp","href":"https:\/\/api.w.org\/{rel}","templated":true}]}}