{"id":5053,"date":"2017-09-27T17:08:21","date_gmt":"2017-09-27T17:08:21","guid":{"rendered":"https:\/\/miahaircare.com\/contactez-nous\/"},"modified":"2024-01-11T08:58:07","modified_gmt":"2024-01-11T08:58:07","slug":"contactez-nous","status":"publish","type":"page","link":"https:\/\/www.miahaircare.com\/fr\/contactez-nous\/","title":{"rendered":"Contactez-nous"},"content":{"rendered":"<div class=\"wpb-content-wrapper\"><p>[vc_row bg_type=\u00a0\u00bbno_bg\u00a0\u00bb bg_grad=\u00a0\u00bbbackground: -webkit-gradient(linear, left top, left bottom, color-stop(0%, #E3E3E3));background: -moz-linear-gradient(top,#E3E3E3 0%);background: -webkit-linear-gradient(top,#E3E3E3 0%);background: -o-linear-gradient(top,#E3E3E3 0%);background: -ms-linear-gradient(top,#E3E3E3 0%);background: linear-gradient(top,#E3E3E3 0%);\u00a0\u00bb parallax_style=\u00a0\u00bbvcpb-default\u00a0\u00bb bg_image_repeat=\u00a0\u00bbrepeat\u00a0\u00bb bg_image_size=\u00a0\u00bbcover\u00a0\u00bb bg_img_attach=\u00a0\u00bbscroll\u00a0\u00bb parallax_sense=\u00a0\u00bb30&Prime; animation_direction=\u00a0\u00bbleft-animation\u00a0\u00bb animation_repeat=\u00a0\u00bbrepeat\u00a0\u00bb video_opts=\u00a0\u00bb\u00a0\u00bb bg_override=\u00a0\u00bb0&Prime; parallax_content_sense=\u00a0\u00bb30&Prime; fadeout_start_effect=\u00a0\u00bb30&Prime; overlay_pattern_opacity=\u00a0\u00bb80&Prime; seperator_type=\u00a0\u00bbnone_seperator\u00a0\u00bb seperator_position=\u00a0\u00bbtop_seperator\u00a0\u00bb seperator_shape_size=\u00a0\u00bb40&Prime; seperator_svg_height=\u00a0\u00bb60&Prime; seperator_shape_background=\u00a0\u00bb#ffffff\u00a0\u00bb seperator_shape_border=\u00a0\u00bbnone\u00a0\u00bb seperator_shape_border_width=\u00a0\u00bb1&Prime; icon_type=\u00a0\u00bbno_icon\u00a0\u00bb icon_size=\u00a0\u00bb32&Prime; icon_style=\u00a0\u00bbnone\u00a0\u00bb icon_color_border=\u00a0\u00bb#333333&Prime; icon_border_size=\u00a0\u00bb1&Prime; icon_border_radius=\u00a0\u00bb500&Prime; icon_border_spacing=\u00a0\u00bb50&Prime; img_width=\u00a0\u00bb48&Prime; ult_hide_row_large_screen=\u00a0\u00bboff\u00a0\u00bb ult_hide_row_desktop=\u00a0\u00bboff\u00a0\u00bb ult_hide_row_tablet=\u00a0\u00bboff\u00a0\u00bb ult_hide_row_tablet_small=\u00a0\u00bboff\u00a0\u00bb ult_hide_row_mobile=\u00a0\u00bboff\u00a0\u00bb ult_hide_row_mobile_large=\u00a0\u00bboff\u00a0\u00bb el_class=\u00a0\u00bbmargin-top-30 margin-bottom-50&Prime;][vc_column width=\u00a0\u00bb5\/12&Prime; el_class=\u00a0\u00bbmobile-margin-bottom-20&Prime;][vc_gmaps link=\u00a0\u00bb#E-8_JTNDaWZyYW1lJTIwc3JjJTNEJTIyaHR0cHMlM0ElMkYlMkZ3d3cuZ29vZ2xlLmNvbSUyRm1hcHMlMkZlbWJlZCUzRnBiJTNEJTIxMW0xOCUyMTFtMTIlMjExbTMlMjExZDMzNTMuMTYzMjk1ODg3ODglMjEyZC05Ni43Nzc3MDQ3JTIxM2QzMi44MTQ0Mzc5OTk5OTk5OTYlMjEybTMlMjExZjAlMjEyZjAlMjEzZjAlMjEzbTIlMjExaTEwMjQlMjEyaTc2OCUyMTRmMTMuMSUyMTNtMyUyMTFtMiUyMTFzMHg4NjRlOWYzMGU2ZGU4NjM3JTI1M0EweDFjZTEyOTk2YWU3YWJlYTglMjEyczIzMTAlMjUyME4lMjUyMEhlbmRlcnNvbiUyNTIwQXZlJTI1MkMlMjUyMERhbGxhcyUyNTJDJTI1MjBUWCUyNTIwNzUyMDYlMjUyQyUyNTIwVVNBJTIxNWUwJTIxM20yJTIxMXNlbiUyMTJzZWclMjE0djE3MDI0MjU0NzQ2MjglMjE1bTIlMjExc2VuJTIxMnNlZyUyMiUyMHdpZHRoJTNEJTIyNjAwJTIyJTIwaGVpZ2h0JTNEJTIyNDUwJTIyJTIwc3R5bGUlM0QlMjJib3JkZXIlM0EwJTNCJTIyJTIwYWxsb3dmdWxsc2NyZWVuJTNEJTIyJTIyJTIwbG9hZGluZyUzRCUyMmxhenklMjIlMjByZWZlcnJlcnBvbGljeSUzRCUyMm5vLXJlZmVycmVyLXdoZW4tZG93bmdyYWRlJTIyJTNFJTNDJTJGaWZyYW1lJTNF\u00a0\u00bb][\/vc_column][vc_column width=\u00a0\u00bb7\/12&Prime; el_class=\u00a0\u00bbpadding-side-mobile-0&Prime; css=\u00a0\u00bb.vc_custom_1505055254580{padding-left: 20px !important;}\u00a0\u00bb][vc_row_inner][vc_column_inner width=\u00a0\u00bb1\/2&Prime;]<div class=\"nasa-title clearfix hr-type-none\"><h4 class=\"nasa-heading-title\"><span class=\"nasa-title-wrap\"><span style=\"background: #ffffff;\">Adresse<\/span><\/span><\/h4><\/div>[vc_column_text]2310 North Henderson Ave.,<br \/>\nDallas TX 75206, USA[\/vc_column_text][vc_empty_space height=\u00a0\u00bb30px\u00a0\u00bb][\/vc_column_inner][vc_column_inner width=\u00a0\u00bb1\/2&Prime;]<div class=\"nasa-title clearfix hr-type-none\"><h4 class=\"nasa-heading-title\"><span class=\"nasa-title-wrap\"><span style=\"background: #ffffff;\">Email<\/span><\/span><\/h4><\/div>[vc_column_text]help@miahaircare.com<br \/>\nceo@miahaircare.com[\/vc_column_text][\/vc_column_inner][\/vc_row_inner][vc_empty_space height=\u00a0\u00bb45px\u00a0\u00bb][vc_row_inner][vc_column_inner width=\u00a0\u00bb1\/2&Prime;]<div class=\"nasa-title clearfix hr-type-none\"><h4 class=\"nasa-heading-title\"><span class=\"nasa-title-wrap\"><span style=\"background: #ffffff;\">Social<\/span><\/span><\/h4><\/div><div class=\"ns-social social-icons nasa-follow margin-top-15\"><div class=\"follow-icon nasa-iflex flex-wrap\"><a href=\"https:\/\/twitter.com\/HaircareMia\" target=\"_blank\" class=\"icon icon_twitter nasa-tip\" title=\"Suivez-nous sur X\" rel=\"nofollow\"><svg viewBox=\"0 0 24 24\" with=\"14\" height=\"14\" aria-hidden=\"true\" fill=\"currentColor\"><path d=\"M18.244 2.25h3.308l-7.227 8.26 8.502 11.24H16.17l-5.214-6.817L4.99 21.75H1.68l7.73-8.835L1.254 2.25H8.08l4.713 6.231zm-1.161 17.52h1.833L7.084 4.126H5.117z\"\/><\/svg><\/a><a href=\"https:\/\/www.facebook.com\/MiaHaircare\" target=\"_blank\" class=\"icon icon_facebook nasa-tip\" title=\"Suis nous sur Facebook\" rel=\"nofollow\"><svg viewBox=\"0 0 32 32\" with=\"16\" height=\"16\" fill=\"currentColor\"><path d=\"M 19.253906 2 C 15.311906 2 13 4.0821719 13 8.8261719 L 13 13 L 8 13 L 8 18 L 13 18 L 13 30 L 18 30 L 18 18 L 22 18 L 23 13 L 18 13 L 18 9.671875 C 18 7.884875 18.582766 7 20.259766 7 L 23 7 L 23 2.2050781 C 22.526 2.1410781 21.144906 2 19.253906 2 z\"\/><\/svg><\/a><a href=\"https:\/\/www.pinterest.com\/haircaremia\/\" target=\"_blank\" class=\"icon icon_pintrest nasa-tip\" title=\"Suis nous sur Pinterest\" rel=\"nofollow\"><svg viewBox=\"0 0 16 16\" width=\"16\" height=\"16\" fill=\"currentColor\"><path d=\"M 7.5 1 C 3.910156 1 1 3.910156 1 7.5 C 1 10.253906 2.714844 12.605469 5.132813 13.554688 C 5.074219 13.039063 5.023438 12.25 5.152344 11.6875 C 5.273438 11.183594 5.914063 8.457031 5.914063 8.457031 C 5.914063 8.457031 5.722656 8.066406 5.722656 7.492188 C 5.722656 6.589844 6.246094 5.914063 6.898438 5.914063 C 7.453125 5.914063 7.71875 6.332031 7.71875 6.828125 C 7.71875 7.386719 7.363281 8.222656 7.183594 8.992188 C 7.027344 9.640625 7.507813 10.167969 8.144531 10.167969 C 9.300781 10.167969 10.1875 8.949219 10.1875 7.191406 C 10.1875 5.636719 9.070313 4.546875 7.472656 4.546875 C 5.625 4.546875 4.539063 5.933594 4.539063 7.367188 C 4.539063 7.925781 4.753906 8.527344 5.023438 8.851563 C 5.074219 8.917969 5.082031 8.972656 5.066406 9.039063 C 5.019531 9.242188 4.90625 9.6875 4.886719 9.777344 C 4.859375 9.894531 4.792969 9.921875 4.667969 9.863281 C 3.855469 9.484375 3.347656 8.296875 3.347656 7.34375 C 3.347656 5.292969 4.839844 3.410156 7.644531 3.410156 C 9.898438 3.410156 11.652344 5.015625 11.652344 7.164063 C 11.652344 9.402344 10.238281 11.207031 8.277344 11.207031 C 7.617188 11.207031 7 10.863281 6.789063 10.460938 C 6.789063 10.460938 6.460938 11.703125 6.382813 12.007813 C 6.234375 12.570313 5.839844 13.277344 5.574219 13.710938 C 6.183594 13.898438 6.828125 14 7.5 14 C 11.089844 14 14 11.089844 14 7.5 C 14 3.910156 11.089844 1 7.5 1 Z\"\/><\/svg><\/a><a href=\"https:\/\/www.instagram.com\/miahaircare\/\" target=\"_blank\" class=\"icon icon_instagram nasa-tip\" title=\"Suis nous sur Instagram\" rel=\"nofollow\"><svg viewBox=\"0 0 48 48\" width=\"18\" height=\"18\" fill=\"currentColor\"><path d=\"M 16.5 5 C 10.16639 5 5 10.16639 5 16.5 L 5 31.5 C 5 37.832757 10.166209 43 16.5 43 L 31.5 43 C 37.832938 43 43 37.832938 43 31.5 L 43 16.5 C 43 10.166209 37.832757 5 31.5 5 L 16.5 5 z M 16.5 8 L 31.5 8 C 36.211243 8 40 11.787791 40 16.5 L 40 31.5 C 40 36.211062 36.211062 40 31.5 40 L 16.5 40 C 11.787791 40 8 36.211243 8 31.5 L 8 16.5 C 8 11.78761 11.78761 8 16.5 8 z M 34 12 C 32.895 12 32 12.895 32 14 C 32 15.105 32.895 16 34 16 C 35.105 16 36 15.105 36 14 C 36 12.895 35.105 12 34 12 z M 24 14 C 18.495178 14 14 18.495178 14 24 C 14 29.504822 18.495178 34 24 34 C 29.504822 34 34 29.504822 34 24 C 34 18.495178 29.504822 14 24 14 z M 24 17 C 27.883178 17 31 20.116822 31 24 C 31 27.883178 27.883178 31 24 31 C 20.116822 31 17 27.883178 17 24 C 17 20.116822 20.116822 17 24 17 z\"\/><\/svg><\/a><a href=\"https:\/\/www.tiktok.com\/@mia_haircare\" target=\"_blank\" class=\"icon icon_tiktok nasa-tip\" title=\"Suis nous sur Tiktok\" rel=\"nofollow\"><svg viewBox=\"0 0 2859 3333\" width=\"14\" height=\"14\" fill=\"currentColor\"><path d=\"M2081 0c55 473 319 755 778 785v532c-266 26-499-61-770-225v995c0 1264-1378 1659-1932 753-356-583-138-1606 1004-1647v561c-87 14-180 36-265 65-254 86-398 247-358 531 77 544 1075 705 992-358V1h551z\"\/><\/svg><\/a><\/div><\/div>[vc_empty_space height=\u00a0\u00bb30px\u00a0\u00bb][\/vc_column_inner][vc_column_inner width=\u00a0\u00bb1\/2&Prime;][\/vc_column_inner][\/vc_row_inner][vc_empty_space height=\u00a0\u00bb45px\u00a0\u00bb]<div class=\"nasa-title clearfix hr-type-none\"><h4 class=\"nasa-heading-title\"><span class=\"nasa-title-wrap\"><span style=\"background: #ffffff;\">Laissez-nous un message<\/span><\/span><\/h4><\/div>[vc_column_text]Notre \u00e9quipe de support estim\u00e9e est disponible 24h\/24 et 7j\/7 pour vous aider rapidement, garantissant que vos demandes re\u00e7oivent des r\u00e9ponses opportunes, m\u00eame en dehors des heures de bureau habituelles.[\/vc_column_text][vc_empty_space height=\u00a0\u00bb20px\u00a0\u00bb]<div role=\"form\" class=\"wpcf7\" id=\"wpcf7-f2151-o1\" lang=\"en-US\" dir=\"ltr\">\n<div class=\"screen-reader-response\"><p role=\"status\" aria-live=\"polite\" aria-atomic=\"true\"><\/p> <ul><\/ul><\/div>\n<form action=\"\/fr\/wp-json\/wp\/v2\/pages\/5053#wpcf7-f2151-o1\" method=\"post\" class=\"wpcf7-form init\" novalidate=\"novalidate\" data-status=\"init\">\n<div style=\"display: none;\">\n<input type=\"hidden\" name=\"_wpcf7\" value=\"2151\" \/>\n<input type=\"hidden\" name=\"_wpcf7_version\" value=\"5.6.4\" \/>\n<input type=\"hidden\" name=\"_wpcf7_locale\" value=\"en_US\" \/>\n<input type=\"hidden\" name=\"_wpcf7_unit_tag\" value=\"wpcf7-f2151-o1\" \/>\n<input type=\"hidden\" name=\"_wpcf7_container_post\" value=\"0\" \/>\n<input type=\"hidden\" name=\"_wpcf7_posted_data_hash\" value=\"\" \/>\n<input type=\"hidden\" name=\"_wpcf7_recaptcha_response\" value=\"\" \/>\n<\/div>\n<div class=\"contact-form-footer\">\n<div class=\"row\">\n<div class=\"lt-col large-6 columns\">\n       <label> Your Name (required) <br><br \/>\n           <span class=\"wpcf7-form-control-wrap\" data-name=\"your-name\"><input type=\"text\" name=\"your-name\" value=\"\" size=\"40\" class=\"wpcf7-form-control wpcf7-text wpcf7-validates-as-required\" aria-required=\"true\" aria-invalid=\"false\" placeholder=\"Your name\" \/><\/span> <\/label>\n    <\/div>\n<div class=\"lt-col large-6 columns\">\n       <label> Your Email (required) <br><br \/>\n          <span class=\"wpcf7-form-control-wrap\" data-name=\"your-email\"><input type=\"email\" name=\"your-email\" value=\"\" size=\"40\" class=\"wpcf7-form-control wpcf7-text wpcf7-email wpcf7-validates-as-required wpcf7-validates-as-email\" aria-required=\"true\" aria-invalid=\"false\" placeholder=\"Your email\" \/><\/span> <\/label>\n    <\/div>\n<\/div>\n<div class=\"row\">\n<div class=\"large-12 columns\">\n         <label> Your Message <br><br \/>\n         <span class=\"wpcf7-form-control-wrap\" data-name=\"your-message\"><textarea name=\"your-message\" cols=\"100\" rows=\"10\" class=\"wpcf7-form-control wpcf7-textarea\" aria-invalid=\"false\" placeholder=\"Your message\"><\/textarea><\/span>\n    <\/div>\n<\/div>\n<p><span class=\"wpcf7-form-control-wrap\" data-name=\"math-quiz\"><label><span class=\"wpcf7-quiz-label\">11+4=?<\/span> <input type=\"text\" name=\"math-quiz\" size=\"40\" class=\"wpcf7-form-control wpcf7-quiz\" autocomplete=\"off\" aria-required=\"true\" aria-invalid=\"false\" \/><\/label><input type=\"hidden\" name=\"_wpcf7_quiz_answer_math-quiz\" value=\"057b6a2ee5008693a67013bc848e4029\" \/><\/span><br \/>\n<input type=\"submit\" value=\"Submit\" class=\"wpcf7-form-control has-spinner wpcf7-submit button\" id=\"form-submit\" \/><\/p>\n<\/div>\n<div class=\"wpcf7-response-output\" aria-hidden=\"true\"><\/div><\/form><\/div>[\/vc_column][\/vc_row]<\/p>\n<\/div>","protected":false},"excerpt":{"rendered":"<p>[vc_row bg_type=\u00a0\u00bbno_bg\u00a0\u00bb bg_grad=\u00a0\u00bbbackground: -webkit-gradient(linear, left top, left bottom, color-stop(0%, #E3E3E3));background: -moz-linear-gradient(top,#E3E3E3 0%);background: -webkit-linear-gradient(top,#E3E3E3 0%);background: -o-linear-gradient(top,#E3E3E3 0%);background: -ms-linear-gradient(top,#E3E3E3 0%);background: linear-gradient(top,#E3E3E3 0%);\u00a0\u00bb parallax_style=\u00a0\u00bbvcpb-default\u00a0\u00bb bg_image_repeat=\u00a0\u00bbrepeat\u00a0\u00bb bg_image_size=\u00a0\u00bbcover\u00a0\u00bb bg_img_attach=\u00a0\u00bbscroll\u00a0\u00bb parallax_sense=\u00a0\u00bb30&Prime; animation_direction=\u00a0\u00bbleft-animation\u00a0\u00bb animation_repeat=\u00a0\u00bbrepeat\u00a0\u00bb video_opts=\u00a0\u00bb\u00a0\u00bb bg_override=\u00a0\u00bb0&Prime; parallax_content_sense=\u00a0\u00bb30&Prime; fadeout_start_effect=\u00a0\u00bb30&Prime; overlay_pattern_opacity=\u00a0\u00bb80&Prime; seperator_type=\u00a0\u00bbnone_seperator\u00a0\u00bb seperator_position=\u00a0\u00bbtop_seperator\u00a0\u00bb seperator_shape_size=\u00a0\u00bb40&Prime; seperator_svg_height=\u00a0\u00bb60&Prime; seperator_shape_background=\u00a0\u00bb#ffffff\u00a0\u00bb seperator_shape_border=\u00a0\u00bbnone\u00a0\u00bb seperator_shape_border_width=\u00a0\u00bb1&Prime; icon_type=\u00a0\u00bbno_icon\u00a0\u00bb icon_size=\u00a0\u00bb32&Prime; icon_style=\u00a0\u00bbnone\u00a0\u00bb icon_color_border=\u00a0\u00bb#333333&Prime; icon_border_size=\u00a0\u00bb1&Prime; icon_border_radius=\u00a0\u00bb500&Prime; icon_border_spacing=\u00a0\u00bb50&Prime; img_width=\u00a0\u00bb48&Prime; ult_hide_row_large_screen=\u00a0\u00bboff\u00a0\u00bb ult_hide_row_desktop=\u00a0\u00bboff\u00a0\u00bb ult_hide_row_tablet=\u00a0\u00bboff\u00a0\u00bb ult_hide_row_tablet_small=\u00a0\u00bboff\u00a0\u00bb ult_hide_row_mobile=\u00a0\u00bboff\u00a0\u00bb ult_hide_row_mobile_large=\u00a0\u00bboff\u00a0\u00bb el_class=\u00a0\u00bbmargin-top-30 margin-bottom-50&Prime;][vc_column [&hellip;]<\/p>\n","protected":false},"author":1,"featured_media":0,"parent":0,"menu_order":0,"comment_status":"closed","ping_status":"closed","template":"page-visual-composer.php","meta":{"footnotes":""},"class_list":["post-5053","page","type-page","status-publish","hentry"],"yoast_head":"<!-- This site is optimized with the Yoast SEO plugin v27.5 - https:\/\/yoast.com\/product\/yoast-seo-wordpress\/ -->\n<title>Contactez-nous - Mia Haircare<\/title>\n<meta name=\"description\" content=\"Votre voyage capillaire commence ici. Contactez Mia Haircare ! Nous sommes passionn\u00e9s par la cr\u00e9ation de votre routine capillaire v\u00e9g\u00e9talienne parfaite. Posez des questions sur les produits, l&#039;exp\u00e9dition, ou dites simplement bonjour ! Votre histoire capillaire compte pour nous.\" \/>\n<meta name=\"robots\" content=\"index, follow, max-snippet:-1, max-image-preview:large, max-video-preview:-1\" \/>\n<link rel=\"canonical\" href=\"https:\/\/www.miahaircare.com\/fr\/contactez-nous\/\" \/>\n<meta property=\"og:locale\" content=\"fr_FR\" \/>\n<meta property=\"og:type\" content=\"article\" \/>\n<meta property=\"og:title\" content=\"Contactez-nous - Mia Haircare\" \/>\n<meta property=\"og:description\" content=\"Votre voyage capillaire commence ici. Contactez Mia Haircare ! Nous sommes passionn\u00e9s par la cr\u00e9ation de votre routine capillaire v\u00e9g\u00e9talienne parfaite. Posez des questions sur les produits, l&#039;exp\u00e9dition, ou dites simplement bonjour ! Votre histoire capillaire compte pour nous.\" \/>\n<meta property=\"og:url\" content=\"https:\/\/www.miahaircare.com\/fr\/contactez-nous\/\" \/>\n<meta property=\"og:site_name\" content=\"Mia Haircare\" \/>\n<meta property=\"article:publisher\" content=\"https:\/\/www.facebook.com\/MiaHaircare\" \/>\n<meta property=\"article:modified_time\" content=\"2024-01-11T08:58:07+00:00\" \/>\n<meta property=\"og:image\" content=\"https:\/\/www.miahaircare.com\/wp-content\/uploads\/2024\/10\/Mia-Haircare-Natural-Hair-Products-1.png\" \/>\n\t<meta property=\"og:image:width\" content=\"1200\" \/>\n\t<meta property=\"og:image:height\" content=\"675\" \/>\n\t<meta property=\"og:image:type\" content=\"image\/png\" \/>\n<meta name=\"twitter:card\" content=\"summary_large_image\" \/>\n<meta name=\"twitter:site\" content=\"@HaircareMia\" \/>\n<meta name=\"twitter:label1\" content=\"Dur\u00e9e de lecture estim\u00e9e\" \/>\n\t<meta name=\"twitter:data1\" content=\"2 minutes\" \/>\n<script type=\"application\/ld+json\" class=\"yoast-schema-graph\">{\"@context\":\"https:\\\/\\\/schema.org\",\"@graph\":[{\"@type\":\"WebPage\",\"@id\":\"https:\\\/\\\/www.miahaircare.com\\\/fr\\\/contactez-nous\\\/\",\"url\":\"https:\\\/\\\/www.miahaircare.com\\\/fr\\\/contactez-nous\\\/\",\"name\":\"Contactez-nous - Mia Haircare\",\"isPartOf\":{\"@id\":\"https:\\\/\\\/www.miahaircare.com\\\/fr\\\/#website\"},\"datePublished\":\"2017-09-27T17:08:21+00:00\",\"dateModified\":\"2024-01-11T08:58:07+00:00\",\"description\":\"Votre voyage capillaire commence ici. Contactez Mia Haircare ! Nous sommes passionn\u00e9s par la cr\u00e9ation de votre routine capillaire v\u00e9g\u00e9talienne parfaite. Posez des questions sur les produits, l'exp\u00e9dition, ou dites simplement bonjour ! Votre histoire capillaire compte pour nous.\",\"breadcrumb\":{\"@id\":\"https:\\\/\\\/www.miahaircare.com\\\/fr\\\/contactez-nous\\\/#breadcrumb\"},\"inLanguage\":\"fr-FR\",\"potentialAction\":[{\"@type\":\"ReadAction\",\"target\":[\"https:\\\/\\\/www.miahaircare.com\\\/fr\\\/contactez-nous\\\/\"]}]},{\"@type\":\"BreadcrumbList\",\"@id\":\"https:\\\/\\\/www.miahaircare.com\\\/fr\\\/contactez-nous\\\/#breadcrumb\",\"itemListElement\":[{\"@type\":\"ListItem\",\"position\":1,\"name\":\"Home\",\"item\":\"https:\\\/\\\/www.miahaircare.com\\\/fr\\\/\"},{\"@type\":\"ListItem\",\"position\":2,\"name\":\"Contactez-nous\"}]},{\"@type\":\"WebSite\",\"@id\":\"https:\\\/\\\/www.miahaircare.com\\\/fr\\\/#website\",\"url\":\"https:\\\/\\\/www.miahaircare.com\\\/fr\\\/\",\"name\":\"Mia Haircare\",\"description\":\"Unleash your natural radiance. Discover confidence, power, with Mia\",\"publisher\":{\"@id\":\"https:\\\/\\\/www.miahaircare.com\\\/fr\\\/#organization\"},\"potentialAction\":[{\"@type\":\"SearchAction\",\"target\":{\"@type\":\"EntryPoint\",\"urlTemplate\":\"https:\\\/\\\/www.miahaircare.com\\\/fr\\\/?s={search_term_string}\"},\"query-input\":{\"@type\":\"PropertyValueSpecification\",\"valueRequired\":true,\"valueName\":\"search_term_string\"}}],\"inLanguage\":\"fr-FR\"},{\"@type\":\"Organization\",\"@id\":\"https:\\\/\\\/www.miahaircare.com\\\/fr\\\/#organization\",\"name\":\"Mia Natural Body Care Products\",\"url\":\"https:\\\/\\\/www.miahaircare.com\\\/fr\\\/\",\"logo\":{\"@type\":\"ImageObject\",\"inLanguage\":\"fr-FR\",\"@id\":\"https:\\\/\\\/www.miahaircare.com\\\/fr\\\/#\\\/schema\\\/logo\\\/image\\\/\",\"url\":\"https:\\\/\\\/miahaircare.com\\\/wp-content\\\/uploads\\\/2023\\\/09\\\/mia-haircare-natural-australian-body-care-products-i.png\",\"contentUrl\":\"https:\\\/\\\/miahaircare.com\\\/wp-content\\\/uploads\\\/2023\\\/09\\\/mia-haircare-natural-australian-body-care-products-i.png\",\"width\":500,\"height\":500,\"caption\":\"Mia Natural Body Care Products\"},\"image\":{\"@id\":\"https:\\\/\\\/www.miahaircare.com\\\/fr\\\/#\\\/schema\\\/logo\\\/image\\\/\"},\"sameAs\":[\"https:\\\/\\\/www.facebook.com\\\/MiaHaircare\",\"https:\\\/\\\/x.com\\\/HaircareMia\",\"https:\\\/\\\/www.instagram.com\\\/miahaircare\"]}]}<\/script>\n<!-- \/ Yoast SEO plugin. -->","yoast_head_json":{"title":"Contactez-nous - Mia Haircare","description":"Votre voyage capillaire commence ici. Contactez Mia Haircare ! Nous sommes passionn\u00e9s par la cr\u00e9ation de votre routine capillaire v\u00e9g\u00e9talienne parfaite. Posez des questions sur les produits, l'exp\u00e9dition, ou dites simplement bonjour ! Votre histoire capillaire compte pour nous.","robots":{"index":"index","follow":"follow","max-snippet":"max-snippet:-1","max-image-preview":"max-image-preview:large","max-video-preview":"max-video-preview:-1"},"canonical":"https:\/\/www.miahaircare.com\/fr\/contactez-nous\/","og_locale":"fr_FR","og_type":"article","og_title":"Contactez-nous - Mia Haircare","og_description":"Votre voyage capillaire commence ici. Contactez Mia Haircare ! Nous sommes passionn\u00e9s par la cr\u00e9ation de votre routine capillaire v\u00e9g\u00e9talienne parfaite. Posez des questions sur les produits, l'exp\u00e9dition, ou dites simplement bonjour ! Votre histoire capillaire compte pour nous.","og_url":"https:\/\/www.miahaircare.com\/fr\/contactez-nous\/","og_site_name":"Mia Haircare","article_publisher":"https:\/\/www.facebook.com\/MiaHaircare","article_modified_time":"2024-01-11T08:58:07+00:00","og_image":[{"width":1200,"height":675,"url":"https:\/\/www.miahaircare.com\/wp-content\/uploads\/2024\/10\/Mia-Haircare-Natural-Hair-Products-1.png","type":"image\/png"}],"twitter_card":"summary_large_image","twitter_site":"@HaircareMia","twitter_misc":{"Dur\u00e9e de lecture estim\u00e9e":"2 minutes"},"schema":{"@context":"https:\/\/schema.org","@graph":[{"@type":"WebPage","@id":"https:\/\/www.miahaircare.com\/fr\/contactez-nous\/","url":"https:\/\/www.miahaircare.com\/fr\/contactez-nous\/","name":"Contactez-nous - Mia Haircare","isPartOf":{"@id":"https:\/\/www.miahaircare.com\/fr\/#website"},"datePublished":"2017-09-27T17:08:21+00:00","dateModified":"2024-01-11T08:58:07+00:00","description":"Votre voyage capillaire commence ici. Contactez Mia Haircare ! Nous sommes passionn\u00e9s par la cr\u00e9ation de votre routine capillaire v\u00e9g\u00e9talienne parfaite. Posez des questions sur les produits, l'exp\u00e9dition, ou dites simplement bonjour ! Votre histoire capillaire compte pour nous.","breadcrumb":{"@id":"https:\/\/www.miahaircare.com\/fr\/contactez-nous\/#breadcrumb"},"inLanguage":"fr-FR","potentialAction":[{"@type":"ReadAction","target":["https:\/\/www.miahaircare.com\/fr\/contactez-nous\/"]}]},{"@type":"BreadcrumbList","@id":"https:\/\/www.miahaircare.com\/fr\/contactez-nous\/#breadcrumb","itemListElement":[{"@type":"ListItem","position":1,"name":"Home","item":"https:\/\/www.miahaircare.com\/fr\/"},{"@type":"ListItem","position":2,"name":"Contactez-nous"}]},{"@type":"WebSite","@id":"https:\/\/www.miahaircare.com\/fr\/#website","url":"https:\/\/www.miahaircare.com\/fr\/","name":"Mia Haircare","description":"Unleash your natural radiance. Discover confidence, power, with Mia","publisher":{"@id":"https:\/\/www.miahaircare.com\/fr\/#organization"},"potentialAction":[{"@type":"SearchAction","target":{"@type":"EntryPoint","urlTemplate":"https:\/\/www.miahaircare.com\/fr\/?s={search_term_string}"},"query-input":{"@type":"PropertyValueSpecification","valueRequired":true,"valueName":"search_term_string"}}],"inLanguage":"fr-FR"},{"@type":"Organization","@id":"https:\/\/www.miahaircare.com\/fr\/#organization","name":"Mia Natural Body Care Products","url":"https:\/\/www.miahaircare.com\/fr\/","logo":{"@type":"ImageObject","inLanguage":"fr-FR","@id":"https:\/\/www.miahaircare.com\/fr\/#\/schema\/logo\/image\/","url":"https:\/\/miahaircare.com\/wp-content\/uploads\/2023\/09\/mia-haircare-natural-australian-body-care-products-i.png","contentUrl":"https:\/\/miahaircare.com\/wp-content\/uploads\/2023\/09\/mia-haircare-natural-australian-body-care-products-i.png","width":500,"height":500,"caption":"Mia Natural Body Care Products"},"image":{"@id":"https:\/\/www.miahaircare.com\/fr\/#\/schema\/logo\/image\/"},"sameAs":["https:\/\/www.facebook.com\/MiaHaircare","https:\/\/x.com\/HaircareMia","https:\/\/www.instagram.com\/miahaircare"]}]}},"_links":{"self":[{"href":"https:\/\/www.miahaircare.com\/fr\/wp-json\/wp\/v2\/pages\/5053","targetHints":{"allow":["GET"]}}],"collection":[{"href":"https:\/\/www.miahaircare.com\/fr\/wp-json\/wp\/v2\/pages"}],"about":[{"href":"https:\/\/www.miahaircare.com\/fr\/wp-json\/wp\/v2\/types\/page"}],"author":[{"embeddable":true,"href":"https:\/\/www.miahaircare.com\/fr\/wp-json\/wp\/v2\/users\/1"}],"replies":[{"embeddable":true,"href":"https:\/\/www.miahaircare.com\/fr\/wp-json\/wp\/v2\/comments?post=5053"}],"version-history":[{"count":9,"href":"https:\/\/www.miahaircare.com\/fr\/wp-json\/wp\/v2\/pages\/5053\/revisions"}],"predecessor-version":[{"id":6072,"href":"https:\/\/www.miahaircare.com\/fr\/wp-json\/wp\/v2\/pages\/5053\/revisions\/6072"}],"wp:attachment":[{"href":"https:\/\/www.miahaircare.com\/fr\/wp-json\/wp\/v2\/media?parent=5053"}],"curies":[{"name":"wp","href":"https:\/\/api.w.org\/{rel}","templated":true}]}}