{"id":5010,"date":"2023-12-21T06:56:24","date_gmt":"2023-12-21T06:56:24","guid":{"rendered":"https:\/\/miahaircare.com\/commande-retour\/"},"modified":"2024-01-02T09:35:52","modified_gmt":"2024-01-02T09:35:52","slug":"commande-retour","status":"publish","type":"page","link":"https:\/\/www.miahaircare.com\/fr\/commande-retour\/","title":{"rendered":"Commande &amp; Retour"},"content":{"rendered":"<div class=\"wpb-content-wrapper\"><p>[vc_row][vc_column][vc_column_text]<\/p>\n<h2 style=\"text-align: center;\">Commande et Retour<\/h2>\n<h3><strong>Informations sur la commande<\/strong><\/h3>\n<p><strong>Passer une commande et payer en toute confiance<\/strong><\/p>\n<p><strong>Chez Mia Haircare, nous rendons la commande simple et s\u00e9curis\u00e9e. Voici comment \u00e7a fonctionne<\/strong><\/p>\n<ol>\n<li><strong>Parcourir les produits : Explorez notre collection de soins capillaires et ajoutez vos favoris au panier.<\/strong><\/li>\n<li><strong>V\u00e9rifier le panier : V\u00e9rifiez vos s\u00e9lections et proc\u00e9dez au paiement.<\/strong><\/li>\n<li><strong>Paiement s\u00e9curis\u00e9 : Entrez vos informations de livraison et de paiement.<\/strong><\/li>\n<li><strong>M\u00e9thodes de paiement : Nous acceptons les principales cartes de d\u00e9bit et les m\u00e9thodes de paiement populaires dans le monde entier.<\/strong><\/li>\n<li><strong>Confirmation de commande : Une fois termin\u00e9, vous recevrez une confirmation par e-mail et pourrez consulter les d\u00e9tails de votre commande sur votre tableau de bord de compte.<\/strong><\/li>\n<\/ol>\n<h3><strong>Suivi de commande<\/strong><\/h3>\n<p><strong>Restez inform\u00e9 du parcours de votre commande ! Nous vous fournirons un num\u00e9ro de suivi d\u00e8s l&rsquo;exp\u00e9dition de votre commande. Suivez facilement son \u00e9volution en utilisant le lien dans votre e-mail de confirmation.<\/strong><\/p>\n<h3><strong>Informations de livraison<\/strong><\/h3>\n<h4><strong>D\u00e9lais de livraison<\/strong><\/h4>\n<div class=\"markdown markdown-main-panel\" dir=\"ltr\">\n<ul>\n<li><strong>Livraison express nationale : Les commandes aux \u00c9tats-Unis arrivent g\u00e9n\u00e9ralement dans les 2 \u00e0 6 jours ouvrables apr\u00e8s l&rsquo;exp\u00e9dition.<\/strong><\/li>\n<li><strong>Livraison internationale rapide : Les commandes internationales peuvent prendre de 3 \u00e0 10 jours ouvrables pour arriver, selon votre emplacement et le mode de livraison.<\/strong><\/li>\n<\/ul>\n<p>&nbsp;<\/p>\n<\/div>\n<h3><strong>Annulation de commande<\/strong><\/h3>\n<p><strong>Besoin de faire un changement ? Contactez-nous rapidement pour obtenir de l&rsquo;aide. Bien que nous traitions les commandes rapidement, nous ferons de notre mieux pour r\u00e9pondre aux demandes d&rsquo;annulation.<\/strong><\/p>\n<h3><strong>Informations sur les retours<\/strong><\/h3>\n<p><strong><em>Retours sans tracas pour votre satisfaction<\/em><\/strong><\/p>\n<p><strong>Nous nous engageons \u00e0 votre bonheur avec chaque achat chez Mia Haircare. Si vous avez besoin d&rsquo;un retour, voici comment nous simplifions les choses :<\/strong><\/p>\n<ol>\n<li><strong>\u00c9ligibilit\u00e9 au retour : Vous pouvez retourner les produits non utilis\u00e9s et non ouverts dans les 15 jours suivant la r\u00e9ception. Les produits arriv\u00e9s endommag\u00e9s ou cass\u00e9s sont \u00e9galement \u00e9ligibles au retour (preuve requise).<\/strong><\/li>\n<li><strong>Amorcer un retour : <a href=\"https:\/\/miahaircare.com\/fr\/contactez-nous\/\">Contactez-nous<\/a> par e-mail \u00e0 <a target=\"_new\" rel=\"noopener\">help@miahaircare.com<\/a> pour commencer le processus de retour.<\/strong><\/li>\n<li><strong>Frais de retour : Veuillez retourner les articles dans leur emballage d&rsquo;origine. Vous serez responsable des frais de retour. Nous fournirons des \u00e9tiquettes de retour et des instructions.<\/strong><\/li>\n<li><strong>Traitement du remboursement : Une fois que nous recevons votre retour, nous \u00e9mettrons un remboursement sur votre mode de paiement d&rsquo;origine dans un d\u00e9lai de 14 jours ouvrables.<\/strong><\/li>\n<\/ol>\n<h3><strong>Des questions suppl\u00e9mentaires ?<\/strong><\/h3>\n<p><strong>Nous sommes l\u00e0 pour vous aider ! Contactez notre \u00e9quipe sympathique du service client\u00e8le \u00e0 l&rsquo;adresse <a target=\"_new\" rel=\"noopener\">help@miahaircare.com<\/a> pour toute question concernant votre commande ou votre retour.<\/strong>[\/vc_column_text][\/vc_column][\/vc_row][vc_row][vc_column][vc_empty_space][\/vc_column][\/vc_row]<\/p>\n<\/div>","protected":false},"excerpt":{"rendered":"<p>[vc_row][vc_column][vc_column_text] Commande et Retour Informations sur la commande Passer une commande et payer en toute confiance Chez Mia Haircare, nous rendons la commande simple et s\u00e9curis\u00e9e. Voici comment \u00e7a fonctionne Parcourir les produits : Explorez notre collection de soins capillaires et ajoutez vos favoris au panier. V\u00e9rifier le panier : V\u00e9rifiez vos s\u00e9lections et proc\u00e9dez [&hellip;]<\/p>\n","protected":false},"author":1,"featured_media":0,"parent":0,"menu_order":0,"comment_status":"closed","ping_status":"closed","template":"","meta":{"footnotes":""},"class_list":["post-5010","page","type-page","status-publish","hentry"],"yoast_head":"<!-- This site is optimized with the Yoast SEO plugin v27.4 - https:\/\/yoast.com\/product\/yoast-seo-wordpress\/ -->\n<title>Commande &amp; Retour - Mia Haircare<\/title>\n<meta name=\"robots\" content=\"index, follow, max-snippet:-1, max-image-preview:large, max-video-preview:-1\" \/>\n<link rel=\"canonical\" href=\"https:\/\/www.miahaircare.com\/fr\/commande-retour\/\" \/>\n<meta property=\"og:locale\" content=\"fr_FR\" \/>\n<meta property=\"og:type\" content=\"article\" \/>\n<meta property=\"og:title\" content=\"Commande &amp; Retour - Mia Haircare\" \/>\n<meta property=\"og:description\" content=\"[vc_row][vc_column][vc_column_text] Commande et Retour Informations sur la commande Passer une commande et payer en toute confiance Chez Mia Haircare, nous rendons la commande simple et s\u00e9curis\u00e9e. Voici comment \u00e7a fonctionne Parcourir les produits : Explorez notre collection de soins capillaires et ajoutez vos favoris au panier. V\u00e9rifier le panier : V\u00e9rifiez vos s\u00e9lections et proc\u00e9dez [&hellip;]\" \/>\n<meta property=\"og:url\" content=\"https:\/\/www.miahaircare.com\/fr\/commande-retour\/\" \/>\n<meta property=\"og:site_name\" content=\"Mia Haircare\" \/>\n<meta property=\"article:publisher\" content=\"https:\/\/www.facebook.com\/MiaHaircare\" \/>\n<meta property=\"article:modified_time\" content=\"2024-01-02T09:35:52+00:00\" \/>\n<meta property=\"og:image\" content=\"https:\/\/www.miahaircare.com\/wp-content\/uploads\/2024\/10\/Mia-Haircare-Natural-Hair-Products-1.png\" \/>\n\t<meta property=\"og:image:width\" content=\"1200\" \/>\n\t<meta property=\"og:image:height\" content=\"675\" \/>\n\t<meta property=\"og:image:type\" content=\"image\/png\" \/>\n<meta name=\"twitter:card\" content=\"summary_large_image\" \/>\n<meta name=\"twitter:site\" content=\"@HaircareMia\" \/>\n<meta name=\"twitter:label1\" content=\"Dur\u00e9e de lecture estim\u00e9e\" \/>\n\t<meta name=\"twitter:data1\" content=\"2 minutes\" \/>\n<script type=\"application\/ld+json\" class=\"yoast-schema-graph\">{\"@context\":\"https:\\\/\\\/schema.org\",\"@graph\":[{\"@type\":\"WebPage\",\"@id\":\"https:\\\/\\\/www.miahaircare.com\\\/fr\\\/commande-retour\\\/\",\"url\":\"https:\\\/\\\/www.miahaircare.com\\\/fr\\\/commande-retour\\\/\",\"name\":\"Commande &amp; Retour - Mia Haircare\",\"isPartOf\":{\"@id\":\"https:\\\/\\\/www.miahaircare.com\\\/fr\\\/#website\"},\"datePublished\":\"2023-12-21T06:56:24+00:00\",\"dateModified\":\"2024-01-02T09:35:52+00:00\",\"breadcrumb\":{\"@id\":\"https:\\\/\\\/www.miahaircare.com\\\/fr\\\/commande-retour\\\/#breadcrumb\"},\"inLanguage\":\"fr-FR\",\"potentialAction\":[{\"@type\":\"ReadAction\",\"target\":[\"https:\\\/\\\/www.miahaircare.com\\\/fr\\\/commande-retour\\\/\"]}]},{\"@type\":\"BreadcrumbList\",\"@id\":\"https:\\\/\\\/www.miahaircare.com\\\/fr\\\/commande-retour\\\/#breadcrumb\",\"itemListElement\":[{\"@type\":\"ListItem\",\"position\":1,\"name\":\"Home\",\"item\":\"https:\\\/\\\/www.miahaircare.com\\\/fr\\\/\"},{\"@type\":\"ListItem\",\"position\":2,\"name\":\"Commande &amp; Retour\"}]},{\"@type\":\"WebSite\",\"@id\":\"https:\\\/\\\/www.miahaircare.com\\\/fr\\\/#website\",\"url\":\"https:\\\/\\\/www.miahaircare.com\\\/fr\\\/\",\"name\":\"Mia Haircare\",\"description\":\"Unleash your natural radiance. Discover confidence, power, with Mia\",\"publisher\":{\"@id\":\"https:\\\/\\\/www.miahaircare.com\\\/fr\\\/#organization\"},\"potentialAction\":[{\"@type\":\"SearchAction\",\"target\":{\"@type\":\"EntryPoint\",\"urlTemplate\":\"https:\\\/\\\/www.miahaircare.com\\\/fr\\\/?s={search_term_string}\"},\"query-input\":{\"@type\":\"PropertyValueSpecification\",\"valueRequired\":true,\"valueName\":\"search_term_string\"}}],\"inLanguage\":\"fr-FR\"},{\"@type\":\"Organization\",\"@id\":\"https:\\\/\\\/www.miahaircare.com\\\/fr\\\/#organization\",\"name\":\"Mia Natural Body Care Products\",\"url\":\"https:\\\/\\\/www.miahaircare.com\\\/fr\\\/\",\"logo\":{\"@type\":\"ImageObject\",\"inLanguage\":\"fr-FR\",\"@id\":\"https:\\\/\\\/www.miahaircare.com\\\/fr\\\/#\\\/schema\\\/logo\\\/image\\\/\",\"url\":\"https:\\\/\\\/miahaircare.com\\\/wp-content\\\/uploads\\\/2023\\\/09\\\/mia-haircare-natural-australian-body-care-products-i.png\",\"contentUrl\":\"https:\\\/\\\/miahaircare.com\\\/wp-content\\\/uploads\\\/2023\\\/09\\\/mia-haircare-natural-australian-body-care-products-i.png\",\"width\":500,\"height\":500,\"caption\":\"Mia Natural Body Care Products\"},\"image\":{\"@id\":\"https:\\\/\\\/www.miahaircare.com\\\/fr\\\/#\\\/schema\\\/logo\\\/image\\\/\"},\"sameAs\":[\"https:\\\/\\\/www.facebook.com\\\/MiaHaircare\",\"https:\\\/\\\/x.com\\\/HaircareMia\",\"https:\\\/\\\/www.instagram.com\\\/miahaircare\"]}]}<\/script>\n<!-- \/ Yoast SEO plugin. -->","yoast_head_json":{"title":"Commande &amp; Retour - Mia Haircare","robots":{"index":"index","follow":"follow","max-snippet":"max-snippet:-1","max-image-preview":"max-image-preview:large","max-video-preview":"max-video-preview:-1"},"canonical":"https:\/\/www.miahaircare.com\/fr\/commande-retour\/","og_locale":"fr_FR","og_type":"article","og_title":"Commande &amp; Retour - Mia Haircare","og_description":"[vc_row][vc_column][vc_column_text] Commande et Retour Informations sur la commande Passer une commande et payer en toute confiance Chez Mia Haircare, nous rendons la commande simple et s\u00e9curis\u00e9e. Voici comment \u00e7a fonctionne Parcourir les produits : Explorez notre collection de soins capillaires et ajoutez vos favoris au panier. V\u00e9rifier le panier : V\u00e9rifiez vos s\u00e9lections et proc\u00e9dez [&hellip;]","og_url":"https:\/\/www.miahaircare.com\/fr\/commande-retour\/","og_site_name":"Mia Haircare","article_publisher":"https:\/\/www.facebook.com\/MiaHaircare","article_modified_time":"2024-01-02T09:35:52+00:00","og_image":[{"width":1200,"height":675,"url":"https:\/\/www.miahaircare.com\/wp-content\/uploads\/2024\/10\/Mia-Haircare-Natural-Hair-Products-1.png","type":"image\/png"}],"twitter_card":"summary_large_image","twitter_site":"@HaircareMia","twitter_misc":{"Dur\u00e9e de lecture estim\u00e9e":"2 minutes"},"schema":{"@context":"https:\/\/schema.org","@graph":[{"@type":"WebPage","@id":"https:\/\/www.miahaircare.com\/fr\/commande-retour\/","url":"https:\/\/www.miahaircare.com\/fr\/commande-retour\/","name":"Commande &amp; Retour - Mia Haircare","isPartOf":{"@id":"https:\/\/www.miahaircare.com\/fr\/#website"},"datePublished":"2023-12-21T06:56:24+00:00","dateModified":"2024-01-02T09:35:52+00:00","breadcrumb":{"@id":"https:\/\/www.miahaircare.com\/fr\/commande-retour\/#breadcrumb"},"inLanguage":"fr-FR","potentialAction":[{"@type":"ReadAction","target":["https:\/\/www.miahaircare.com\/fr\/commande-retour\/"]}]},{"@type":"BreadcrumbList","@id":"https:\/\/www.miahaircare.com\/fr\/commande-retour\/#breadcrumb","itemListElement":[{"@type":"ListItem","position":1,"name":"Home","item":"https:\/\/www.miahaircare.com\/fr\/"},{"@type":"ListItem","position":2,"name":"Commande &amp; Retour"}]},{"@type":"WebSite","@id":"https:\/\/www.miahaircare.com\/fr\/#website","url":"https:\/\/www.miahaircare.com\/fr\/","name":"Mia Haircare","description":"Unleash your natural radiance. Discover confidence, power, with Mia","publisher":{"@id":"https:\/\/www.miahaircare.com\/fr\/#organization"},"potentialAction":[{"@type":"SearchAction","target":{"@type":"EntryPoint","urlTemplate":"https:\/\/www.miahaircare.com\/fr\/?s={search_term_string}"},"query-input":{"@type":"PropertyValueSpecification","valueRequired":true,"valueName":"search_term_string"}}],"inLanguage":"fr-FR"},{"@type":"Organization","@id":"https:\/\/www.miahaircare.com\/fr\/#organization","name":"Mia Natural Body Care Products","url":"https:\/\/www.miahaircare.com\/fr\/","logo":{"@type":"ImageObject","inLanguage":"fr-FR","@id":"https:\/\/www.miahaircare.com\/fr\/#\/schema\/logo\/image\/","url":"https:\/\/miahaircare.com\/wp-content\/uploads\/2023\/09\/mia-haircare-natural-australian-body-care-products-i.png","contentUrl":"https:\/\/miahaircare.com\/wp-content\/uploads\/2023\/09\/mia-haircare-natural-australian-body-care-products-i.png","width":500,"height":500,"caption":"Mia Natural Body Care Products"},"image":{"@id":"https:\/\/www.miahaircare.com\/fr\/#\/schema\/logo\/image\/"},"sameAs":["https:\/\/www.facebook.com\/MiaHaircare","https:\/\/x.com\/HaircareMia","https:\/\/www.instagram.com\/miahaircare"]}]}},"_links":{"self":[{"href":"https:\/\/www.miahaircare.com\/fr\/wp-json\/wp\/v2\/pages\/5010","targetHints":{"allow":["GET"]}}],"collection":[{"href":"https:\/\/www.miahaircare.com\/fr\/wp-json\/wp\/v2\/pages"}],"about":[{"href":"https:\/\/www.miahaircare.com\/fr\/wp-json\/wp\/v2\/types\/page"}],"author":[{"embeddable":true,"href":"https:\/\/www.miahaircare.com\/fr\/wp-json\/wp\/v2\/users\/1"}],"replies":[{"embeddable":true,"href":"https:\/\/www.miahaircare.com\/fr\/wp-json\/wp\/v2\/comments?post=5010"}],"version-history":[{"count":5,"href":"https:\/\/www.miahaircare.com\/fr\/wp-json\/wp\/v2\/pages\/5010\/revisions"}],"predecessor-version":[{"id":5015,"href":"https:\/\/www.miahaircare.com\/fr\/wp-json\/wp\/v2\/pages\/5010\/revisions\/5015"}],"wp:attachment":[{"href":"https:\/\/www.miahaircare.com\/fr\/wp-json\/wp\/v2\/media?parent=5010"}],"curies":[{"name":"wp","href":"https:\/\/api.w.org\/{rel}","templated":true}]}}