{"id":5144,"date":"2022-06-28T01:12:28","date_gmt":"2022-06-28T01:12:28","guid":{"rendered":"https:\/\/miahaircare.com\/product\/mia-haircare-purple-shampoo-verabschieden-sie-sich-von-messingtoenen-und-umarmen-sie-die-brillanz-fuer-blondes-und-silbernes-haar\/"},"modified":"2024-01-11T10:35:01","modified_gmt":"2024-01-11T10:35:01","slug":"mia-haircare-purple-shampoo-verabschieden-sie-sich-von-messingtoenen-und-umarmen-sie-die-brillanz-fuer-blondes-und-silbernes-haar","status":"publish","type":"product","link":"https:\/\/www.miahaircare.com\/de\/produkt\/mia-haircare-purple-shampoo-verabschieden-sie-sich-von-messingtoenen-und-umarmen-sie-die-brillanz-fuer-blondes-und-silbernes-haar\/","title":{"rendered":"Mia Haircare Nat\u00fcrliches Lila Shampoo &#8211; Vertreibe Messing und umarme die Brillanz f\u00fcr blondes und silbernes Haar."},"content":{"rendered":"<div class=\"wpb-content-wrapper\"><p>[vc_row][vc_column][vc_column_text]<\/p>\n<div class=\"markdown markdown-main-panel\" dir=\"ltr\">\n<p data-sourcepos=\"7:1-7:234\"><strong>Verzichten Sie auf den Salon und bezwingen Sie Messingt\u00f6ne zu Hause mit dem Mia Haircare Purple Shampoo. Diese kraftvoll sanfte Formel tonisiert, reinigt und belebt blondes und silbernes Haar auf gekonnte Weise, sodass es lebhaft k\u00fchl und frei von unerw\u00fcnschten gelben Untert\u00f6nen erscheint.<\/strong><\/p>\n<p data-sourcepos=\"9:1-9:197\"><strong>Angereichert mit einem speziellen Farbstoff und pflegenden Inhaltsstoffen wie Argan\u00f6l, Vitamin B5 (Panthenol) und Quinoa, bek\u00e4mpft unser lila Shampoo Messingt\u00f6ne und hinterl\u00e4sst das Haar weich, hydratisiert und voller Glanz.<\/strong><\/p>\n<h3 data-sourcepos=\"11:1-11:17\"><strong>Hauptvorteile:<\/strong><\/h3>\n<ul data-sourcepos=\"13:1-20:0\">\n<li data-sourcepos=\"13:1-13:46\"><strong>Neutralisiert Messingt\u00f6ne und gelbe Untert\u00f6ne<\/strong><\/li>\n<li data-sourcepos=\"14:1-14:44\"><strong>T\u00f6nt und hellt blondes und silbernes Haar auf<\/strong><\/li>\n<li data-sourcepos=\"15:1-15:29\"><strong>Verbessert den Glanz und die Geschmeidigkeit<\/strong><\/li>\n<li data-sourcepos=\"16:1-16:30\"><strong>Sanfte, sulfatfreie Formel<\/strong><\/li>\n<li data-sourcepos=\"17:1-17:29\"><strong>Pflegt und spendet Feuchtigkeit f\u00fcr das Haar<\/strong><\/li>\n<li data-sourcepos=\"18:1-18:24\"><strong>Vegan und tierversuchsfrei<\/strong><\/li>\n<li data-sourcepos=\"19:1-20:0\"><strong>Hergestellt mit zertifizierten Bio-Zutaten<\/strong><\/li>\n<\/ul>\n<h3 data-sourcepos=\"21:1-21:27\"><strong>Weitere Informationen:<\/strong><\/h3>\n<ul data-sourcepos=\"23:1-27:0\">\n<li data-sourcepos=\"23:1-23:13\"><strong>Gr\u00f6\u00dfe: 250ml<\/strong><\/li>\n<li data-sourcepos=\"24:1-24:103\"><strong>Schl\u00fcsselzutaten: Argan\u00f6l, Vitamin B5 (Panthenol), Quinoa, Sonnenblumen\u00f6l, Rosmarinblattextrakt<\/strong><\/li>\n<li data-sourcepos=\"25:1-25:350\"><strong>Mit Stolz in Australien hergestellt, spiegeln MIA HAIRCARE-Produkte unser Engagement f\u00fcr Qualit\u00e4t und Pflege wider. Wir haben sorgf\u00e4ltig vegane organische Inhaltsstoffe ausgew\u00e4hlt, die auf Sulfate, Parabene, Ethoxylate, Propylenglykol, petrochemische Reinigungsmittel, Phthalate und DEA verzichten. Seien Sie versichert, unsere Produkte werden niemals an Tieren getestet und verk\u00f6rpern unsere werteorientierte, tierversuchsfreie Einstellung.<\/strong><\/li>\n<li data-sourcepos=\"26:1-27:0\"><strong>Hergestellt mit zertifizierten Bio-Zutaten<\/strong><\/li>\n<\/ul>\n<h3 data-sourcepos=\"28:1-28:19\"><strong>Bestellen Sie noch heute Ihres:<\/strong><\/h3>\n<p data-sourcepos=\"30:1-30:176\"><strong>Heben Sie Ihre Haarpflegeroutine auf ein neues Niveau und entdecken Sie die Brillanz Ihres blonden oder silbernen Haars mit dem Mia Haircare Purple Shampoo wieder. Bestellen Sie noch heute und entfesseln Sie den inneren Glanz Ihrer Haare!<\/strong><\/p>\n<\/div>\n<p>[\/vc_column_text][\/vc_column][\/vc_row]<\/p>\n<\/div>","protected":false},"excerpt":{"rendered":"<p>[vc_row][vc_column][vc_column_text] Verzichten Sie auf den Salon und bezwingen Sie Messingt\u00f6ne zu Hause mit dem Mia Haircare Purple Shampoo. Diese kraftvoll sanfte Formel tonisiert, reinigt und belebt blondes und silbernes Haar auf gekonnte Weise, sodass es lebhaft k\u00fchl und frei von unerw\u00fcnschten gelben Untert\u00f6nen erscheint. Angereichert mit einem speziellen Farbstoff und pflegenden Inhaltsstoffen wie Argan\u00f6l, Vitamin [&hellip;]<\/p>\n","protected":false},"featured_media":5967,"comment_status":"open","ping_status":"closed","template":"","meta":[],"product_brand":[],"product_cat":[218],"product_tag":[],"class_list":{"0":"post-5144","1":"product","2":"type-product","3":"status-publish","4":"has-post-thumbnail","6":"product_cat-haarpflege","8":"first","9":"instock","10":"sale","11":"featured","12":"shipping-taxable","13":"purchasable","14":"product-type-simple"},"yoast_head":"<!-- This site is optimized with the Yoast SEO plugin v27.5 - https:\/\/yoast.com\/product\/yoast-seo-wordpress\/ -->\n<title>Nat\u00fcrliches veganes lila Shampoo: Belebe und tone blondes Haar. - Mia Haircare<\/title>\n<meta name=\"description\" content=\"Salonw\u00fcrdiges Blond zu Hause. Mia Haircare&#039;s Nat\u00fcrliches Veganes lila Shampoo verleiht Ihnen strahlende T\u00f6ne ohne den Preisschild eines Salons. Jetzt einkaufen!\" \/>\n<meta name=\"robots\" content=\"index, follow, max-snippet:-1, max-image-preview:large, max-video-preview:-1\" \/>\n<link rel=\"canonical\" href=\"https:\/\/www.miahaircare.com\/de\/produkt\/mia-haircare-purple-shampoo-verabschieden-sie-sich-von-messingtoenen-und-umarmen-sie-die-brillanz-fuer-blondes-und-silbernes-haar\/\" \/>\n<meta property=\"og:locale\" content=\"de_DE\" \/>\n<meta property=\"og:type\" content=\"article\" \/>\n<meta property=\"og:title\" content=\"Nat\u00fcrliches veganes lila Shampoo: Belebe und tone blondes Haar. - Mia Haircare\" \/>\n<meta property=\"og:description\" content=\"Salonw\u00fcrdiges Blond zu Hause. Mia Haircare&#039;s Nat\u00fcrliches Veganes lila Shampoo verleiht Ihnen strahlende T\u00f6ne ohne den Preisschild eines Salons. Jetzt einkaufen!\" \/>\n<meta property=\"og:url\" content=\"https:\/\/www.miahaircare.com\/de\/produkt\/mia-haircare-purple-shampoo-verabschieden-sie-sich-von-messingtoenen-und-umarmen-sie-die-brillanz-fuer-blondes-und-silbernes-haar\/\" \/>\n<meta property=\"og:site_name\" content=\"Mia Haircare\" \/>\n<meta property=\"article:publisher\" content=\"https:\/\/www.facebook.com\/MiaHaircare\" \/>\n<meta property=\"article:modified_time\" content=\"2024-01-11T10:35:01+00:00\" \/>\n<meta property=\"og:image\" content=\"https:\/\/www.miahaircare.com\/wp-content\/uploads\/2022\/06\/mia-haircare-natural-vegan-purple-shampoo.png\" \/>\n\t<meta property=\"og:image:width\" content=\"2000\" \/>\n\t<meta property=\"og:image:height\" content=\"2000\" \/>\n\t<meta property=\"og:image:type\" content=\"image\/png\" \/>\n<meta name=\"twitter:card\" content=\"summary_large_image\" \/>\n<meta name=\"twitter:site\" content=\"@HaircareMia\" \/>\n<meta name=\"twitter:label1\" content=\"Gesch\u00e4tzte Lesezeit\" \/>\n\t<meta name=\"twitter:data1\" content=\"1\u00a0Minute\" \/>\n<script type=\"application\/ld+json\" class=\"yoast-schema-graph\">{\"@context\":\"https:\\\/\\\/schema.org\",\"@graph\":[{\"@type\":\"WebPage\",\"@id\":\"https:\\\/\\\/www.miahaircare.com\\\/de\\\/produkt\\\/mia-haircare-purple-shampoo-verabschieden-sie-sich-von-messingtoenen-und-umarmen-sie-die-brillanz-fuer-blondes-und-silbernes-haar\\\/\",\"url\":\"https:\\\/\\\/www.miahaircare.com\\\/de\\\/produkt\\\/mia-haircare-purple-shampoo-verabschieden-sie-sich-von-messingtoenen-und-umarmen-sie-die-brillanz-fuer-blondes-und-silbernes-haar\\\/\",\"name\":\"Nat\u00fcrliches veganes lila Shampoo: Belebe und tone blondes Haar. - Mia Haircare\",\"isPartOf\":{\"@id\":\"https:\\\/\\\/www.miahaircare.com\\\/de\\\/#website\"},\"primaryImageOfPage\":{\"@id\":\"https:\\\/\\\/www.miahaircare.com\\\/de\\\/produkt\\\/mia-haircare-purple-shampoo-verabschieden-sie-sich-von-messingtoenen-und-umarmen-sie-die-brillanz-fuer-blondes-und-silbernes-haar\\\/#primaryimage\"},\"image\":{\"@id\":\"https:\\\/\\\/www.miahaircare.com\\\/de\\\/produkt\\\/mia-haircare-purple-shampoo-verabschieden-sie-sich-von-messingtoenen-und-umarmen-sie-die-brillanz-fuer-blondes-und-silbernes-haar\\\/#primaryimage\"},\"thumbnailUrl\":\"https:\\\/\\\/www.miahaircare.com\\\/wp-content\\\/uploads\\\/2022\\\/06\\\/mia-haircare-natural-vegan-purple-shampoo.png\",\"datePublished\":\"2022-06-28T01:12:28+00:00\",\"dateModified\":\"2024-01-11T10:35:01+00:00\",\"description\":\"Salonw\u00fcrdiges Blond zu Hause. Mia Haircare's Nat\u00fcrliches Veganes lila Shampoo verleiht Ihnen strahlende T\u00f6ne ohne den Preisschild eines Salons. Jetzt einkaufen!\",\"breadcrumb\":{\"@id\":\"https:\\\/\\\/www.miahaircare.com\\\/de\\\/produkt\\\/mia-haircare-purple-shampoo-verabschieden-sie-sich-von-messingtoenen-und-umarmen-sie-die-brillanz-fuer-blondes-und-silbernes-haar\\\/#breadcrumb\"},\"inLanguage\":\"de\",\"potentialAction\":[{\"@type\":\"ReadAction\",\"target\":[\"https:\\\/\\\/www.miahaircare.com\\\/de\\\/produkt\\\/mia-haircare-purple-shampoo-verabschieden-sie-sich-von-messingtoenen-und-umarmen-sie-die-brillanz-fuer-blondes-und-silbernes-haar\\\/\"]}]},{\"@type\":\"ImageObject\",\"inLanguage\":\"de\",\"@id\":\"https:\\\/\\\/www.miahaircare.com\\\/de\\\/produkt\\\/mia-haircare-purple-shampoo-verabschieden-sie-sich-von-messingtoenen-und-umarmen-sie-die-brillanz-fuer-blondes-und-silbernes-haar\\\/#primaryimage\",\"url\":\"https:\\\/\\\/www.miahaircare.com\\\/wp-content\\\/uploads\\\/2022\\\/06\\\/mia-haircare-natural-vegan-purple-shampoo.png\",\"contentUrl\":\"https:\\\/\\\/www.miahaircare.com\\\/wp-content\\\/uploads\\\/2022\\\/06\\\/mia-haircare-natural-vegan-purple-shampoo.png\",\"width\":2000,\"height\":2000,\"caption\":\"Mia Haircare Natural Vegan Purple Shampoo - Banish Brass & Embrace Brilliance for Blonde and Silver Hair\"},{\"@type\":\"BreadcrumbList\",\"@id\":\"https:\\\/\\\/www.miahaircare.com\\\/de\\\/produkt\\\/mia-haircare-purple-shampoo-verabschieden-sie-sich-von-messingtoenen-und-umarmen-sie-die-brillanz-fuer-blondes-und-silbernes-haar\\\/#breadcrumb\",\"itemListElement\":[{\"@type\":\"ListItem\",\"position\":1,\"name\":\"Home\",\"item\":\"https:\\\/\\\/www.miahaircare.com\\\/de\\\/\"},{\"@type\":\"ListItem\",\"position\":2,\"name\":\"Gesch\u00e4ft\",\"item\":\"https:\\\/\\\/www.miahaircare.com\\\/de\\\/shop-2\\\/\"},{\"@type\":\"ListItem\",\"position\":3,\"name\":\"Mia Haircare Nat\u00fcrliches Lila Shampoo &#8211; Vertreibe Messing und umarme die Brillanz f\u00fcr blondes und silbernes Haar.\"}]},{\"@type\":\"WebSite\",\"@id\":\"https:\\\/\\\/www.miahaircare.com\\\/de\\\/#website\",\"url\":\"https:\\\/\\\/www.miahaircare.com\\\/de\\\/\",\"name\":\"Mia Haircare\",\"description\":\"Unleash your natural radiance. Discover confidence, power, with Mia\",\"publisher\":{\"@id\":\"https:\\\/\\\/www.miahaircare.com\\\/de\\\/#organization\"},\"potentialAction\":[{\"@type\":\"SearchAction\",\"target\":{\"@type\":\"EntryPoint\",\"urlTemplate\":\"https:\\\/\\\/www.miahaircare.com\\\/de\\\/?s={search_term_string}\"},\"query-input\":{\"@type\":\"PropertyValueSpecification\",\"valueRequired\":true,\"valueName\":\"search_term_string\"}}],\"inLanguage\":\"de\"},{\"@type\":\"Organization\",\"@id\":\"https:\\\/\\\/www.miahaircare.com\\\/de\\\/#organization\",\"name\":\"Mia Natural Body Care Products\",\"url\":\"https:\\\/\\\/www.miahaircare.com\\\/de\\\/\",\"logo\":{\"@type\":\"ImageObject\",\"inLanguage\":\"de\",\"@id\":\"https:\\\/\\\/www.miahaircare.com\\\/de\\\/#\\\/schema\\\/logo\\\/image\\\/\",\"url\":\"https:\\\/\\\/miahaircare.com\\\/wp-content\\\/uploads\\\/2023\\\/09\\\/mia-haircare-natural-australian-body-care-products-i.png\",\"contentUrl\":\"https:\\\/\\\/miahaircare.com\\\/wp-content\\\/uploads\\\/2023\\\/09\\\/mia-haircare-natural-australian-body-care-products-i.png\",\"width\":500,\"height\":500,\"caption\":\"Mia Natural Body Care Products\"},\"image\":{\"@id\":\"https:\\\/\\\/www.miahaircare.com\\\/de\\\/#\\\/schema\\\/logo\\\/image\\\/\"},\"sameAs\":[\"https:\\\/\\\/www.facebook.com\\\/MiaHaircare\",\"https:\\\/\\\/x.com\\\/HaircareMia\",\"https:\\\/\\\/www.instagram.com\\\/miahaircare\"]}]}<\/script>\n<!-- \/ Yoast SEO plugin. -->","yoast_head_json":{"title":"Nat\u00fcrliches veganes lila Shampoo: Belebe und tone blondes Haar. - Mia Haircare","description":"Salonw\u00fcrdiges Blond zu Hause. Mia Haircare's Nat\u00fcrliches Veganes lila Shampoo verleiht Ihnen strahlende T\u00f6ne ohne den Preisschild eines Salons. Jetzt einkaufen!","robots":{"index":"index","follow":"follow","max-snippet":"max-snippet:-1","max-image-preview":"max-image-preview:large","max-video-preview":"max-video-preview:-1"},"canonical":"https:\/\/www.miahaircare.com\/de\/produkt\/mia-haircare-purple-shampoo-verabschieden-sie-sich-von-messingtoenen-und-umarmen-sie-die-brillanz-fuer-blondes-und-silbernes-haar\/","og_locale":"de_DE","og_type":"article","og_title":"Nat\u00fcrliches veganes lila Shampoo: Belebe und tone blondes Haar. - Mia Haircare","og_description":"Salonw\u00fcrdiges Blond zu Hause. Mia Haircare's Nat\u00fcrliches Veganes lila Shampoo verleiht Ihnen strahlende T\u00f6ne ohne den Preisschild eines Salons. Jetzt einkaufen!","og_url":"https:\/\/www.miahaircare.com\/de\/produkt\/mia-haircare-purple-shampoo-verabschieden-sie-sich-von-messingtoenen-und-umarmen-sie-die-brillanz-fuer-blondes-und-silbernes-haar\/","og_site_name":"Mia Haircare","article_publisher":"https:\/\/www.facebook.com\/MiaHaircare","article_modified_time":"2024-01-11T10:35:01+00:00","og_image":[{"width":2000,"height":2000,"url":"https:\/\/www.miahaircare.com\/wp-content\/uploads\/2022\/06\/mia-haircare-natural-vegan-purple-shampoo.png","type":"image\/png"}],"twitter_card":"summary_large_image","twitter_site":"@HaircareMia","twitter_misc":{"Gesch\u00e4tzte Lesezeit":"1\u00a0Minute"},"schema":{"@context":"https:\/\/schema.org","@graph":[{"@type":"WebPage","@id":"https:\/\/www.miahaircare.com\/de\/produkt\/mia-haircare-purple-shampoo-verabschieden-sie-sich-von-messingtoenen-und-umarmen-sie-die-brillanz-fuer-blondes-und-silbernes-haar\/","url":"https:\/\/www.miahaircare.com\/de\/produkt\/mia-haircare-purple-shampoo-verabschieden-sie-sich-von-messingtoenen-und-umarmen-sie-die-brillanz-fuer-blondes-und-silbernes-haar\/","name":"Nat\u00fcrliches veganes lila Shampoo: Belebe und tone blondes Haar. - Mia Haircare","isPartOf":{"@id":"https:\/\/www.miahaircare.com\/de\/#website"},"primaryImageOfPage":{"@id":"https:\/\/www.miahaircare.com\/de\/produkt\/mia-haircare-purple-shampoo-verabschieden-sie-sich-von-messingtoenen-und-umarmen-sie-die-brillanz-fuer-blondes-und-silbernes-haar\/#primaryimage"},"image":{"@id":"https:\/\/www.miahaircare.com\/de\/produkt\/mia-haircare-purple-shampoo-verabschieden-sie-sich-von-messingtoenen-und-umarmen-sie-die-brillanz-fuer-blondes-und-silbernes-haar\/#primaryimage"},"thumbnailUrl":"https:\/\/www.miahaircare.com\/wp-content\/uploads\/2022\/06\/mia-haircare-natural-vegan-purple-shampoo.png","datePublished":"2022-06-28T01:12:28+00:00","dateModified":"2024-01-11T10:35:01+00:00","description":"Salonw\u00fcrdiges Blond zu Hause. Mia Haircare's Nat\u00fcrliches Veganes lila Shampoo verleiht Ihnen strahlende T\u00f6ne ohne den Preisschild eines Salons. Jetzt einkaufen!","breadcrumb":{"@id":"https:\/\/www.miahaircare.com\/de\/produkt\/mia-haircare-purple-shampoo-verabschieden-sie-sich-von-messingtoenen-und-umarmen-sie-die-brillanz-fuer-blondes-und-silbernes-haar\/#breadcrumb"},"inLanguage":"de","potentialAction":[{"@type":"ReadAction","target":["https:\/\/www.miahaircare.com\/de\/produkt\/mia-haircare-purple-shampoo-verabschieden-sie-sich-von-messingtoenen-und-umarmen-sie-die-brillanz-fuer-blondes-und-silbernes-haar\/"]}]},{"@type":"ImageObject","inLanguage":"de","@id":"https:\/\/www.miahaircare.com\/de\/produkt\/mia-haircare-purple-shampoo-verabschieden-sie-sich-von-messingtoenen-und-umarmen-sie-die-brillanz-fuer-blondes-und-silbernes-haar\/#primaryimage","url":"https:\/\/www.miahaircare.com\/wp-content\/uploads\/2022\/06\/mia-haircare-natural-vegan-purple-shampoo.png","contentUrl":"https:\/\/www.miahaircare.com\/wp-content\/uploads\/2022\/06\/mia-haircare-natural-vegan-purple-shampoo.png","width":2000,"height":2000,"caption":"Mia Haircare Natural Vegan Purple Shampoo - Banish Brass & Embrace Brilliance for Blonde and Silver Hair"},{"@type":"BreadcrumbList","@id":"https:\/\/www.miahaircare.com\/de\/produkt\/mia-haircare-purple-shampoo-verabschieden-sie-sich-von-messingtoenen-und-umarmen-sie-die-brillanz-fuer-blondes-und-silbernes-haar\/#breadcrumb","itemListElement":[{"@type":"ListItem","position":1,"name":"Home","item":"https:\/\/www.miahaircare.com\/de\/"},{"@type":"ListItem","position":2,"name":"Gesch\u00e4ft","item":"https:\/\/www.miahaircare.com\/de\/shop-2\/"},{"@type":"ListItem","position":3,"name":"Mia Haircare Nat\u00fcrliches Lila Shampoo &#8211; Vertreibe Messing und umarme die Brillanz f\u00fcr blondes und silbernes Haar."}]},{"@type":"WebSite","@id":"https:\/\/www.miahaircare.com\/de\/#website","url":"https:\/\/www.miahaircare.com\/de\/","name":"Mia Haircare","description":"Unleash your natural radiance. Discover confidence, power, with Mia","publisher":{"@id":"https:\/\/www.miahaircare.com\/de\/#organization"},"potentialAction":[{"@type":"SearchAction","target":{"@type":"EntryPoint","urlTemplate":"https:\/\/www.miahaircare.com\/de\/?s={search_term_string}"},"query-input":{"@type":"PropertyValueSpecification","valueRequired":true,"valueName":"search_term_string"}}],"inLanguage":"de"},{"@type":"Organization","@id":"https:\/\/www.miahaircare.com\/de\/#organization","name":"Mia Natural Body Care Products","url":"https:\/\/www.miahaircare.com\/de\/","logo":{"@type":"ImageObject","inLanguage":"de","@id":"https:\/\/www.miahaircare.com\/de\/#\/schema\/logo\/image\/","url":"https:\/\/miahaircare.com\/wp-content\/uploads\/2023\/09\/mia-haircare-natural-australian-body-care-products-i.png","contentUrl":"https:\/\/miahaircare.com\/wp-content\/uploads\/2023\/09\/mia-haircare-natural-australian-body-care-products-i.png","width":500,"height":500,"caption":"Mia Natural Body Care Products"},"image":{"@id":"https:\/\/www.miahaircare.com\/de\/#\/schema\/logo\/image\/"},"sameAs":["https:\/\/www.facebook.com\/MiaHaircare","https:\/\/x.com\/HaircareMia","https:\/\/www.instagram.com\/miahaircare"]}]}},"_links":{"self":[{"href":"https:\/\/www.miahaircare.com\/de\/wp-json\/wp\/v2\/product\/5144","targetHints":{"allow":["GET"]}}],"collection":[{"href":"https:\/\/www.miahaircare.com\/de\/wp-json\/wp\/v2\/product"}],"about":[{"href":"https:\/\/www.miahaircare.com\/de\/wp-json\/wp\/v2\/types\/product"}],"replies":[{"embeddable":true,"href":"https:\/\/www.miahaircare.com\/de\/wp-json\/wp\/v2\/comments?post=5144"}],"wp:featuredmedia":[{"embeddable":true,"href":"https:\/\/www.miahaircare.com\/de\/wp-json\/wp\/v2\/media\/5967"}],"wp:attachment":[{"href":"https:\/\/www.miahaircare.com\/de\/wp-json\/wp\/v2\/media?parent=5144"}],"wp:term":[{"taxonomy":"product_brand","embeddable":true,"href":"https:\/\/www.miahaircare.com\/de\/wp-json\/wp\/v2\/product_brand?post=5144"},{"taxonomy":"product_cat","embeddable":true,"href":"https:\/\/www.miahaircare.com\/de\/wp-json\/wp\/v2\/product_cat?post=5144"},{"taxonomy":"product_tag","embeddable":true,"href":"https:\/\/www.miahaircare.com\/de\/wp-json\/wp\/v2\/product_tag?post=5144"}],"curies":[{"name":"wp","href":"https:\/\/api.w.org\/{rel}","templated":true}]}}