{"id":5069,"date":"2019-10-21T07:42:41","date_gmt":"2019-10-21T07:42:41","guid":{"rendered":"https:\/\/miahaircare.com\/ueber-uns\/"},"modified":"2024-01-11T08:52:03","modified_gmt":"2024-01-11T08:52:03","slug":"ueber-uns","status":"publish","type":"page","link":"https:\/\/www.miahaircare.com\/de\/ueber-uns\/","title":{"rendered":"\u00dcber uns"},"content":{"rendered":"<div class=\"wpb-content-wrapper\"><p>[vc_row el_class=&#8220;margin-top-60&#8243;][vc_column]    <div class=\"nasa-sc-carousel-main nasa-bullets-center\">\r\n                <div \r\n            class=\"nasa-slick-slider nasa-not-elementor-style nasa-slick-nav\"\r\n            data-autoplay=\"false\"\r\n            data-loop=\"false\"\r\n            data-speed=\"600\"\r\n            data-dot=\"true\"\r\n            data-columns=\"1\"\r\n            data-columns-small=\"1\"\r\n            data-columns-tablet=\"1\"\r\n            data-switch-tablet=\"767\"\r\n            data-switch-desktop=\"1024\"\r\n            >\r\n            [vc_column_text]<\/p>\n<h1 class=\"text-center\" style=\"font-weight: 800;\">&#8222;Willkommen bei Mia Haircare: Nat\u00fcrlich Sch\u00f6nheit pflegen.&#8220;<\/h1>\n<p>[\/vc_column_text]        <\/div>\r\n    <\/div>\r\n    [\/vc_column][\/vc_row][vc_row el_class=&#8220;margin-top-50 margin-bottom-60 mobile-margin-top-0&#8243;][vc_column width=&#8220;1\/2&#8243; el_class=&#8220;padding-right-40 padding-top-50 padding-side-mobile-0 mobile-margin-bottom-50 mobile-padding-top-10&#8243;][vc_row_inner][vc_column_inner el_class=&#8220;padding-right-60 padding-side-mobile-0&#8243;][vc_column_text]<strong>Bei Mia Haircare widmen wir uns der Schaffung eines neuen Standards in nat\u00fcrlichen, veganen und organischen K\u00f6rperpflegeprodukten, die stolz im Herzen Australiens hergestellt werden, und teilen diese Qualit\u00e4t mit der ganzen Welt. Unsere Reise begann im Jahr 2021 mit einer einfachen, aber kraftvollen Vision: Sch\u00f6nheit neu definieren, indem wir die Reinheit der Natur umarmen. Wir glauben, dass Sch\u00f6nheit nicht nur gut aussehen bedeutet; es geht auch darum, sich gut zu f\u00fchlen \u2013 innerlich und \u00e4u\u00dferlich.<\/strong><\/p>\n<h2><strong>Unsere Geschichte<\/strong><\/h2>\n<p><strong>Getrieben von einer Leidenschaft f\u00fcr ganzheitliche Sch\u00f6nheit, begab sich unser Gr\u00fcnder auf eine Mission, eine Linie von Haarpflegeprodukten zu kreieren, die den K\u00f6rper und den Planeten ehrt, direkt hier in Australien. Was als herzliches Bestreben begann, hat sich zu Mia Haircare entwickelt, einer Marke, die sich der Bereitstellung luxuri\u00f6ser, pflanzlicher L\u00f6sungen f\u00fcr Ihre Sch\u00f6nheitsroutine verschrieben hat.<\/strong><\/p>\n<h2><strong>Unsere Philosophie<\/strong><\/h2>\n<p><strong>Bei Mia Haircare stehen wir zu drei Kernprinzipien:<\/strong><\/p>\n<p><strong>Nat\u00fcrliche G\u00fcte: Wir widmen uns der Nutzung der nat\u00fcrlichen Potenz Australiens. Unser Engagement erstreckt sich \u00fcber die Herstellung au\u00dfergew\u00f6hnlicher Haarpflegeprodukte hinaus und umfasst eine Vision, die die vielf\u00e4ltigen Reicht\u00fcmer der australischen Natur sowohl f\u00fcr die Haar- als auch K\u00f6rperpflege nutzt. Wir sammeln sorgf\u00e4ltig die feinsten nat\u00fcrlichen Ressourcen, um ihre bereichernden Eigenschaften zu nutzen und Produkte zu kreieren, die gesundes, lebendiges Haar f\u00f6rdern und die Haut pflegen. Wir planen, unser Sortiment zu erweitern, um Ihre komplette Beauty-Routine zu bedienen.<\/strong><\/p>\n<p><strong>Vegane Verpflichtung: Mit einem tierfreundlichen Ansatz sind alle unsere Formulierungen stolz vegan und gew\u00e4hrleisten keine Tierversuche oder tierische Inhaltsstoffe.<\/strong><\/p>\n<p><strong>Australische Exzellenz: Unser Engagement f\u00fcr Qualit\u00e4t reicht bis zu unseren Wurzeln. Jedes Produkt wird sorgf\u00e4ltig in Australien hergestellt und erf\u00fcllt h\u00f6chste Standards in Handwerkskunst und Nachhaltigkeit.<\/strong><\/p>\n<h2><strong>Unser Versprechen<\/strong><\/h2>\n<p><strong>Wir streben nach Exzellenz in jeder Flasche, die wir herstellen, und halten uns an die h\u00f6chsten Standards in Qualit\u00e4t, Reinheit und Wirksamkeit. Unser Engagement geht \u00fcber die Bereitstellung au\u00dfergew\u00f6hnlicher Produkte hinaus; es geht darum, eine Gemeinschaft zu f\u00f6rdern, die auf Vertrauen, Transparenz und gemeinsamen Werten aufbaut.<\/strong><\/p>\n<h2><strong>Treten Sie uns bei<\/strong><\/h2>\n<p><strong>Egal, ob Sie neu bei Mia Haircare sind oder uns seit Anfang an begleiten, wir laden Sie ein, den Unterschied zu erleben, den die G\u00fcte der Natur in Kombination mit australischer Expertise in Ihrer Beauty-Routine machen kann.<\/strong><\/p>\n<p><strong>Vielen Dank, dass Sie Teil unserer Geschichte waren.<\/strong><\/p>\n<p><strong>Herzliche Gr\u00fc\u00dfe,<\/strong><br \/>\n<strong>Mia Haircare.<\/strong>[\/vc_column_text][vc_empty_space height=&#8220;60px&#8220;][\/vc_column_inner][\/vc_row_inner][\/vc_column][vc_column width=&#8220;1\/2&#8243;][vc_row_inner][vc_column_inner]<div class=\"banner nasa-banner\" data-wow-delay=\"0ms\" style=\"height: 655px;\"><div class=\"banner-image nasa-banner-image ns-banner-bg\" style=\"background-image: url(https:\/\/www.miahaircare.com\/wp-content\/uploads\/2023\/12\/Mia-Haircare-About-Us.jpg);background-position: center center;\" data-height=\"655\" data-width=\"480\"><\/div><\/div>[\/vc_column_inner][\/vc_row_inner][vc_row_inner el_class=&#8220;margin-top-30 padding-left-50 mobile-padding-left-0&#8243;][vc_column_inner][vc_column_text]<\/p>\n<h5 style=\"font-weight: 800;\">Adresse<\/h5>\n<p>2310 North Henderson Ave.,<br \/>\nDallas TX 75206, USA[\/vc_column_text][vc_empty_space height=&#8220;30px&#8220;][\/vc_column_inner][vc_column_inner][vc_column_text]<\/p>\n<h5 style=\"font-weight: 800;\">Telefon<\/h5>\n<p>Telefon: (+1)-725-2672-050[\/vc_column_text][vc_empty_space height=&#8220;30px&#8220;][\/vc_column_inner][vc_column_inner][vc_column_text]<\/p>\n<h5 style=\"font-weight: 800;\">E-Mail<\/h5>\n<p>help@miahaircare.com<\/p>\n<p>[\/vc_column_text][vc_empty_space height=&#8220;30px&#8220;][\/vc_column_inner][vc_column_inner]<div class=\"ns-social social-icons nasa-follow\"><div class=\"follow-icon nasa-iflex flex-wrap\"><a href=\"https:\/\/twitter.com\/HaircareMia\" target=\"_blank\" class=\"icon icon_twitter nasa-tip\" title=\"Folgen Sie uns auf X\" rel=\"nofollow\"><svg viewBox=\"0 0 24 24\" with=\"14\" height=\"14\" aria-hidden=\"true\" fill=\"currentColor\"><path d=\"M18.244 2.25h3.308l-7.227 8.26 8.502 11.24H16.17l-5.214-6.817L4.99 21.75H1.68l7.73-8.835L1.254 2.25H8.08l4.713 6.231zm-1.161 17.52h1.833L7.084 4.126H5.117z\"\/><\/svg><\/a><a href=\"https:\/\/www.facebook.com\/MiaHaircare\" target=\"_blank\" class=\"icon icon_facebook nasa-tip\" title=\"Folge uns auf Facebook\" rel=\"nofollow\"><svg viewBox=\"0 0 32 32\" with=\"16\" height=\"16\" fill=\"currentColor\"><path d=\"M 19.253906 2 C 15.311906 2 13 4.0821719 13 8.8261719 L 13 13 L 8 13 L 8 18 L 13 18 L 13 30 L 18 30 L 18 18 L 22 18 L 23 13 L 18 13 L 18 9.671875 C 18 7.884875 18.582766 7 20.259766 7 L 23 7 L 23 2.2050781 C 22.526 2.1410781 21.144906 2 19.253906 2 z\"\/><\/svg><\/a><a href=\"https:\/\/www.pinterest.com\/haircaremia\/\" target=\"_blank\" class=\"icon icon_pintrest nasa-tip\" title=\"Folge uns auf Pinterest\" rel=\"nofollow\"><svg viewBox=\"0 0 16 16\" width=\"16\" height=\"16\" fill=\"currentColor\"><path d=\"M 7.5 1 C 3.910156 1 1 3.910156 1 7.5 C 1 10.253906 2.714844 12.605469 5.132813 13.554688 C 5.074219 13.039063 5.023438 12.25 5.152344 11.6875 C 5.273438 11.183594 5.914063 8.457031 5.914063 8.457031 C 5.914063 8.457031 5.722656 8.066406 5.722656 7.492188 C 5.722656 6.589844 6.246094 5.914063 6.898438 5.914063 C 7.453125 5.914063 7.71875 6.332031 7.71875 6.828125 C 7.71875 7.386719 7.363281 8.222656 7.183594 8.992188 C 7.027344 9.640625 7.507813 10.167969 8.144531 10.167969 C 9.300781 10.167969 10.1875 8.949219 10.1875 7.191406 C 10.1875 5.636719 9.070313 4.546875 7.472656 4.546875 C 5.625 4.546875 4.539063 5.933594 4.539063 7.367188 C 4.539063 7.925781 4.753906 8.527344 5.023438 8.851563 C 5.074219 8.917969 5.082031 8.972656 5.066406 9.039063 C 5.019531 9.242188 4.90625 9.6875 4.886719 9.777344 C 4.859375 9.894531 4.792969 9.921875 4.667969 9.863281 C 3.855469 9.484375 3.347656 8.296875 3.347656 7.34375 C 3.347656 5.292969 4.839844 3.410156 7.644531 3.410156 C 9.898438 3.410156 11.652344 5.015625 11.652344 7.164063 C 11.652344 9.402344 10.238281 11.207031 8.277344 11.207031 C 7.617188 11.207031 7 10.863281 6.789063 10.460938 C 6.789063 10.460938 6.460938 11.703125 6.382813 12.007813 C 6.234375 12.570313 5.839844 13.277344 5.574219 13.710938 C 6.183594 13.898438 6.828125 14 7.5 14 C 11.089844 14 14 11.089844 14 7.5 C 14 3.910156 11.089844 1 7.5 1 Z\"\/><\/svg><\/a><a href=\"https:\/\/www.instagram.com\/miahaircare\/\" target=\"_blank\" class=\"icon icon_instagram nasa-tip\" title=\"Folge uns auf Instagram\" rel=\"nofollow\"><svg viewBox=\"0 0 48 48\" width=\"18\" height=\"18\" fill=\"currentColor\"><path d=\"M 16.5 5 C 10.16639 5 5 10.16639 5 16.5 L 5 31.5 C 5 37.832757 10.166209 43 16.5 43 L 31.5 43 C 37.832938 43 43 37.832938 43 31.5 L 43 16.5 C 43 10.166209 37.832757 5 31.5 5 L 16.5 5 z M 16.5 8 L 31.5 8 C 36.211243 8 40 11.787791 40 16.5 L 40 31.5 C 40 36.211062 36.211062 40 31.5 40 L 16.5 40 C 11.787791 40 8 36.211243 8 31.5 L 8 16.5 C 8 11.78761 11.78761 8 16.5 8 z M 34 12 C 32.895 12 32 12.895 32 14 C 32 15.105 32.895 16 34 16 C 35.105 16 36 15.105 36 14 C 36 12.895 35.105 12 34 12 z M 24 14 C 18.495178 14 14 18.495178 14 24 C 14 29.504822 18.495178 34 24 34 C 29.504822 34 34 29.504822 34 24 C 34 18.495178 29.504822 14 24 14 z M 24 17 C 27.883178 17 31 20.116822 31 24 C 31 27.883178 27.883178 31 24 31 C 20.116822 31 17 27.883178 17 24 C 17 20.116822 20.116822 17 24 17 z\"\/><\/svg><\/a><a href=\"https:\/\/www.tiktok.com\/@mia_haircare\" target=\"_blank\" class=\"icon icon_tiktok nasa-tip\" title=\"Folge uns auf Tiktok\" rel=\"nofollow\"><svg viewBox=\"0 0 2859 3333\" width=\"14\" height=\"14\" fill=\"currentColor\"><path d=\"M2081 0c55 473 319 755 778 785v532c-266 26-499-61-770-225v995c0 1264-1378 1659-1932 753-356-583-138-1606 1004-1647v561c-87 14-180 36-265 65-254 86-398 247-358 531 77 544 1075 705 992-358V1h551z\"\/><\/svg><\/a><\/div><\/div>[\/vc_column_inner][\/vc_row_inner][\/vc_column][\/vc_row]<\/p>\n<\/div>","protected":false},"excerpt":{"rendered":"<p>[vc_row el_class=&#8220;margin-top-60&#8243;][vc_column][\/vc_column][\/vc_row][vc_row el_class=&#8220;margin-top-50 margin-bottom-60 mobile-margin-top-0&#8243;][vc_column width=&#8220;1\/2&#8243; el_class=&#8220;padding-right-40 padding-top-50 padding-side-mobile-0 mobile-margin-bottom-50 mobile-padding-top-10&#8243;][vc_row_inner][vc_column_inner el_class=&#8220;padding-right-60 padding-side-mobile-0&#8243;][vc_column_text]Bei Mia Haircare widmen wir uns der Schaffung eines neuen Standards in nat\u00fcrlichen, veganen und organischen K\u00f6rperpflegeprodukten, die stolz im Herzen Australiens hergestellt werden, und teilen diese Qualit\u00e4t mit der ganzen Welt. Unsere Reise begann im Jahr 2021 mit einer einfachen, aber kraftvollen [&hellip;]<\/p>\n","protected":false},"author":1,"featured_media":0,"parent":0,"menu_order":0,"comment_status":"closed","ping_status":"closed","template":"page-visual-composer.php","meta":{"footnotes":""},"class_list":["post-5069","page","type-page","status-publish","hentry"],"yoast_head":"<!-- This site is optimized with the Yoast SEO plugin v27.4 - https:\/\/yoast.com\/product\/yoast-seo-wordpress\/ -->\n<title>\u00dcber uns - Mia Haircare<\/title>\n<meta name=\"description\" content=\"Entfessele dein inneres Strahlen. Mia Haircare: Luxuri\u00f6se, pflanzlich betriebene Produkte f\u00fcr Blondinen, Silberhaare und mehr. Pflegen Sie Ihre Haare, st\u00e4rken Sie Ihre Sch\u00f6nheit und schlie\u00dfen Sie sich der nat\u00fcrlichen Revolution an.\" \/>\n<meta name=\"robots\" content=\"index, follow, max-snippet:-1, max-image-preview:large, max-video-preview:-1\" \/>\n<link rel=\"canonical\" href=\"https:\/\/www.miahaircare.com\/de\/ueber-uns\/\" \/>\n<meta property=\"og:locale\" content=\"de_DE\" \/>\n<meta property=\"og:type\" content=\"article\" \/>\n<meta property=\"og:title\" content=\"\u00dcber uns - Mia Haircare\" \/>\n<meta property=\"og:description\" content=\"Entfessele dein inneres Strahlen. Mia Haircare: Luxuri\u00f6se, pflanzlich betriebene Produkte f\u00fcr Blondinen, Silberhaare und mehr. Pflegen Sie Ihre Haare, st\u00e4rken Sie Ihre Sch\u00f6nheit und schlie\u00dfen Sie sich der nat\u00fcrlichen Revolution an.\" \/>\n<meta property=\"og:url\" content=\"https:\/\/www.miahaircare.com\/de\/ueber-uns\/\" \/>\n<meta property=\"og:site_name\" content=\"Mia Haircare\" \/>\n<meta property=\"article:publisher\" content=\"https:\/\/www.facebook.com\/MiaHaircare\" \/>\n<meta property=\"article:modified_time\" content=\"2024-01-11T08:52:03+00:00\" \/>\n<meta property=\"og:image\" content=\"https:\/\/www.miahaircare.com\/wp-content\/uploads\/2024\/10\/Mia-Haircare-Natural-Hair-Products-1.png\" \/>\n\t<meta property=\"og:image:width\" content=\"1200\" \/>\n\t<meta property=\"og:image:height\" content=\"675\" \/>\n\t<meta property=\"og:image:type\" content=\"image\/png\" \/>\n<meta name=\"twitter:card\" content=\"summary_large_image\" \/>\n<meta name=\"twitter:site\" content=\"@HaircareMia\" \/>\n<meta name=\"twitter:label1\" content=\"Gesch\u00e4tzte Lesezeit\" \/>\n\t<meta name=\"twitter:data1\" content=\"3\u00a0Minuten\" \/>\n<script type=\"application\/ld+json\" class=\"yoast-schema-graph\">{\"@context\":\"https:\\\/\\\/schema.org\",\"@graph\":[{\"@type\":\"WebPage\",\"@id\":\"https:\\\/\\\/www.miahaircare.com\\\/de\\\/ueber-uns\\\/\",\"url\":\"https:\\\/\\\/www.miahaircare.com\\\/de\\\/ueber-uns\\\/\",\"name\":\"\u00dcber uns - Mia Haircare\",\"isPartOf\":{\"@id\":\"https:\\\/\\\/www.miahaircare.com\\\/de\\\/#website\"},\"datePublished\":\"2019-10-21T07:42:41+00:00\",\"dateModified\":\"2024-01-11T08:52:03+00:00\",\"description\":\"Entfessele dein inneres Strahlen. Mia Haircare: Luxuri\u00f6se, pflanzlich betriebene Produkte f\u00fcr Blondinen, Silberhaare und mehr. Pflegen Sie Ihre Haare, st\u00e4rken Sie Ihre Sch\u00f6nheit und schlie\u00dfen Sie sich der nat\u00fcrlichen Revolution an.\",\"breadcrumb\":{\"@id\":\"https:\\\/\\\/www.miahaircare.com\\\/de\\\/ueber-uns\\\/#breadcrumb\"},\"inLanguage\":\"de\",\"potentialAction\":[{\"@type\":\"ReadAction\",\"target\":[\"https:\\\/\\\/www.miahaircare.com\\\/de\\\/ueber-uns\\\/\"]}]},{\"@type\":\"BreadcrumbList\",\"@id\":\"https:\\\/\\\/www.miahaircare.com\\\/de\\\/ueber-uns\\\/#breadcrumb\",\"itemListElement\":[{\"@type\":\"ListItem\",\"position\":1,\"name\":\"Home\",\"item\":\"https:\\\/\\\/www.miahaircare.com\\\/de\\\/\"},{\"@type\":\"ListItem\",\"position\":2,\"name\":\"\u00dcber uns\"}]},{\"@type\":\"WebSite\",\"@id\":\"https:\\\/\\\/www.miahaircare.com\\\/de\\\/#website\",\"url\":\"https:\\\/\\\/www.miahaircare.com\\\/de\\\/\",\"name\":\"Mia Haircare\",\"description\":\"Unleash your natural radiance. Discover confidence, power, with Mia\",\"publisher\":{\"@id\":\"https:\\\/\\\/www.miahaircare.com\\\/de\\\/#organization\"},\"potentialAction\":[{\"@type\":\"SearchAction\",\"target\":{\"@type\":\"EntryPoint\",\"urlTemplate\":\"https:\\\/\\\/www.miahaircare.com\\\/de\\\/?s={search_term_string}\"},\"query-input\":{\"@type\":\"PropertyValueSpecification\",\"valueRequired\":true,\"valueName\":\"search_term_string\"}}],\"inLanguage\":\"de\"},{\"@type\":\"Organization\",\"@id\":\"https:\\\/\\\/www.miahaircare.com\\\/de\\\/#organization\",\"name\":\"Mia Natural Body Care Products\",\"url\":\"https:\\\/\\\/www.miahaircare.com\\\/de\\\/\",\"logo\":{\"@type\":\"ImageObject\",\"inLanguage\":\"de\",\"@id\":\"https:\\\/\\\/www.miahaircare.com\\\/de\\\/#\\\/schema\\\/logo\\\/image\\\/\",\"url\":\"https:\\\/\\\/miahaircare.com\\\/wp-content\\\/uploads\\\/2023\\\/09\\\/mia-haircare-natural-australian-body-care-products-i.png\",\"contentUrl\":\"https:\\\/\\\/miahaircare.com\\\/wp-content\\\/uploads\\\/2023\\\/09\\\/mia-haircare-natural-australian-body-care-products-i.png\",\"width\":500,\"height\":500,\"caption\":\"Mia Natural Body Care Products\"},\"image\":{\"@id\":\"https:\\\/\\\/www.miahaircare.com\\\/de\\\/#\\\/schema\\\/logo\\\/image\\\/\"},\"sameAs\":[\"https:\\\/\\\/www.facebook.com\\\/MiaHaircare\",\"https:\\\/\\\/x.com\\\/HaircareMia\",\"https:\\\/\\\/www.instagram.com\\\/miahaircare\"]}]}<\/script>\n<!-- \/ Yoast SEO plugin. -->","yoast_head_json":{"title":"\u00dcber uns - Mia Haircare","description":"Entfessele dein inneres Strahlen. Mia Haircare: Luxuri\u00f6se, pflanzlich betriebene Produkte f\u00fcr Blondinen, Silberhaare und mehr. Pflegen Sie Ihre Haare, st\u00e4rken Sie Ihre Sch\u00f6nheit und schlie\u00dfen Sie sich der nat\u00fcrlichen Revolution an.","robots":{"index":"index","follow":"follow","max-snippet":"max-snippet:-1","max-image-preview":"max-image-preview:large","max-video-preview":"max-video-preview:-1"},"canonical":"https:\/\/www.miahaircare.com\/de\/ueber-uns\/","og_locale":"de_DE","og_type":"article","og_title":"\u00dcber uns - Mia Haircare","og_description":"Entfessele dein inneres Strahlen. Mia Haircare: Luxuri\u00f6se, pflanzlich betriebene Produkte f\u00fcr Blondinen, Silberhaare und mehr. Pflegen Sie Ihre Haare, st\u00e4rken Sie Ihre Sch\u00f6nheit und schlie\u00dfen Sie sich der nat\u00fcrlichen Revolution an.","og_url":"https:\/\/www.miahaircare.com\/de\/ueber-uns\/","og_site_name":"Mia Haircare","article_publisher":"https:\/\/www.facebook.com\/MiaHaircare","article_modified_time":"2024-01-11T08:52:03+00:00","og_image":[{"width":1200,"height":675,"url":"https:\/\/www.miahaircare.com\/wp-content\/uploads\/2024\/10\/Mia-Haircare-Natural-Hair-Products-1.png","type":"image\/png"}],"twitter_card":"summary_large_image","twitter_site":"@HaircareMia","twitter_misc":{"Gesch\u00e4tzte Lesezeit":"3\u00a0Minuten"},"schema":{"@context":"https:\/\/schema.org","@graph":[{"@type":"WebPage","@id":"https:\/\/www.miahaircare.com\/de\/ueber-uns\/","url":"https:\/\/www.miahaircare.com\/de\/ueber-uns\/","name":"\u00dcber uns - Mia Haircare","isPartOf":{"@id":"https:\/\/www.miahaircare.com\/de\/#website"},"datePublished":"2019-10-21T07:42:41+00:00","dateModified":"2024-01-11T08:52:03+00:00","description":"Entfessele dein inneres Strahlen. Mia Haircare: Luxuri\u00f6se, pflanzlich betriebene Produkte f\u00fcr Blondinen, Silberhaare und mehr. Pflegen Sie Ihre Haare, st\u00e4rken Sie Ihre Sch\u00f6nheit und schlie\u00dfen Sie sich der nat\u00fcrlichen Revolution an.","breadcrumb":{"@id":"https:\/\/www.miahaircare.com\/de\/ueber-uns\/#breadcrumb"},"inLanguage":"de","potentialAction":[{"@type":"ReadAction","target":["https:\/\/www.miahaircare.com\/de\/ueber-uns\/"]}]},{"@type":"BreadcrumbList","@id":"https:\/\/www.miahaircare.com\/de\/ueber-uns\/#breadcrumb","itemListElement":[{"@type":"ListItem","position":1,"name":"Home","item":"https:\/\/www.miahaircare.com\/de\/"},{"@type":"ListItem","position":2,"name":"\u00dcber uns"}]},{"@type":"WebSite","@id":"https:\/\/www.miahaircare.com\/de\/#website","url":"https:\/\/www.miahaircare.com\/de\/","name":"Mia Haircare","description":"Unleash your natural radiance. Discover confidence, power, with Mia","publisher":{"@id":"https:\/\/www.miahaircare.com\/de\/#organization"},"potentialAction":[{"@type":"SearchAction","target":{"@type":"EntryPoint","urlTemplate":"https:\/\/www.miahaircare.com\/de\/?s={search_term_string}"},"query-input":{"@type":"PropertyValueSpecification","valueRequired":true,"valueName":"search_term_string"}}],"inLanguage":"de"},{"@type":"Organization","@id":"https:\/\/www.miahaircare.com\/de\/#organization","name":"Mia Natural Body Care Products","url":"https:\/\/www.miahaircare.com\/de\/","logo":{"@type":"ImageObject","inLanguage":"de","@id":"https:\/\/www.miahaircare.com\/de\/#\/schema\/logo\/image\/","url":"https:\/\/miahaircare.com\/wp-content\/uploads\/2023\/09\/mia-haircare-natural-australian-body-care-products-i.png","contentUrl":"https:\/\/miahaircare.com\/wp-content\/uploads\/2023\/09\/mia-haircare-natural-australian-body-care-products-i.png","width":500,"height":500,"caption":"Mia Natural Body Care Products"},"image":{"@id":"https:\/\/www.miahaircare.com\/de\/#\/schema\/logo\/image\/"},"sameAs":["https:\/\/www.facebook.com\/MiaHaircare","https:\/\/x.com\/HaircareMia","https:\/\/www.instagram.com\/miahaircare"]}]}},"_links":{"self":[{"href":"https:\/\/www.miahaircare.com\/de\/wp-json\/wp\/v2\/pages\/5069","targetHints":{"allow":["GET"]}}],"collection":[{"href":"https:\/\/www.miahaircare.com\/de\/wp-json\/wp\/v2\/pages"}],"about":[{"href":"https:\/\/www.miahaircare.com\/de\/wp-json\/wp\/v2\/types\/page"}],"author":[{"embeddable":true,"href":"https:\/\/www.miahaircare.com\/de\/wp-json\/wp\/v2\/users\/1"}],"replies":[{"embeddable":true,"href":"https:\/\/www.miahaircare.com\/de\/wp-json\/wp\/v2\/comments?post=5069"}],"version-history":[{"count":4,"href":"https:\/\/www.miahaircare.com\/de\/wp-json\/wp\/v2\/pages\/5069\/revisions"}],"predecessor-version":[{"id":6062,"href":"https:\/\/www.miahaircare.com\/de\/wp-json\/wp\/v2\/pages\/5069\/revisions\/6062"}],"wp:attachment":[{"href":"https:\/\/www.miahaircare.com\/de\/wp-json\/wp\/v2\/media?parent=5069"}],"curies":[{"name":"wp","href":"https:\/\/api.w.org\/{rel}","templated":true}]}}