{"id":5031,"date":"2023-09-19T03:43:00","date_gmt":"2023-09-19T03:43:00","guid":{"rendered":"https:\/\/miahaircare.com\/datenschutzrichtlinie\/"},"modified":"2024-01-02T10:42:36","modified_gmt":"2024-01-02T10:42:36","slug":"datenschutzrichtlinie","status":"publish","type":"page","link":"https:\/\/www.miahaircare.com\/de\/datenschutzrichtlinie\/","title":{"rendered":"Datenschutzrichtlinie"},"content":{"rendered":"<div class=\"wpb-content-wrapper\"><p>[vc_row][vc_column][vc_column_text]<\/p>\n<div class=\"markdown markdown-main-panel\" dir=\"ltr\">\n<h2 style=\"text-align: center;\" data-sourcepos=\"1:1-1:30\"><strong>Datenschutzrichtlinie von Mia Haircare<\/strong><\/h2>\n<p>&nbsp;<\/p>\n<h4 data-sourcepos=\"5:1-5:28\"><strong>Willkommen bei Mia Haircare!<\/strong><\/h4>\n<p data-sourcepos=\"7:1-7:292\"><strong>Wir legen Wert auf Ihre Privatsph\u00e4re und m\u00f6chten, dass Sie sich beim Nutzen unserer Website (<a class=\"traceable-link\" href=\"https:\/\/miahaircare.com\/de\/\" target=\"_blank\" rel=\"noopener noreferrer\">https:\/\/miahaircare.com<\/a>) und Dienste sicher f\u00fchlen. Diese Datenschutzrichtlinie erkl\u00e4rt, wie wir Ihre Informationen sammeln, nutzen, speichern und sch\u00fctzen.<\/strong><\/p>\n<h4 data-sourcepos=\"9:1-9:22\"><strong>1. Daten, die wir sammeln<\/strong><\/h4>\n<ul data-sourcepos=\"11:1-15:0\">\n<li data-sourcepos=\"11:1-11:193\"><strong>Pers\u00f6nliche Informationen: Name, E-Mail-Adresse, physische Adresse, Telefonnummer, Zahlungsmethode (ohne Kreditkartennummer, bearbeitet von Stripe) und andere Angaben, die Sie machen (Umfragen, Kundensupport).<\/strong><\/li>\n<li data-sourcepos=\"12:1-12:89\"><strong>Ger\u00e4teinformationen: IP-Adresse, Betriebssystem, Browsertyp, Ger\u00e4tekennungen.<\/strong><\/li>\n<li data-sourcepos=\"13:1-13:79\"><strong>Nutzungsdaten: Browserverlauf, Suchanfragen und Produktauswahl.<\/strong><\/li>\n<li data-sourcepos=\"14:1-15:0\"><strong>Marketinginformationen: Pr\u00e4ferenzen f\u00fcr den Empfang unserer Mitteilungen.<\/strong><\/li>\n<\/ul>\n<p data-sourcepos=\"16:1-16:36\"><strong>Wir sammeln diese Informationen durch:<\/strong><\/p>\n<ul data-sourcepos=\"18:1-23:0\">\n<li data-sourcepos=\"18:1-18:18\"><strong>Kontoerstellung<\/strong><\/li>\n<li data-sourcepos=\"19:1-19:48\"><strong>Checkout-Formulare (ohne Kreditkartennummern)<\/strong><\/li>\n<li data-sourcepos=\"20:1-20:41\"><strong>Cookies und andere Tracking-Technologien<\/strong><\/li>\n<li data-sourcepos=\"21:1-21:22\"><strong>E-Mail-Kommunikation<\/strong><\/li>\n<li data-sourcepos=\"22:1-23:0\"><strong>Kundenbefragungen<\/strong><\/li>\n<\/ul>\n<h4 data-sourcepos=\"24:1-24:27\"><strong>2. Wie wir Ihre Daten verwenden<\/strong><\/h4>\n<p data-sourcepos=\"26:1-26:27\"><strong>Wir verwenden Ihre Informationen, um:<\/strong><\/p>\n<ul data-sourcepos=\"28:1-33:0\">\n<li data-sourcepos=\"28:1-28:52\"><strong>Bestellungen bearbeiten und ausf\u00fchren (Versand und Lieferung)<\/strong><\/li>\n<li data-sourcepos=\"29:1-29:69\"><strong>Ihr Konto erstellen und verwalten (Verifizierung, Zugang zur Bestellhistorie)<\/strong><\/li>\n<li data-sourcepos=\"30:1-30:55\"><strong>Ihre Erfahrung personalisieren (Produktempfehlungen)<\/strong><\/li>\n<li data-sourcepos=\"31:1-31:62\"><strong>Website-Traffic und Nutzerverhalten analysieren (Dienste verbessern)<\/strong><\/li>\n<li data-sourcepos=\"32:1-33:0\"><strong>Marketing-Kommunikationen senden (mit Ihrer Zustimmung)<\/strong><\/li>\n<\/ul>\n<h4 data-sourcepos=\"34:1-34:31\"><strong>3. Weitergabe Ihrer Informationen<\/strong><\/h4>\n<p data-sourcepos=\"36:1-36:35\"><strong>Wir k\u00f6nnen Ihre Informationen mit folgenden Partnern teilen:<\/strong><\/p>\n<ul data-sourcepos=\"38:1-42:0\">\n<li data-sourcepos=\"38:1-38:44\"><strong>Versanddienstleister: F\u00fcr die Lieferung von Bestellungen.<\/strong><\/li>\n<li data-sourcepos=\"39:1-39:94\"><strong>Zahlungsabwickler: Zur Abwicklung von Zahlungen (Kreditkartendaten werden von Stripe verarbeitet).<\/strong><\/li>\n<li data-sourcepos=\"40:1-40:81\"><strong>Marketing-Partner: Zur Bereitstellung relevanter Kommunikationen (mit Ihrer Zustimmung).<\/strong><\/li>\n<li data-sourcepos=\"41:1-42:0\"><strong>Analyse-Anbieter: Zur Analyse des Website-Traffics und des Nutzerverhaltens.<\/strong><\/li>\n<\/ul>\n<p data-sourcepos=\"43:1-43:86\"><strong>Wir teilen Informationen nur mit vertrauensw\u00fcrdigen Partnern, die unsere Datenschutzstandards einhalten.<\/strong><\/p>\n<h4 data-sourcepos=\"45:1-45:24\"><strong>4. Sicherheitsma\u00dfnahmen<\/strong><\/h4>\n<p data-sourcepos=\"47:1-47:37\"><strong>Wir nehmen den Schutz Ihrer Daten ernst.<\/strong><\/p>\n<ul data-sourcepos=\"49:1-54:0\">\n<li data-sourcepos=\"49:1-49:89\"><strong>Verschl\u00fcsselung: Wir sch\u00fctzen Ihre pers\u00f6nlichen Informationen mit einer branchen\u00fcblichen Verschl\u00fcsselung.<\/strong><\/li>\n<li data-sourcepos=\"50:1-50:117\"><strong>Sichere Server: Wir speichern Ihre Informationen auf sicheren Servern, die durch Firewalls und andere Sicherheitsma\u00dfnahmen gesch\u00fctzt sind.<\/strong><\/li>\n<li data-sourcepos=\"51:1-51:99\"><strong>Zugriffskontrollen: Wir beschr\u00e4nken den Zugriff auf Ihre Informationen auf autorisierte Mitarbeiter.<\/strong><\/li>\n<li data-sourcepos=\"52:1-52:93\"><strong>Regelm\u00e4\u00dfige Tests: Wir \u00fcberpr\u00fcfen regelm\u00e4\u00dfig unsere Sicherheitsma\u00dfnahmen, um deren Effektivit\u00e4t sicherzustellen.<\/strong><\/li>\n<li data-sourcepos=\"53:1-54:0\"><strong>Schulung der Mitarbeiter: Wir schulen unsere Mitarbeiter zur Bedeutung des Schutzes Ihrer Privatsph\u00e4re.<\/strong><\/li>\n<\/ul>\n<h4 data-sourcepos=\"55:1-55:27\"><strong>5. Cookies und Tracking<\/strong><\/h4>\n<p data-sourcepos=\"57:1-57:103\"><strong>Wir verwenden Cookies und andere Tracking-Technologien, um unsere Dienste zu verbessern und Ihr Erlebnis zu personalisieren.<\/strong><\/p>\n<h4 data-sourcepos=\"59:1-59:21\"><strong>Arten von Cookies:<\/strong><\/h4>\n<ul data-sourcepos=\"61:1-66:0\">\n<li data-sourcepos=\"61:1-61:106\"><strong>Session-Cookies: Werden gel\u00f6scht, wenn Sie unsere Website verlassen (verfolgen des Bestellvorgangs, Speichern von Pr\u00e4ferenzen).<\/strong><\/li>\n<li data-sourcepos=\"62:1-62:101\"><strong>Dauerhafte Cookies: Verbleiben auf Ihrem Ger\u00e4t (merken sich Ihre Daten, bieten personalisierte Empfehlungen).<\/strong><\/li>\n<li data-sourcepos=\"63:1-63:107\"><strong>Leistungscookies: Sammeln Informationen dar\u00fcber, wie Sie unsere Website nutzen (Verbesserung der Website-Leistung).<\/strong><\/li>\n<li data-sourcepos=\"64:1-64:91\"><strong>Funktionscookies: Behalten Ihre Einstellungen im Ged\u00e4chtnis (Sprachauswahl, verbessern Funktionen).<\/strong><\/li>\n<li data-sourcepos=\"65:1-66:0\"><strong>Marketing-Cookies: Liefern relevante Werbung basierend auf Ihren Interessen.<\/strong><\/li>\n<\/ul>\n<p data-sourcepos=\"67:1-67:106\"><strong>Sie k\u00f6nnen Cookies \u00fcber Ihre Browsereinstellungen steuern. Das Deaktivieren von Cookies kann einige Website-Funktionen beeintr\u00e4chtigen.<\/strong><\/p>\n<h4 data-sourcepos=\"69:1-69:18\"><strong>6. Ihre Rechte<\/strong><\/h4>\n<p data-sourcepos=\"71:1-71:22\"><strong>Sie haben das Recht auf:<\/strong><\/p>\n<ul data-sourcepos=\"73:1-77:0\">\n<li data-sourcepos=\"73:1-73:61\"><strong>Zugang: Sehen Sie die pers\u00f6nlichen Informationen, die wir \u00fcber Sie haben.<\/strong><\/li>\n<li data-sourcepos=\"74:1-74:71\"><strong>Korrektur: Korrigieren Sie alle ungenauen Informationen, die wir \u00fcber Sie haben.<\/strong><\/li>\n<li data-sourcepos=\"75:1-75:89\"><strong>L\u00f6schung: Unter bestimmten Umst\u00e4nden die L\u00f6schung Ihrer pers\u00f6nlichen Informationen anfordern.<\/strong><\/li>\n<li data-sourcepos=\"76:1-77:0\"><strong>Einschr\u00e4nkung der Verarbeitung: Unter bestimmten Umst\u00e4nden beantragen, dass wir die Verarbeitung Ihrer Informationen einschr\u00e4nken.<\/strong><\/li>\n<\/ul>\n<p data-sourcepos=\"78:1-78:112\"><strong>Um diese Rechte geltend zu machen, kontaktieren Sie uns bitte unter <a href=\"mailto:help@miahaircare.com\">help@miahaircare.com<\/a>. Wir werden innerhalb eines angemessenen Zeitrahmens antworten.<\/strong><\/p>\n<h4 data-sourcepos=\"80:1-80:24\"><strong>7. Links zu Drittanbietern<\/strong><\/h4>\n<p data-sourcepos=\"82:1-82:246\"><strong>Unsere Website verlinkt nur zu unseren offiziellen Profilen in sozialen Medien. Wir w\u00e4hlen diese Links sorgf\u00e4ltig aus, um relevante und vertrauensw\u00fcrdige Informationen sicherzustellen. Diese Plattformen haben ihre eigenen Datenschutzrichtlinien, die Sie vor dem Klicken auf ihre Links \u00fcberpr\u00fcfen sollten.<\/strong><\/p>\n<h4 data-sourcepos=\"84:1-84:23\"><strong>8. Gesetzliche Einhaltung<\/strong><\/h4>\n<p data-sourcepos=\"86:1-86:341\"><strong>Wir verpflichten uns, Ihre Privatsph\u00e4re zu sch\u00fctzen und alle anwendbaren Datenschutzbestimmungen (GDPR, CCPA, PCI, usw.) zu beachten. Wir ergreifen notwendige Ma\u00dfnahmen, um sicherzustellen, dass Ihre Daten sicher behandelt werden und Ihre Rechte respektiert werden. \u00fcr weitere Informationen \u00fcber Ihre Datenschutzrechte oder um diese auszu\u00fcben, kontaktieren Sie uns bitte unter <a href=\"mailto:help@miahaircare.com\">help@miahaircare.com<\/a>.<\/strong><\/p>\n<h4 data-sourcepos=\"88:1-88:21\"><strong>9. Aktualisierungen der Richtlinie<\/strong><\/h4>\n<p data-sourcepos=\"90:1-90:266\"><strong>Wir k\u00f6nnen diese Datenschutzrichtlinie von Zeit zu Zeit aktualisieren, um \u00c4nderungen in unseren Praktiken, rechtlichen Anforderungen oder verf\u00fcgbaren Technologien widerzuspiegeln. Wir ermutigen Sie, diese Seite regelm\u00e4\u00dfig auf Updates zu \u00fcberpr\u00fcfen. Wir k\u00f6nnen Sie auch \u00fcber \u00c4nderungen auf verschiedene Arten informieren, wie zum Beispiel:<\/strong><\/p>\n<ul data-sourcepos=\"92:1-96:0\">\n<li data-sourcepos=\"92:1-92:45\"><strong>\u00dcberpr\u00fcfen Sie das \u00c4nderungsprotokoll unterhalb dieses Abschnitts.<\/strong><\/li>\n<li data-sourcepos=\"93:1-93:38\"><strong>Eine Erkl\u00e4rung auf unserer Homepage oder in unserem Blog.<\/strong><\/li>\n<li data-sourcepos=\"94:1-94:45\"><strong>Eine E-Mail-Benachrichtigung wird direkt an Sie gesendet.<\/strong><\/li>\n<li data-sourcepos=\"95:1-96:0\"><strong>Eine Benachrichtigung, die \u00fcber Ihr Kontodashboard angezeigt wird.<\/strong><\/li>\n<\/ul>\n<p data-sourcepos=\"97:1-97:107\"><strong>Ihre fortgesetzte Nutzung unserer Dienste nach etwaigen \u00c4nderungen bedeutet Ihre Akzeptanz der aktualisierten Richtlinie.<\/strong><\/p>\n<p data-sourcepos=\"99:1-99:147\"><strong>Vielen Dank, dass Sie sich f\u00fcr Mia Haircare entschieden haben! Wir sind entschlossen, Ihre Privatsph\u00e4re zu sch\u00fctzen und Ihnen ein sicheres und angenehmes Online-Erlebnis zu bieten.<\/strong><\/p>\n<p data-sourcepos=\"99:1-99:147\"><strong>Zuletzt aktualisiert am: 10.03.2021<\/strong><\/p>\n<p data-sourcepos=\"99:1-99:147\">\n<\/div>\n<p>[\/vc_column_text][\/vc_column][\/vc_row]<\/p>\n<\/div>","protected":false},"excerpt":{"rendered":"<p>[vc_row][vc_column][vc_column_text] Datenschutzrichtlinie von Mia Haircare &nbsp; Willkommen bei Mia Haircare! Wir legen Wert auf Ihre Privatsph\u00e4re und m\u00f6chten, dass Sie sich beim Nutzen unserer Website (https:\/\/miahaircare.com) und Dienste sicher f\u00fchlen. Diese Datenschutzrichtlinie erkl\u00e4rt, wie wir Ihre Informationen sammeln, nutzen, speichern und sch\u00fctzen. 1. Daten, die wir sammeln Pers\u00f6nliche Informationen: Name, E-Mail-Adresse, physische Adresse, Telefonnummer, Zahlungsmethode [&hellip;]<\/p>\n","protected":false},"author":1,"featured_media":0,"parent":0,"menu_order":0,"comment_status":"closed","ping_status":"open","template":"","meta":{"footnotes":""},"class_list":["post-5031","page","type-page","status-publish","hentry"],"yoast_head":"<!-- This site is optimized with the Yoast SEO plugin v27.4 - https:\/\/yoast.com\/product\/yoast-seo-wordpress\/ -->\n<title>Datenschutzrichtlinie - Mia Haircare<\/title>\n<meta name=\"robots\" content=\"index, follow, max-snippet:-1, max-image-preview:large, max-video-preview:-1\" \/>\n<link rel=\"canonical\" href=\"https:\/\/www.miahaircare.com\/de\/datenschutzrichtlinie\/\" \/>\n<meta property=\"og:locale\" content=\"de_DE\" \/>\n<meta property=\"og:type\" content=\"article\" \/>\n<meta property=\"og:title\" content=\"Datenschutzrichtlinie - Mia Haircare\" \/>\n<meta property=\"og:description\" content=\"[vc_row][vc_column][vc_column_text] Datenschutzrichtlinie von Mia Haircare &nbsp; Willkommen bei Mia Haircare! Wir legen Wert auf Ihre Privatsph\u00e4re und m\u00f6chten, dass Sie sich beim Nutzen unserer Website (https:\/\/miahaircare.com) und Dienste sicher f\u00fchlen. Diese Datenschutzrichtlinie erkl\u00e4rt, wie wir Ihre Informationen sammeln, nutzen, speichern und sch\u00fctzen. 1. Daten, die wir sammeln Pers\u00f6nliche Informationen: Name, E-Mail-Adresse, physische Adresse, Telefonnummer, Zahlungsmethode [&hellip;]\" \/>\n<meta property=\"og:url\" content=\"https:\/\/www.miahaircare.com\/de\/datenschutzrichtlinie\/\" \/>\n<meta property=\"og:site_name\" content=\"Mia Haircare\" \/>\n<meta property=\"article:publisher\" content=\"https:\/\/www.facebook.com\/MiaHaircare\" \/>\n<meta property=\"article:modified_time\" content=\"2024-01-02T10:42:36+00:00\" \/>\n<meta property=\"og:image\" content=\"https:\/\/www.miahaircare.com\/wp-content\/uploads\/2024\/10\/Mia-Haircare-Natural-Hair-Products-1.png\" \/>\n\t<meta property=\"og:image:width\" content=\"1200\" \/>\n\t<meta property=\"og:image:height\" content=\"675\" \/>\n\t<meta property=\"og:image:type\" content=\"image\/png\" \/>\n<meta name=\"twitter:card\" content=\"summary_large_image\" \/>\n<meta name=\"twitter:site\" content=\"@HaircareMia\" \/>\n<meta name=\"twitter:label1\" content=\"Gesch\u00e4tzte Lesezeit\" \/>\n\t<meta name=\"twitter:data1\" content=\"4\u00a0Minuten\" \/>\n<script type=\"application\/ld+json\" class=\"yoast-schema-graph\">{\"@context\":\"https:\\\/\\\/schema.org\",\"@graph\":[{\"@type\":\"WebPage\",\"@id\":\"https:\\\/\\\/www.miahaircare.com\\\/de\\\/datenschutzrichtlinie\\\/\",\"url\":\"https:\\\/\\\/www.miahaircare.com\\\/de\\\/datenschutzrichtlinie\\\/\",\"name\":\"Datenschutzrichtlinie - Mia Haircare\",\"isPartOf\":{\"@id\":\"https:\\\/\\\/www.miahaircare.com\\\/de\\\/#website\"},\"datePublished\":\"2023-09-19T03:43:00+00:00\",\"dateModified\":\"2024-01-02T10:42:36+00:00\",\"breadcrumb\":{\"@id\":\"https:\\\/\\\/www.miahaircare.com\\\/de\\\/datenschutzrichtlinie\\\/#breadcrumb\"},\"inLanguage\":\"de\",\"potentialAction\":[{\"@type\":\"ReadAction\",\"target\":[\"https:\\\/\\\/www.miahaircare.com\\\/de\\\/datenschutzrichtlinie\\\/\"]}]},{\"@type\":\"BreadcrumbList\",\"@id\":\"https:\\\/\\\/www.miahaircare.com\\\/de\\\/datenschutzrichtlinie\\\/#breadcrumb\",\"itemListElement\":[{\"@type\":\"ListItem\",\"position\":1,\"name\":\"Home\",\"item\":\"https:\\\/\\\/www.miahaircare.com\\\/de\\\/\"},{\"@type\":\"ListItem\",\"position\":2,\"name\":\"Datenschutzrichtlinie\"}]},{\"@type\":\"WebSite\",\"@id\":\"https:\\\/\\\/www.miahaircare.com\\\/de\\\/#website\",\"url\":\"https:\\\/\\\/www.miahaircare.com\\\/de\\\/\",\"name\":\"Mia Haircare\",\"description\":\"Unleash your natural radiance. Discover confidence, power, with Mia\",\"publisher\":{\"@id\":\"https:\\\/\\\/www.miahaircare.com\\\/de\\\/#organization\"},\"potentialAction\":[{\"@type\":\"SearchAction\",\"target\":{\"@type\":\"EntryPoint\",\"urlTemplate\":\"https:\\\/\\\/www.miahaircare.com\\\/de\\\/?s={search_term_string}\"},\"query-input\":{\"@type\":\"PropertyValueSpecification\",\"valueRequired\":true,\"valueName\":\"search_term_string\"}}],\"inLanguage\":\"de\"},{\"@type\":\"Organization\",\"@id\":\"https:\\\/\\\/www.miahaircare.com\\\/de\\\/#organization\",\"name\":\"Mia Natural Body Care Products\",\"url\":\"https:\\\/\\\/www.miahaircare.com\\\/de\\\/\",\"logo\":{\"@type\":\"ImageObject\",\"inLanguage\":\"de\",\"@id\":\"https:\\\/\\\/www.miahaircare.com\\\/de\\\/#\\\/schema\\\/logo\\\/image\\\/\",\"url\":\"https:\\\/\\\/miahaircare.com\\\/wp-content\\\/uploads\\\/2023\\\/09\\\/mia-haircare-natural-australian-body-care-products-i.png\",\"contentUrl\":\"https:\\\/\\\/miahaircare.com\\\/wp-content\\\/uploads\\\/2023\\\/09\\\/mia-haircare-natural-australian-body-care-products-i.png\",\"width\":500,\"height\":500,\"caption\":\"Mia Natural Body Care Products\"},\"image\":{\"@id\":\"https:\\\/\\\/www.miahaircare.com\\\/de\\\/#\\\/schema\\\/logo\\\/image\\\/\"},\"sameAs\":[\"https:\\\/\\\/www.facebook.com\\\/MiaHaircare\",\"https:\\\/\\\/x.com\\\/HaircareMia\",\"https:\\\/\\\/www.instagram.com\\\/miahaircare\"]}]}<\/script>\n<!-- \/ Yoast SEO plugin. -->","yoast_head_json":{"title":"Datenschutzrichtlinie - Mia Haircare","robots":{"index":"index","follow":"follow","max-snippet":"max-snippet:-1","max-image-preview":"max-image-preview:large","max-video-preview":"max-video-preview:-1"},"canonical":"https:\/\/www.miahaircare.com\/de\/datenschutzrichtlinie\/","og_locale":"de_DE","og_type":"article","og_title":"Datenschutzrichtlinie - Mia Haircare","og_description":"[vc_row][vc_column][vc_column_text] Datenschutzrichtlinie von Mia Haircare &nbsp; Willkommen bei Mia Haircare! Wir legen Wert auf Ihre Privatsph\u00e4re und m\u00f6chten, dass Sie sich beim Nutzen unserer Website (https:\/\/miahaircare.com) und Dienste sicher f\u00fchlen. Diese Datenschutzrichtlinie erkl\u00e4rt, wie wir Ihre Informationen sammeln, nutzen, speichern und sch\u00fctzen. 1. Daten, die wir sammeln Pers\u00f6nliche Informationen: Name, E-Mail-Adresse, physische Adresse, Telefonnummer, Zahlungsmethode [&hellip;]","og_url":"https:\/\/www.miahaircare.com\/de\/datenschutzrichtlinie\/","og_site_name":"Mia Haircare","article_publisher":"https:\/\/www.facebook.com\/MiaHaircare","article_modified_time":"2024-01-02T10:42:36+00:00","og_image":[{"width":1200,"height":675,"url":"https:\/\/www.miahaircare.com\/wp-content\/uploads\/2024\/10\/Mia-Haircare-Natural-Hair-Products-1.png","type":"image\/png"}],"twitter_card":"summary_large_image","twitter_site":"@HaircareMia","twitter_misc":{"Gesch\u00e4tzte Lesezeit":"4\u00a0Minuten"},"schema":{"@context":"https:\/\/schema.org","@graph":[{"@type":"WebPage","@id":"https:\/\/www.miahaircare.com\/de\/datenschutzrichtlinie\/","url":"https:\/\/www.miahaircare.com\/de\/datenschutzrichtlinie\/","name":"Datenschutzrichtlinie - Mia Haircare","isPartOf":{"@id":"https:\/\/www.miahaircare.com\/de\/#website"},"datePublished":"2023-09-19T03:43:00+00:00","dateModified":"2024-01-02T10:42:36+00:00","breadcrumb":{"@id":"https:\/\/www.miahaircare.com\/de\/datenschutzrichtlinie\/#breadcrumb"},"inLanguage":"de","potentialAction":[{"@type":"ReadAction","target":["https:\/\/www.miahaircare.com\/de\/datenschutzrichtlinie\/"]}]},{"@type":"BreadcrumbList","@id":"https:\/\/www.miahaircare.com\/de\/datenschutzrichtlinie\/#breadcrumb","itemListElement":[{"@type":"ListItem","position":1,"name":"Home","item":"https:\/\/www.miahaircare.com\/de\/"},{"@type":"ListItem","position":2,"name":"Datenschutzrichtlinie"}]},{"@type":"WebSite","@id":"https:\/\/www.miahaircare.com\/de\/#website","url":"https:\/\/www.miahaircare.com\/de\/","name":"Mia Haircare","description":"Unleash your natural radiance. Discover confidence, power, with Mia","publisher":{"@id":"https:\/\/www.miahaircare.com\/de\/#organization"},"potentialAction":[{"@type":"SearchAction","target":{"@type":"EntryPoint","urlTemplate":"https:\/\/www.miahaircare.com\/de\/?s={search_term_string}"},"query-input":{"@type":"PropertyValueSpecification","valueRequired":true,"valueName":"search_term_string"}}],"inLanguage":"de"},{"@type":"Organization","@id":"https:\/\/www.miahaircare.com\/de\/#organization","name":"Mia Natural Body Care Products","url":"https:\/\/www.miahaircare.com\/de\/","logo":{"@type":"ImageObject","inLanguage":"de","@id":"https:\/\/www.miahaircare.com\/de\/#\/schema\/logo\/image\/","url":"https:\/\/miahaircare.com\/wp-content\/uploads\/2023\/09\/mia-haircare-natural-australian-body-care-products-i.png","contentUrl":"https:\/\/miahaircare.com\/wp-content\/uploads\/2023\/09\/mia-haircare-natural-australian-body-care-products-i.png","width":500,"height":500,"caption":"Mia Natural Body Care Products"},"image":{"@id":"https:\/\/www.miahaircare.com\/de\/#\/schema\/logo\/image\/"},"sameAs":["https:\/\/www.facebook.com\/MiaHaircare","https:\/\/x.com\/HaircareMia","https:\/\/www.instagram.com\/miahaircare"]}]}},"_links":{"self":[{"href":"https:\/\/www.miahaircare.com\/de\/wp-json\/wp\/v2\/pages\/5031","targetHints":{"allow":["GET"]}}],"collection":[{"href":"https:\/\/www.miahaircare.com\/de\/wp-json\/wp\/v2\/pages"}],"about":[{"href":"https:\/\/www.miahaircare.com\/de\/wp-json\/wp\/v2\/types\/page"}],"author":[{"embeddable":true,"href":"https:\/\/www.miahaircare.com\/de\/wp-json\/wp\/v2\/users\/1"}],"replies":[{"embeddable":true,"href":"https:\/\/www.miahaircare.com\/de\/wp-json\/wp\/v2\/comments?post=5031"}],"version-history":[{"count":2,"href":"https:\/\/www.miahaircare.com\/de\/wp-json\/wp\/v2\/pages\/5031\/revisions"}],"predecessor-version":[{"id":5033,"href":"https:\/\/www.miahaircare.com\/de\/wp-json\/wp\/v2\/pages\/5031\/revisions\/5033"}],"wp:attachment":[{"href":"https:\/\/www.miahaircare.com\/de\/wp-json\/wp\/v2\/media?parent=5031"}],"curies":[{"name":"wp","href":"https:\/\/api.w.org\/{rel}","templated":true}]}}